 {"id":154480,"date":"2023-10-13T19:08:16","date_gmt":"2023-10-13T19:08:16","guid":{"rendered":"https:\/\/visittartu.com\/raksti-un-zinas\/"},"modified":"2025-01-10T09:41:13","modified_gmt":"2025-01-10T09:41:13","slug":"raksti-un-zinas","status":"publish","type":"page","link":"https:\/\/visittartu.com\/lv\/raksti-un-zinas\/","title":{"rendered":"Raksti un zi\u0146as"},"content":{"rendered":"\t\t<div data-elementor-type=\"wp-page\" data-elementor-id=\"154480\" class=\"elementor elementor-154480 elementor-78922\" data-elementor-post-type=\"page\">\n\t\t\t\t<div class=\"elementor-element elementor-element-7a057ce e-flex e-con-boxed e-con e-parent\" data-id=\"7a057ce\" data-element_type=\"container\">\n\t\t\t\t\t<div class=\"e-con-inner\">\n\t\t\t\t<div class=\"elementor-element elementor-element-bd2085b elementor-widget elementor-widget-shortcode\" data-id=\"bd2085b\" data-element_type=\"widget\" data-widget_type=\"shortcode.default\">\n\t\t\t\t<div class=\"elementor-widget-container\">\n\t\t\t\t\t\t\t<div class=\"elementor-shortcode\"><div class=\"page-content-list shortcode-instance\" data-vt-cookie-conf=\"{&quot;post_id_set&quot;:{&quot;name&quot;:&quot;vt_fav_set&quot;,&quot;separator&quot;:&quot;|&quot;,&quot;ttl&quot;:315360000},&quot;hash&quot;:{&quot;name&quot;:&quot;vt_fav_hash&quot;,&quot;ttl&quot;:315360000}}\" data-vt-object-type=\"post\" data-scid=\"8ba360f2b4\"><div class=\"obj-grid-header-wrapper type-post\" data-filter-param-set='{&quot;sectionFilterSet&quot;:[&quot;post_tag&quot;],&quot;filter&quot;:[],&quot;hide-filter&quot;:false,&quot;hide-total&quot;:false,&quot;hide-footer&quot;:false,&quot;dataValid&quot;:true,&quot;object_type&quot;:&quot;post&quot;,&quot;object_category&quot;:[&quot;articles&quot;,&quot;culinary&quot;,&quot;news&quot;],&quot;posts-per-page&quot;:12,&quot;object_type_key&quot;:&quot;posts&quot;,&quot;page&quot;:1}'><a class=\"remove-all-filters\" href=\"#\">No\u0146emt visus filtrus<\/a><div class=\"filter-wrapper\"><h3>Preciz\u0113jiet izv\u0113li<\/h3><div class=\"filter-sort\"><div class=\"filter-select-wrapper filter\" data-section=\"post_tag\"><div class=\"filter-select-button\">T\u0113mas <i class=\"fa-solid fa-chevron-down\"><\/i><\/div><div class=\"filter-select-dropdown\" data-filter-section=\"post_tag\"><div class=\"dropdown-item\" data-filter-key=\"497\"><i class=\"fa-solid fa-square\"><\/i> Za\u013cais galam\u0113r\u0137is<\/div><div class=\"dropdown-item\" data-filter-key=\"499\"><i class=\"fa-solid fa-square\"><\/i> Tartu pils\u0113ta<\/div><div class=\"dropdown-item\" data-filter-key=\"498\"><i class=\"fa-solid fa-square\"><\/i> \u0112diens<\/div><div class=\"dropdown-item\" data-filter-key=\"500\"><i class=\"fa-solid fa-square\"><\/i> Transports<\/div><div class=\"dropdown-item\" data-filter-key=\"501\"><i class=\"fa-solid fa-square\"><\/i> Tartu apri\u0146\u0137is<\/div><div class=\"dropdown-item\" data-filter-key=\"502\"><i class=\"fa-solid fa-square\"><\/i> Atp\u016bta pils\u0113t\u0101<\/div><div class=\"dropdown-item\" data-filter-key=\"503\"><i class=\"fa-solid fa-square\"><\/i> Te\u0101tris<\/div><div class=\"dropdown-item\" data-filter-key=\"504\"><i class=\"fa-solid fa-square\"><\/i> Kult\u016bra<\/div><div class=\"dropdown-item\" data-filter-key=\"1472\"><i class=\"fa-solid fa-square\"><\/i> Vasara<\/div><div class=\"dropdown-item\" data-filter-key=\"505\"><i class=\"fa-solid fa-square\"><\/i> Muzejs<\/div><div class=\"dropdown-item\" data-filter-key=\"1449\"><i class=\"fa-solid fa-square\"><\/i> S\u00fcndmused<\/div><\/div><\/div><\/div><\/div><\/div><div class=\"grid-total-info\">Visi <div>20<\/div><\/div><div class=\"obj-grid\" data-rowcnt=\"4\" data-rowcntmbl=\"1\" data-object-count-per-load=\"12\" data-all-loaded=\"0\"><a href=\"https:\/\/visittartu.com\/lv\/ko-darit-tartu-ar-berniem\/\" class=\"obj-grid-item ext-link\" data-iteration=\"1\" data-post_id=\"236209\" data-post_type=\"post\"><div class=\"obj-grid-item-img-container\"><div class=\"img-black-overlay\"><\/div><img decoding=\"async\" src=\"https:\/\/visittartu.com\/wp-content\/uploads\/2026\/02\/Things-to-do-with-family-in-Tartu.jpg\" alt=\"Ko dar\u012bt Tartu ar b\u0113rniem?\" title=\"Ko dar\u012bt Tartu ar b\u0113rniem?\" \/><\/div><div class=\"obj-grid-item-container\"><h2>Ko dar\u012bt Tartu ar b\u0113rniem?<\/h2><p><\/p><\/div><\/a><a href=\"https:\/\/visittartu.com\/lv\/foto-galerija-veikts-pirmais-brauciens-dzelzcela-linija-tartu-riga\/\" class=\"obj-grid-item ext-link\" data-iteration=\"2\" data-post_id=\"232198\" data-post_type=\"post\"><div class=\"obj-grid-item-img-container\"><div class=\"img-black-overlay\"><\/div><img decoding=\"async\" src=\"https:\/\/visittartu.com\/wp-content\/uploads\/2026\/01\/DSCF5059-scaled.jpg\" alt=\"Foto galerija: veikts pirmais brauciens dzelzce\u013ca l\u012bnij\u0101 Tartu-R\u012bga\" title=\"Foto galerija: veikts pirmais brauciens dzelzce\u013ca l\u012bnij\u0101 Tartu-R\u012bga\" \/><\/div><div class=\"obj-grid-item-container\"><h2>Foto galerija: veikts pirmais brauciens dzelzce\u013ca l\u012bnij\u0101 Tartu-R\u012bga<\/h2><p><\/p><\/div><\/a><a href=\"https:\/\/visittartu.com\/lv\/tartu-pasakumi-2026-gada\/\" class=\"obj-grid-item ext-link\" data-iteration=\"3\" data-post_id=\"230040\" data-post_type=\"post\"><div class=\"obj-grid-item-img-container\"><div class=\"img-black-overlay\"><\/div><img decoding=\"async\" src=\"https:\/\/visittartu.com\/wp-content\/uploads\/2025\/12\/749680-tartu_jaanituli_silvertonisson_089_23062025-scaled.jpg\" alt=\"Tartu pas\u0101kumi 2026. gad\u0101\" title=\"Tartu pas\u0101kumi 2026. gad\u0101\" \/><\/div><div class=\"obj-grid-item-container\"><h2>Tartu pas\u0101kumi 2026. gad\u0101<\/h2><p><\/p><\/div><\/a><a href=\"https:\/\/visittartu.com\/lv\/tartu-jau-piekto-gadu-pec-kartas-tika-izveleta-ka-viens-no-pasaules-100-labakajiem-ilgtspejibas-veiksmes-stastiem\/\" class=\"obj-grid-item ext-link\" data-iteration=\"4\" data-post_id=\"151387\" data-post_type=\"post\"><div class=\"obj-grid-item-img-container\"><div class=\"img-black-overlay\"><\/div><img decoding=\"async\" src=\"https:\/\/visittartu.com\/wp-content\/uploads\/2024\/10\/53488371772_0a7eae88b0_k.jpg\" alt=\"Tartu jau piekto gadu p\u0113c k\u0101rtas tika izv\u0113l\u0113ta k\u0101 viens no pasaules 100 lab\u0101kajiem ilgtsp\u0113j\u012bbas veiksmes st\u0101stiem\u00a0\" title=\"Tartu jau piekto gadu p\u0113c k\u0101rtas tika izv\u0113l\u0113ta k\u0101 viens no pasaules 100 lab\u0101kajiem ilgtsp\u0113j\u012bbas veiksmes st\u0101stiem\u00a0\" \/><\/div><div class=\"obj-grid-item-container\"><h2>Tartu jau piekto gadu p\u0113c k\u0101rtas tika izv\u0113l\u0113ta k\u0101 viens no pasaules 100 lab\u0101kajiem ilgtsp\u0113j\u012bbas veiksmes st\u0101stiem\u00a0<\/h2><p><\/p><\/div><\/a><a href=\"https:\/\/visittartu.com\/lv\/valga-tiek-testeta-elron-vilcienu-savietojamiba-ar-latvijas-dzelzcela-sakaru-tiklu\/\" class=\"obj-grid-item ext-link\" data-iteration=\"5\" data-post_id=\"152978\" data-post_type=\"post\"><div class=\"obj-grid-item-img-container\"><div class=\"img-black-overlay\"><\/div><img decoding=\"async\" src=\"https:\/\/visittartu.com\/wp-content\/uploads\/2024\/10\/551485-2024_04_17-tartu-kastani-z7-dji_20240417181425_0102_d-tartu-raudteejaam-vagunid-raudtee-ragnar-vutt-keskmine.jpg\" alt=\"Valg\u0101 tiek test\u0113ta Elron vilcienu savietojam\u012bba ar Latvijas dzelzce\u013ca sakaru t\u012bklu\" title=\"Valg\u0101 tiek test\u0113ta Elron vilcienu savietojam\u012bba ar Latvijas dzelzce\u013ca sakaru t\u012bklu\" \/><\/div><div class=\"obj-grid-item-container\"><h2>Valg\u0101 tiek test\u0113ta Elron vilcienu savietojam\u012bba ar Latvijas dzelzce\u013ca sakaru t\u012bklu<\/h2><p><\/p><\/div><\/a><a href=\"https:\/\/visittartu.com\/lv\/tartu-apburosie-koka-apbuves-kvartali\/\" class=\"obj-grid-item ext-link\" data-iteration=\"6\" data-post_id=\"151384\" data-post_type=\"post\"><div class=\"obj-grid-item-img-container\"><div class=\"img-black-overlay\"><\/div><img decoding=\"async\" src=\"https:\/\/visittartu.com\/wp-content\/uploads\/2024\/08\/543176-luminetartu_-ketlinlaats_9-8.jpg\" alt=\"Tartu apburo\u0161ie koka apb\u016bves kvart\u0101li\" title=\"Tartu apburo\u0161ie koka apb\u016bves kvart\u0101li\" \/><\/div><div class=\"obj-grid-item-container\"><h2>Tartu apburo\u0161ie koka apb\u016bves kvart\u0101li<\/h2><p><\/p><\/div><\/a><a href=\"https:\/\/visittartu.com\/lv\/katrs-tartu-muzejs-stasta-savu-stastu\/\" class=\"obj-grid-item ext-link\" data-iteration=\"7\" data-post_id=\"151381\" data-post_type=\"post\"><div class=\"obj-grid-item-img-container\"><div class=\"img-black-overlay\"><\/div><img decoding=\"async\" src=\"https:\/\/visittartu.com\/wp-content\/uploads\/2024\/10\/549958-toomkirik_ragnarvutt_-keskmine.jpg\" alt=\"Katrs Tartu muzejs st\u0101sta savu st\u0101stu\" title=\"Katrs Tartu muzejs st\u0101sta savu st\u0101stu\" \/><\/div><div class=\"obj-grid-item-container\"><h2>Katrs Tartu muzejs st\u0101sta savu st\u0101stu<\/h2><p><\/p><\/div><\/a><a href=\"https:\/\/visittartu.com\/lv\/bezmaksas-piedzivojumi-tartu\/\" class=\"obj-grid-item ext-link\" data-iteration=\"8\" data-post_id=\"151379\" data-post_type=\"post\"><div class=\"obj-grid-item-img-container\"><div class=\"img-black-overlay\"><\/div><img decoding=\"async\" src=\"https:\/\/visittartu.com\/wp-content\/uploads\/2024\/07\/513687-raekoda-kullamaa-0019-dji_0510-keskmine.jpg\" alt=\"Bezmaksas piedz\u012bvojumi Tartu\" title=\"Bezmaksas piedz\u012bvojumi Tartu\" \/><\/div><div class=\"obj-grid-item-container\"><h2>Bezmaksas piedz\u012bvojumi Tartu<\/h2><p><\/p><\/div><\/a><a href=\"https:\/\/visittartu.com\/lv\/aizraujosa-diena-ilgtspejiga-tartu\/\" class=\"obj-grid-item ext-link\" data-iteration=\"9\" data-post_id=\"151377\" data-post_type=\"post\"><div class=\"obj-grid-item-img-container\"><div class=\"img-black-overlay\"><\/div><img decoding=\"async\" src=\"https:\/\/visittartu.com\/wp-content\/uploads\/2026\/03\/601286-20240616_mana-kaasik_raekojaplats-02-keskmine-1.jpg\" alt=\"Aizraujo\u0161a diena ilgtsp\u0113j\u012bg\u0101 Tartu\" title=\"Aizraujo\u0161a diena ilgtsp\u0113j\u012bg\u0101 Tartu\" \/><\/div><div class=\"obj-grid-item-container\"><h2>Aizraujo\u0161a diena ilgtsp\u0113j\u012bg\u0101 Tartu<\/h2><p><\/p><\/div><\/a><a href=\"https:\/\/visittartu.com\/lv\/brivdienas-kulturas-noskanas\/\" class=\"obj-grid-item ext-link\" data-iteration=\"10\" data-post_id=\"151375\" data-post_type=\"post\"><div class=\"obj-grid-item-img-container\"><div class=\"img-black-overlay\"><\/div><img decoding=\"async\" src=\"https:\/\/visittartu.com\/wp-content\/uploads\/2024\/07\/558212-2601-sigma_foto_reigo_teervalt-15-scaled.jpg\" alt=\"Br\u012bvdienas kult\u016bras noska\u0146\u0101s\" title=\"Br\u012bvdienas kult\u016bras noska\u0146\u0101s\" \/><\/div><div class=\"obj-grid-item-container\"><h2>Br\u012bvdienas kult\u016bras noska\u0146\u0101s<\/h2><p><\/p><\/div><\/a><a href=\"https:\/\/visittartu.com\/lv\/atklajiet-tartu-ar-vilcienu-un-autobusu\/\" class=\"obj-grid-item ext-link\" data-iteration=\"11\" data-post_id=\"151373\" data-post_type=\"post\"><div class=\"obj-grid-item-img-container\"><div class=\"img-black-overlay\"><\/div><img decoding=\"async\" src=\"https:\/\/visittartu.com\/wp-content\/uploads\/2024\/07\/AigarJoeveerElvajaamahoone.jpg\" alt=\"Atkl\u0101jiet Tartu ar vilcienu un autobusu!\" title=\"Atkl\u0101jiet Tartu ar vilcienu un autobusu!\" \/><\/div><div class=\"obj-grid-item-container\"><h2>Atkl\u0101jiet Tartu ar vilcienu un autobusu!<\/h2><p><\/p><\/div><\/a><a href=\"https:\/\/visittartu.com\/lv\/finnair-turpina-lidojumus-uz-tartu\/\" class=\"obj-grid-item ext-link\" data-iteration=\"12\" data-post_id=\"151372\" data-post_type=\"post\"><div class=\"obj-grid-item-img-container\"><div class=\"img-black-overlay\"><\/div><img decoding=\"async\" src=\"https:\/\/visittartu.com\/wp-content\/uploads\/2024\/07\/finnair-0088-Maanus20Kullamaa20288729.jpg\" alt=\"<i>Finnair<\/i> turpina lidojumus uz Tartu\" title=\"<i>Finnair<\/i> turpina lidojumus uz Tartu\" \/><\/div><div class=\"obj-grid-item-container\"><h2><i>Finnair<\/i> turpina lidojumus uz Tartu<\/h2><p><\/p><\/div><\/a><img decoding=\"async\" class=\"obj-grid-loading\" src=\"https:\/\/visittartu.com\/wp-content\/themes\/visittartu\/assets\/loading.gif\" \/><\/div><div class=\"obj-grid-footer\"><div class=\"\"><\/div><a href=\"#\" class=\"global-btn load-more-button\">R\u0101d\u012bt vair\u0101k (<div>8<\/div>)<\/a><\/div><\/div><\/div>\n\t\t\t\t\t\t<\/div>\n\t\t\t\t<\/div>\n\t\t\t\t\t<\/div>\n\t\t\t\t<\/div>\n\t\t\t\t<\/div>\n\t\t","protected":false},"excerpt":{"rendered":"","protected":false},"author":2,"featured_media":148078,"parent":0,"menu_order":0,"comment_status":"closed","ping_status":"closed","template":"","meta":{"_acf_changed":false,"footnotes":""},"class_list":["post-154480","page","type-page","status-publish","has-post-thumbnail","hentry"],"acf":[],"_links":{"self":[{"href":"https:\/\/visittartu.com\/lv\/wp-json\/wp\/v2\/pages\/154480","targetHints":{"allow":["GET"]}}],"collection":[{"href":"https:\/\/visittartu.com\/lv\/wp-json\/wp\/v2\/pages"}],"about":[{"href":"https:\/\/visittartu.com\/lv\/wp-json\/wp\/v2\/types\/page"}],"author":[{"embeddable":true,"href":"https:\/\/visittartu.com\/lv\/wp-json\/wp\/v2\/users\/2"}],"replies":[{"embeddable":true,"href":"https:\/\/visittartu.com\/lv\/wp-json\/wp\/v2\/comments?post=154480"}],"version-history":[{"count":5,"href":"https:\/\/visittartu.com\/lv\/wp-json\/wp\/v2\/pages\/154480\/revisions"}],"predecessor-version":[{"id":168064,"href":"https:\/\/visittartu.com\/lv\/wp-json\/wp\/v2\/pages\/154480\/revisions\/168064"}],"wp:featuredmedia":[{"embeddable":true,"href":"https:\/\/visittartu.com\/lv\/wp-json\/wp\/v2\/media\/148078"}],"wp:attachment":[{"href":"https:\/\/visittartu.com\/lv\/wp-json\/wp\/v2\/media?parent=154480"}],"curies":[{"name":"wp","href":"https:\/\/api.w.org\/{rel}","templated":true}]}}