 {"id":154281,"date":"2023-05-26T08:07:23","date_gmt":"2023-05-26T08:07:23","guid":{"rendered":"https:\/\/visittartu.com\/gidi\/"},"modified":"2024-11-15T11:35:22","modified_gmt":"2024-11-15T11:35:22","slug":"gidi","status":"publish","type":"page","link":"https:\/\/visittartu.com\/lv\/gidi\/","title":{"rendered":"Gidi"},"content":{"rendered":"\t\t<div data-elementor-type=\"wp-page\" data-elementor-id=\"154281\" class=\"elementor elementor-154281 elementor-65846\" data-elementor-post-type=\"page\">\n\t\t\t\t<div class=\"elementor-element elementor-element-078fd91 e-flex e-con-boxed e-con e-parent\" data-id=\"078fd91\" data-element_type=\"container\">\n\t\t\t\t\t<div class=\"e-con-inner\">\n\t\t<div class=\"elementor-element elementor-element-79a45fc3 con-c2a-one cont e-con-full e-flex e-con e-child\" data-id=\"79a45fc3\" data-element_type=\"container\">\n\t\t\t\t<div class=\"elementor-element elementor-element-37777a29 elementor-widget elementor-widget-heading\" data-id=\"37777a29\" data-element_type=\"widget\" data-widget_type=\"heading.default\">\n\t\t\t\t<div class=\"elementor-widget-container\">\n\t\t\t\t\t<h2 class=\"elementor-heading-title elementor-size-default\">Pastaiga ar gidu ir lieliska iesp\u0113ja piedz\u012bvot vair\u0101k.<\/h2>\t\t\t\t<\/div>\n\t\t\t\t<\/div>\n\t\t\t\t<div class=\"elementor-element elementor-element-3f7f8f73 elementor-widget elementor-widget-text-editor\" data-id=\"3f7f8f73\" data-element_type=\"widget\" data-widget_type=\"text-editor.default\">\n\t\t\t\t<div class=\"elementor-widget-container\">\n\t\t\t\t\t\t\t\t\t<p>Tartu jau vair\u0101kus gadu desmitus sertific\u0113 gidus. \u0160eit atrad\u012bsiet m\u016bsu atz\u012bto gidu izv\u0113li. Lai pas\u016bt\u012btu pakalpojumu, sazinieties ar gidu tie\u0161i un vienojieties par piem\u0113rotu laiku. Katram Tartu sertific\u0113tam gidam ir gida apliec\u012bba un kakla karte!<\/p>\n\t\t\t\t\t\t\t\t<\/div>\n\t\t\t\t<\/div>\n\t\t\t\t<\/div>\n\t\t\t\t<div class=\"elementor-element elementor-element-bfb9f8c elementor-widget elementor-widget-shortcode\" data-id=\"bfb9f8c\" data-element_type=\"widget\" data-widget_type=\"shortcode.default\">\n\t\t\t\t<div class=\"elementor-widget-container\">\n\t\t\t\t\t\t\t<div class=\"elementor-shortcode\"><div class=\"page-content-list shortcode-instance\" data-vt-cookie-conf=\"{&quot;post_id_set&quot;:{&quot;name&quot;:&quot;vt_fav_set&quot;,&quot;separator&quot;:&quot;|&quot;,&quot;ttl&quot;:315360000},&quot;hash&quot;:{&quot;name&quot;:&quot;vt_fav_hash&quot;,&quot;ttl&quot;:315360000}}\" data-vt-object-type=\"vt_guide\" data-scid=\"14e3aa09b7\"><div class=\"obj-grid-header-wrapper\" data-filter-param-set='{&quot;sectionFilterSet&quot;:[&quot;vt-language&quot;,&quot;vt-topic&quot;],&quot;filter&quot;:[],&quot;hide-filter&quot;:false,&quot;hide-total&quot;:false,&quot;hide-footer&quot;:false,&quot;dataValid&quot;:true,&quot;object_type&quot;:&quot;vt_guide&quot;,&quot;object_category&quot;:&quot;&quot;,&quot;posts-per-page&quot;:&quot;8&quot;,&quot;object_type_key&quot;:&quot;guides&quot;,&quot;page&quot;:1}'><a class=\"remove-all-filters\" href=\"#\">No\u0146emt visus filtrus<\/a><div class=\"filter-wrapper\"><h3>Preciz\u0113jiet izv\u0113li<\/h3><div class=\"filter-sort\"><div class=\"filter-select-wrapper filter\" data-section=\"vt-language\"><div class=\"filter-select-button\">Valoda <i class=\"fa-solid fa-chevron-down\"><\/i><\/div><div class=\"filter-select-dropdown\" data-filter-section=\"vt-language\" style=\"display: none;\"><div class=\"dropdown-item\" data-filter-key=\"490\"><i class=\"fa-solid fa-square\"><\/i> DE<\/div><div class=\"dropdown-item\" data-filter-key=\"415\"><i class=\"fa-solid fa-square\"><\/i> ET<\/div><div class=\"dropdown-item\" data-filter-key=\"414\"><i class=\"fa-solid fa-square\"><\/i> EN<\/div><div class=\"dropdown-item\" data-filter-key=\"554\"><i class=\"fa-solid fa-square\"><\/i> LT<\/div><div class=\"dropdown-item\" data-filter-key=\"555\"><i class=\"fa-solid fa-square\"><\/i> IT<\/div><div class=\"dropdown-item\" data-filter-key=\"488\"><i class=\"fa-solid fa-square\"><\/i> RU<\/div><div class=\"dropdown-item\" data-filter-key=\"492\"><i class=\"fa-solid fa-square\"><\/i> FI<\/div><div class=\"dropdown-item\" data-filter-key=\"556\"><i class=\"fa-solid fa-square\"><\/i> FR<\/div><div class=\"dropdown-item\" data-filter-key=\"557\"><i class=\"fa-solid fa-square\"><\/i> DA<\/div><div class=\"dropdown-item\" data-filter-key=\"558\"><i class=\"fa-solid fa-square\"><\/i> SV<\/div><div class=\"dropdown-item\" data-filter-key=\"559\"><i class=\"fa-solid fa-square\"><\/i> LV<\/div><\/div><\/div><\/div><\/div><\/div><div class=\"grid-total-info\">Visi <div>28<\/div><\/div><div class=\"obj-grid guides\" data-rowcnt=\"4\" data-rowcntmbl=\"1\" data-object-count-per-load=\"12\" data-all-loaded=\"0\"><a href=\"#\" class=\"obj-grid-item handle-preview\" data-iteration=\"1\" data-post_id=\"154346\" data-post_type=\"vt_guide\"><div class=\"obj-grid-item-img-container\"><div class=\"img-black-overlay\"><\/div><img decoding=\"async\" src=\"https:\/\/visittartu.com\/wp-content\/uploads\/2023\/06\/Eda-Tursk-1-683x1024.jpg\" alt=\"eda-tursk-2-2\" title=\"eda-tursk-2-2\" \/><\/div><div class=\"obj-grid-item-container\"><h2>Eda Tursk<\/h2><div class=\"gi-tags\" ><div>DE<\/div><div>EN<\/div><div>ET<\/div><\/div><\/div><\/a><a href=\"#\" class=\"obj-grid-item handle-preview\" data-iteration=\"2\" data-post_id=\"154362\" data-post_type=\"vt_guide\"><div class=\"obj-grid-item-img-container\"><div class=\"img-black-overlay\"><\/div><img decoding=\"async\" src=\"https:\/\/visittartu.com\/wp-content\/uploads\/2023\/06\/Elina-Aro-Ojapelto-foto.jpg\" alt=\"samsung-digital-camera-2\" title=\"samsung-digital-camera-2\" \/><\/div><div class=\"obj-grid-item-container\"><h2>Elina Aro-Ojapelto<\/h2><div class=\"gi-tags\" ><div>EN<\/div><div>ET<\/div><div>FI<\/div><div>SV<\/div><\/div><\/div><\/a><a href=\"#\" class=\"obj-grid-item handle-preview\" data-iteration=\"3\" data-post_id=\"154344\" data-post_type=\"vt_guide\"><div class=\"obj-grid-item-img-container\"><div class=\"img-black-overlay\"><\/div><img decoding=\"async\" src=\"https:\/\/visittartu.com\/wp-content\/uploads\/2025\/02\/Epp-Tohver-683x1024.jpg\" alt=\"epp-tohver-2\" title=\"epp-tohver-2\" \/><\/div><div class=\"obj-grid-item-container\"><h2>Epp Tohver<\/h2><div class=\"gi-tags\" ><div>DE<\/div><div>ET<\/div><\/div><\/div><\/a><a href=\"#\" class=\"obj-grid-item handle-preview\" data-iteration=\"4\" data-post_id=\"154364\" data-post_type=\"vt_guide\"><div class=\"obj-grid-item-img-container\"><div class=\"img-black-overlay\"><\/div><img decoding=\"async\" src=\"https:\/\/visittartu.com\/wp-content\/uploads\/2023\/06\/Estra-Tonisson-1-1024x786.jpg\" alt=\"estra-tonisson-3-2\" title=\"estra-tonisson-3-2\" \/><\/div><div class=\"obj-grid-item-container\"><h2>Estra T\u00f5nisson<\/h2><div class=\"gi-tags\" ><div>EN<\/div><div>ET<\/div><\/div><\/div><\/a><a href=\"#\" class=\"obj-grid-item handle-preview\" data-iteration=\"5\" data-post_id=\"154321\" data-post_type=\"vt_guide\"><div class=\"obj-grid-item-img-container\"><div class=\"img-black-overlay\"><\/div><img decoding=\"async\" src=\"https:\/\/visittartu.com\/wp-content\/uploads\/2024\/04\/Eve-Liis-683x1024.jpg\" alt=\"eve-liis-2\" title=\"eve-liis-2\" \/><\/div><div class=\"obj-grid-item-container\"><h2>Eve-Liis Abroi<\/h2><div class=\"gi-tags\" ><div>EN<\/div><div>ET<\/div><\/div><\/div><\/a><a href=\"#\" class=\"obj-grid-item handle-preview\" data-iteration=\"6\" data-post_id=\"154368\" data-post_type=\"vt_guide\"><div class=\"obj-grid-item-img-container\"><div class=\"img-black-overlay\"><\/div><img decoding=\"async\" src=\"https:\/\/visittartu.com\/wp-content\/uploads\/2023\/06\/Helen-Kulvik-976x1024.jpg\" alt=\"helen-kulvik-2\" title=\"helen-kulvik-2\" \/><\/div><div class=\"obj-grid-item-container\"><h2>Helen Alum\u00e4e<\/h2><div class=\"gi-tags\" ><div>EN<\/div><div>ET<\/div><\/div><\/div><\/a><a href=\"#\" class=\"obj-grid-item handle-preview\" data-iteration=\"7\" data-post_id=\"154376\" data-post_type=\"vt_guide\"><div class=\"obj-grid-item-img-container\"><div class=\"img-black-overlay\"><\/div><img decoding=\"async\" src=\"https:\/\/visittartu.com\/wp-content\/uploads\/2023\/05\/Ilze-Salnaja-Varv-683x1024.jpg\" alt=\"ilze-salnaja-varv-2-2\" title=\"ilze-salnaja-varv-2-2\" \/><\/div><div class=\"obj-grid-item-container\"><h2>Ilze Salnaja-V\u00e4rv<\/h2><div class=\"gi-tags\" ><div>EN<\/div><div>LV<\/div><\/div><\/div><\/a><a href=\"#\" class=\"obj-grid-item handle-preview\" data-iteration=\"8\" data-post_id=\"154372\" data-post_type=\"vt_guide\"><div class=\"obj-grid-item-img-container\"><div class=\"img-black-overlay\"><\/div><img decoding=\"async\" src=\"https:\/\/visittartu.com\/wp-content\/uploads\/2023\/06\/Jelena-Karajeva-1-683x1024.jpg\" alt=\"jelena-karajeva-2-2\" title=\"jelena-karajeva-2-2\" \/><\/div><div class=\"obj-grid-item-container\"><h2>Jelena Karajeva<\/h2><div class=\"gi-tags\" ><div>RU<\/div><\/div><\/div><\/a><img decoding=\"async\" class=\"obj-grid-loading\" src=\"https:\/\/visittartu.com\/wp-content\/themes\/visittartu\/assets\/loading.gif\" \/><\/div><div class=\"obj-grid-footer\"><div class=\"\"><\/div><a href=\"#\" class=\"global-btn load-more-button\">R\u0101d\u012bt vair\u0101k (<div>20<\/div>)<\/a><\/div><\/div><\/div>\n\t\t\t\t\t\t<\/div>\n\t\t\t\t<\/div>\n\t\t\t\t\t<\/div>\n\t\t\t\t<\/div>\n\t\t\t\t<\/div>\n\t\t","protected":false},"excerpt":{"rendered":"<p>Pastaiga ar gidu ir lieliska iesp\u0113ja piedz\u012bvot vair\u0101k. Tartu jau vair\u0101kus gadu desmitus sertific\u0113 gidus. \u0160eit atrad\u012bsiet m\u016bsu atz\u012bto gidu izv\u0113li. Lai pas\u016bt\u012btu pakalpojumu, sazinieties ar gidu tie\u0161i un vienojieties par piem\u0113rotu laiku. Katram Tartu sertific\u0113tam gidam ir gida apliec\u012bba un kakla karte!<\/p>\n","protected":false},"author":1,"featured_media":170180,"parent":0,"menu_order":0,"comment_status":"closed","ping_status":"closed","template":"","meta":{"_acf_changed":false,"footnotes":""},"class_list":["post-154281","page","type-page","status-publish","has-post-thumbnail","hentry"],"acf":[],"_links":{"self":[{"href":"https:\/\/visittartu.com\/lv\/wp-json\/wp\/v2\/pages\/154281","targetHints":{"allow":["GET"]}}],"collection":[{"href":"https:\/\/visittartu.com\/lv\/wp-json\/wp\/v2\/pages"}],"about":[{"href":"https:\/\/visittartu.com\/lv\/wp-json\/wp\/v2\/types\/page"}],"author":[{"embeddable":true,"href":"https:\/\/visittartu.com\/lv\/wp-json\/wp\/v2\/users\/1"}],"replies":[{"embeddable":true,"href":"https:\/\/visittartu.com\/lv\/wp-json\/wp\/v2\/comments?post=154281"}],"version-history":[{"count":4,"href":"https:\/\/visittartu.com\/lv\/wp-json\/wp\/v2\/pages\/154281\/revisions"}],"predecessor-version":[{"id":154285,"href":"https:\/\/visittartu.com\/lv\/wp-json\/wp\/v2\/pages\/154281\/revisions\/154285"}],"wp:featuredmedia":[{"embeddable":true,"href":"https:\/\/visittartu.com\/lv\/wp-json\/wp\/v2\/media\/170180"}],"wp:attachment":[{"href":"https:\/\/visittartu.com\/lv\/wp-json\/wp\/v2\/media?parent=154281"}],"curies":[{"name":"wp","href":"https:\/\/api.w.org\/{rel}","templated":true}]}}