 {"id":151365,"date":"2024-09-13T11:21:55","date_gmt":"2024-09-13T11:21:55","guid":{"rendered":"https:\/\/visittartu.com\/ed-un-dzer\/"},"modified":"2024-11-04T15:00:22","modified_gmt":"2024-11-04T15:00:22","slug":"ed-un-dzer","status":"publish","type":"page","link":"https:\/\/visittartu.com\/lv\/ed-un-dzer\/","title":{"rendered":"\u0112d un dzer"},"content":{"rendered":"\t\t<div data-elementor-type=\"wp-page\" data-elementor-id=\"151365\" class=\"elementor elementor-151365 elementor-78906\" data-elementor-post-type=\"page\">\n\t\t\t\t<div class=\"elementor-element elementor-element-6d30f6c e-flex e-con-boxed e-con e-parent\" data-id=\"6d30f6c\" data-element_type=\"container\">\n\t\t\t\t\t<div class=\"e-con-inner\">\n\t\t\t\t<div class=\"elementor-element elementor-element-a864458 elementor-widget elementor-widget-heading\" data-id=\"a864458\" data-element_type=\"widget\" data-widget_type=\"heading.default\">\n\t\t\t\t<div class=\"elementor-widget-container\">\n\t\t\t\t\t<h2 class=\"elementor-heading-title elementor-size-default\">Tartu atver v\u0101rtus kulin\u0101rajai pieredzei dienvidigau\u0146u gaum\u0113<\/h2>\t\t\t\t<\/div>\n\t\t\t\t<\/div>\n\t\t\t\t<div class=\"elementor-element elementor-element-a6ae5fa elementor-widget elementor-widget-text-editor\" data-id=\"a6ae5fa\" data-element_type=\"widget\" data-widget_type=\"text-editor.default\">\n\t\t\t\t<div class=\"elementor-widget-container\">\n\t\t\t\t\t\t\t\t\t<p>Dienvidigaunij\u0101 audz\u0113t\u0101 p\u0101rtika ir koncentr\u0113ta Tartu un sniedz iedvesmu viet\u0113jiem \u0113din\u0101\u0161anas uz\u0146\u0113mumiem. \u0160ejienes restor\u0101nos, kafejn\u012bc\u0101s, b\u0101ros un krogos sa\u0146emsiet gan viet\u0113jo, gan aizrobe\u017eu gar\u0161u pieredzi.\u00a0\u00a0<\/p>\n\t\t\t\t\t\t\t\t<\/div>\n\t\t\t\t<\/div>\n\t\t\t\t<div class=\"elementor-element elementor-element-cef6e14 elementor-widget elementor-widget-shortcode\" data-id=\"cef6e14\" data-element_type=\"widget\" data-widget_type=\"shortcode.default\">\n\t\t\t\t<div class=\"elementor-widget-container\">\n\t\t\t\t\t\t\t<div class=\"elementor-shortcode\"><div class=\"page-content-list shortcode-instance\" data-vt-cookie-conf=\"{&quot;post_id_set&quot;:{&quot;name&quot;:&quot;vt_fav_set&quot;,&quot;separator&quot;:&quot;|&quot;,&quot;ttl&quot;:315360000},&quot;hash&quot;:{&quot;name&quot;:&quot;vt_fav_hash&quot;,&quot;ttl&quot;:315360000}}\" data-vt-object-type=\"remote_object_ve\" data-scid=\"e3560719c7\"><div class=\"obj-grid-header-wrapper\" data-filter-param-set='{&quot;sectionId&quot;:[53],&quot;sectionFilterSet&quot;:[&quot;type&quot;,&quot;locations&quot;,&quot;tag&quot;],&quot;categorySet&quot;:[],&quot;tagId&quot;:[],&quot;typeSet&quot;:[],&quot;postId&quot;:[],&quot;filter&quot;:[],&quot;order&quot;:1,&quot;object_type&quot;:&quot;remote_object_ve&quot;,&quot;hide-filter&quot;:false,&quot;hide-total&quot;:false,&quot;hide-footer&quot;:false,&quot;list-type&quot;:&quot;grid&quot;,&quot;section&quot;:[&quot;catering&quot;],&quot;category&quot;:&quot;&quot;,&quot;tag&quot;:&quot;&quot;,&quot;type&quot;:&quot;&quot;,&quot;post-id&quot;:&quot;&quot;,&quot;event_range&quot;:&quot;&quot;,&quot;posts-per-page&quot;:12,&quot;posts-limit&quot;:0,&quot;option&quot;:&quot;&quot;,&quot;accessory&quot;:&quot;&quot;,&quot;page&quot;:1}'><a class=\"remove-all-filters\" href=\"#\">No\u0146emt visus filtrus<\/a><div class=\"filter-wrapper\"><h3>Preciz\u0113jiet izv\u0113li<\/h3><div class=\"filter-sort\"><div class=\"filter-select-wrapper filter\" data-section=\"type\" data-force-single-selection=\"0\"><div class=\"filter-select-button\">Kategorija <i class=\"fa-solid fa-chevron-down\"><\/i><\/div><div class=\"filter-select-dropdown\" data-filter-section=\"type\" style=\"display: none;\"><div class=\"dropdown-item\" data-filter-key=\"yldine_toit_resto\"><i class=\"fa-solid fa-square\"><\/i> Restor\u0101ni<\/div><div class=\"dropdown-item\" data-filter-key=\"yldine_toit_kohv\"><i class=\"fa-solid fa-square\"><\/i> Kafejn\u012bcas<\/div><div class=\"dropdown-item\" data-filter-key=\"yldine_toit_baar\"><i class=\"fa-solid fa-square\"><\/i> B\u0101ri un krogi<\/div><div class=\"dropdown-item\" data-filter-key=\"yldine_toit_toiduturgjavaikepood\"><i class=\"fa-solid fa-square\"><\/i> Lauku tirdzi\u0146i un ekoveikali<\/div><div class=\"dropdown-item\" data-filter-key=\"yldine_toit_kohalikudvaiketootjad\"><i class=\"fa-solid fa-square\"><\/i> \u0112din\u0101\u0161ana k\u0101 aizraujo\u0161s piedz\u012bvojums un darbn\u012bcas<\/div><div class=\"dropdown-item\" data-filter-key=\"yldine_toit_tanavatoit\"><i class=\"fa-solid fa-square\"><\/i> \u0100tr\u0101s \u0113din\u0101\u0161anas iest\u0101des<\/div><\/div><\/div><div class=\"filter-select-wrapper filter\" data-section=\"locations\" data-force-single-selection=\"0\"><div class=\"filter-select-button\">Atra\u0161an\u0101s vieta <i class=\"fa-solid fa-chevron-down\"><\/i><\/div><div class=\"filter-select-dropdown\" data-filter-section=\"locations\" style=\"display: none;\"><div class=\"dropdown-item\" data-filter-key=\"Tartu linn\"><i class=\"fa-solid fa-square\"><\/i> Tartu linn<\/div><div class=\"dropdown-item\" data-filter-key=\"Peipsi\u00e4\u00e4re vald\"><i class=\"fa-solid fa-square\"><\/i> Peipsi\u00e4\u00e4re vald<\/div><div class=\"dropdown-item\" data-filter-key=\"Tartu vald\"><i class=\"fa-solid fa-square\"><\/i> Tartu vald<\/div><div class=\"dropdown-item\" data-filter-key=\"N\u00f5o vald\"><i class=\"fa-solid fa-square\"><\/i> N\u00f5o vald<\/div><div class=\"dropdown-item\" data-filter-key=\"Elva vald\"><i class=\"fa-solid fa-square\"><\/i> Elva vald<\/div><div class=\"dropdown-item\" data-filter-key=\"Kambja vald\"><i class=\"fa-solid fa-square\"><\/i> Kambja vald<\/div><\/div><\/div><div class=\"filter-select-wrapper filter\" data-section=\"tag\" data-force-single-selection=\"0\"><div class=\"filter-select-button\">T\u0113ma <i class=\"fa-solid fa-chevron-down\"><\/i><\/div><div class=\"filter-select-dropdown\" data-filter-section=\"tag\" style=\"display: none;\"><div class=\"dropdown-item\" data-filter-key=\"1092\"><i class=\"fa-solid fa-square\"><\/i> Veg\u0101ns<\/div><div class=\"dropdown-item\" data-filter-key=\"1104\"><i class=\"fa-solid fa-square\"><\/i> Ve\u0123et\u0101rietis<\/div><div class=\"dropdown-item\" data-filter-key=\"1098\"><i class=\"fa-solid fa-square\"><\/i> Falstaff<\/div><div class=\"dropdown-item\" data-filter-key=\"1122\"><i class=\"fa-solid fa-square\"><\/i> White Guide Nordic<\/div><div class=\"dropdown-item\" data-filter-key=\"1062\"><i class=\"fa-solid fa-square\"><\/i> \u0122imenes jautr\u012bba<\/div><div class=\"dropdown-item\" data-filter-key=\"1134\"><i class=\"fa-solid fa-square\"><\/i> Silverspoon<\/div><div class=\"dropdown-item\" data-filter-key=\"1056\"><i class=\"fa-solid fa-square\"><\/i> At\u013cauti m\u0101jdz\u012bvnieki<\/div><div class=\"dropdown-item\" data-filter-key=\"1080\"><i class=\"fa-solid fa-square\"><\/i> Green Key<\/div><div class=\"dropdown-item\" data-filter-key=\"1116\"><i class=\"fa-solid fa-square\"><\/i> michelin<\/div><div class=\"dropdown-item\" data-filter-key=\"1128\"><i class=\"fa-solid fa-square\"><\/i> T\u016bres gida pavad\u012bb\u0101<\/div><div class=\"dropdown-item\" data-filter-key=\"1110\"><i class=\"fa-solid fa-square\"><\/i> Darbn\u012bcas<\/div><\/div><\/div><div class=\"filter-select-wrapper order\" data-section=\"order\"><div class=\"filter-select-button\">K\u0101rtot <i class=\"fa-solid fa-chevron-down\"><\/i><\/div><div class=\"filter-select-dropdown\" style=\"display: none;\"><div class=\"dropdown-item selected\" data-order-key=\"1\"><i class=\"fa-solid fa-square-check\"><\/i> Populaarsus<\/div><div class=\"dropdown-item\" data-order-key=\"2\"><i class=\"fa-solid fa-square-check\"><\/i> A-Y<\/div><\/div><\/div><\/div><\/div><\/div><div class=\"grid-total-info\">Visi <div>93<\/div><\/div><div class=\"obj-grid\" data-rowcnt=\"4\" data-rowcntmbl=\"1\" data-object-count-per-load=\"12\" data-all-loaded=\"0\"><a href=\"https:\/\/visittartu.com\/lv\/objekt\/restorans-holm\/\" class=\"obj-grid-item handle-preview\" data-iteration=\"1\" data-post_id=\"11895\" data-post_type=\"remote_object_ve\"><div class=\"obj-grid-item-img-container\"><div class=\"img-black-overlay\"><\/div><img fetchpriority=\"high\" decoding=\"async\" width=\"1024\" height=\"768\" src=\"https:\/\/visittartu.com\/wp-content\/uploads\/ve\/2025\/10\/restoran-holm-014-visit-estonia-1024x768.jpg\" class=\"attachment-large size-large wp-post-image\" alt=\"Restaurant H\u00f5lm in Tartu Town Hall\" srcset=\"https:\/\/visittartu.com\/wp-content\/uploads\/ve\/2025\/10\/restoran-holm-014-visit-estonia-1024x768.jpg 1024w, https:\/\/visittartu.com\/wp-content\/uploads\/ve\/2025\/10\/restoran-holm-014-visit-estonia-300x225.jpg 300w, https:\/\/visittartu.com\/wp-content\/uploads\/ve\/2025\/10\/restoran-holm-014-visit-estonia-768x576.jpg 768w, https:\/\/visittartu.com\/wp-content\/uploads\/ve\/2025\/10\/restoran-holm-014-visit-estonia-1536x1152.jpg 1536w, https:\/\/visittartu.com\/wp-content\/uploads\/ve\/2025\/10\/restoran-holm-014-visit-estonia-2048x1536.jpg 2048w\" sizes=\"(max-width: 1024px) 100vw, 1024px\" \/><div class=\"gi-tags\" ><div class=\"gi-tags-wrapper\" ><div>Falstaff<\/div><div>\u0122imenes jautr\u012bba<\/div><div>Green Key<\/div><div>michelin<\/div><div>White Guide Nordic<\/div><\/div><\/div><\/div><div class=\"obj-grid-item-container\"><h2>Restor\u0101ns \"H\u00f5lm\"<\/h2><div class=\"meta-info\">Restor\u0101ni<\/div><\/div><\/a><a href=\"https:\/\/visittartu.com\/lv\/objekt\/restorans-joyce-1\/\" class=\"obj-grid-item handle-preview\" data-iteration=\"2\" data-post_id=\"12547\" data-post_type=\"remote_object_ve\"><div class=\"obj-grid-item-img-container\"><div class=\"img-black-overlay\"><\/div><img decoding=\"async\" width=\"1024\" height=\"683\" src=\"https:\/\/visittartu.com\/wp-content\/uploads\/ve\/2025\/10\/restoran-joyce-013-visit-estonia-1024x683.jpg\" class=\"attachment-large size-large wp-post-image\" alt=\"Interior design of Restaurant Joyce\" srcset=\"https:\/\/visittartu.com\/wp-content\/uploads\/ve\/2025\/10\/restoran-joyce-013-visit-estonia-1024x683.jpg 1024w, https:\/\/visittartu.com\/wp-content\/uploads\/ve\/2025\/10\/restoran-joyce-013-visit-estonia-300x200.jpg 300w, https:\/\/visittartu.com\/wp-content\/uploads\/ve\/2025\/10\/restoran-joyce-013-visit-estonia-768x512.jpg 768w, https:\/\/visittartu.com\/wp-content\/uploads\/ve\/2025\/10\/restoran-joyce-013-visit-estonia-1536x1024.jpg 1536w, https:\/\/visittartu.com\/wp-content\/uploads\/ve\/2025\/10\/restoran-joyce-013-visit-estonia-2048x1365.jpg 2048w\" sizes=\"(max-width: 1024px) 100vw, 1024px\" \/><div class=\"gi-tags\" ><div class=\"gi-tags-wrapper\" ><div>Falstaff<\/div><div>Green Key<\/div><div>michelin<\/div><div>Silverspoon<\/div><div>Veg\u0101ns<\/div><div>White Guide Nordic<\/div><\/div><\/div><\/div><div class=\"obj-grid-item-container\"><h2>Restor\u0101ns \"Joyce\"<\/h2><div class=\"meta-info\">Restor\u0101ni<\/div><\/div><\/a><a href=\"https:\/\/visittartu.com\/lv\/objekt\/restorans-fii\/\" class=\"obj-grid-item handle-preview\" data-iteration=\"3\" data-post_id=\"12679\" data-post_type=\"remote_object_ve\"><div class=\"obj-grid-item-img-container\"><div class=\"img-black-overlay\"><\/div><img decoding=\"async\" width=\"1024\" height=\"768\" src=\"https:\/\/visittartu.com\/wp-content\/uploads\/ve\/2026\/03\/restoran-fii-015-visit-estonia-1024x768.jpg\" class=\"attachment-large size-large wp-post-image\" alt=\"\" srcset=\"https:\/\/visittartu.com\/wp-content\/uploads\/ve\/2026\/03\/restoran-fii-015-visit-estonia-1024x768.jpg 1024w, https:\/\/visittartu.com\/wp-content\/uploads\/ve\/2026\/03\/restoran-fii-015-visit-estonia-300x225.jpg 300w, https:\/\/visittartu.com\/wp-content\/uploads\/ve\/2026\/03\/restoran-fii-015-visit-estonia-768x576.jpg 768w, https:\/\/visittartu.com\/wp-content\/uploads\/ve\/2026\/03\/restoran-fii-015-visit-estonia-1536x1152.jpg 1536w, https:\/\/visittartu.com\/wp-content\/uploads\/ve\/2026\/03\/restoran-fii-015-visit-estonia-2048x1536.jpg 2048w\" sizes=\"(max-width: 1024px) 100vw, 1024px\" \/><div class=\"gi-tags\" ><div class=\"gi-tags-wrapper\" ><div>At\u013cauti m\u0101jdz\u012bvnieki<\/div><div>Falstaff<\/div><div>\u0122imenes jautr\u012bba<\/div><div>Green Key<\/div><div>Ve\u0123et\u0101rietis<\/div><div>White Guide Nordic<\/div><\/div><\/div><\/div><div class=\"obj-grid-item-container\"><h2>Restor\u0101ns \"Fii\"<\/h2><div class=\"meta-info\">Restor\u0101ni<\/div><\/div><\/a><a href=\"https:\/\/visittartu.com\/lv\/objekt\/restorans-pussirohukelder-1\/\" class=\"obj-grid-item handle-preview\" data-iteration=\"4\" data-post_id=\"8834\" data-post_type=\"remote_object_ve\"><div class=\"obj-grid-item-img-container\"><div class=\"img-black-overlay\"><\/div><img loading=\"lazy\" decoding=\"async\" width=\"1024\" height=\"427\" src=\"https:\/\/visittartu.com\/wp-content\/uploads\/ve\/2023\/03\/GK_1855_Original-1024x427.jpg\" class=\"attachment-large size-large wp-post-image\" alt=\"Interior view of the Gunpowder Cellar Restaurant\" srcset=\"https:\/\/visittartu.com\/wp-content\/uploads\/ve\/2023\/03\/GK_1855_Original-1024x427.jpg 1024w, https:\/\/visittartu.com\/wp-content\/uploads\/ve\/2023\/03\/GK_1855_Original-300x125.jpg 300w, https:\/\/visittartu.com\/wp-content\/uploads\/ve\/2023\/03\/GK_1855_Original-768x320.jpg 768w, https:\/\/visittartu.com\/wp-content\/uploads\/ve\/2023\/03\/GK_1855_Original-1536x640.jpg 1536w, https:\/\/visittartu.com\/wp-content\/uploads\/ve\/2023\/03\/GK_1855_Original.jpg 1920w\" sizes=\"(max-width: 1024px) 100vw, 1024px\" \/><\/div><div class=\"obj-grid-item-container\"><h2>Restor\u0101ns \"Pulvera pagrabs\" (P\u00fcssirohukelder)<\/h2><div class=\"meta-info\">B\u0101ri un krogi<\/div><\/div><\/a><a href=\"https:\/\/visittartu.com\/lv\/objekt\/restorans-kolm-tilli\/\" class=\"obj-grid-item handle-preview\" data-iteration=\"5\" data-post_id=\"13958\" data-post_type=\"remote_object_ve\"><div class=\"obj-grid-item-img-container\"><div class=\"img-black-overlay\"><\/div><img loading=\"lazy\" decoding=\"async\" width=\"1024\" height=\"683\" src=\"https:\/\/visittartu.com\/wp-content\/uploads\/ve\/2025\/10\/restoran-kolm-tilli-027-visit-estonia-1024x683.jpg\" class=\"attachment-large size-large wp-post-image\" alt=\"People dining at Kolm Tilli restaurant, with dishes, French fries, and drinks on the table.\" srcset=\"https:\/\/visittartu.com\/wp-content\/uploads\/ve\/2025\/10\/restoran-kolm-tilli-027-visit-estonia-1024x683.jpg 1024w, https:\/\/visittartu.com\/wp-content\/uploads\/ve\/2025\/10\/restoran-kolm-tilli-027-visit-estonia-300x200.jpg 300w, https:\/\/visittartu.com\/wp-content\/uploads\/ve\/2025\/10\/restoran-kolm-tilli-027-visit-estonia-768x512.jpg 768w, https:\/\/visittartu.com\/wp-content\/uploads\/ve\/2025\/10\/restoran-kolm-tilli-027-visit-estonia-1536x1024.jpg 1536w, https:\/\/visittartu.com\/wp-content\/uploads\/ve\/2025\/10\/restoran-kolm-tilli-027-visit-estonia-2048x1365.jpg 2048w\" sizes=\"(max-width: 1024px) 100vw, 1024px\" \/><div class=\"gi-tags\" ><div class=\"gi-tags-wrapper\" ><div>At\u013cauti m\u0101jdz\u012bvnieki<\/div><div>\u0122imenes jautr\u012bba<\/div><div>Veg\u0101ns<\/div><div>Ve\u0123et\u0101rietis<\/div><\/div><\/div><\/div><div class=\"obj-grid-item-container\"><h2>Restor\u0101ns \"Kolm Tilli\"<\/h2><div class=\"meta-info\">Restor\u0101ni<\/div><\/div><\/a><a href=\"https:\/\/visittartu.com\/lv\/objekt\/vina-bars-vein-ja-vine-1\/\" class=\"obj-grid-item handle-preview\" data-iteration=\"6\" data-post_id=\"224326\" data-post_type=\"remote_object_ve\"><div class=\"obj-grid-item-img-container\"><div class=\"img-black-overlay\"><\/div><img loading=\"lazy\" decoding=\"async\" width=\"1000\" height=\"667\" src=\"https:\/\/visittartu.com\/wp-content\/uploads\/ve\/2025\/11\/vein-ja-vine-cultura-vine-bar-visit-tartu-visit-estonia.jpg\" class=\"attachment-large size-large wp-post-image\" alt=\"Wine bar Vein ja Vine\" srcset=\"https:\/\/visittartu.com\/wp-content\/uploads\/ve\/2025\/11\/vein-ja-vine-cultura-vine-bar-visit-tartu-visit-estonia.jpg 1000w, https:\/\/visittartu.com\/wp-content\/uploads\/ve\/2025\/11\/vein-ja-vine-cultura-vine-bar-visit-tartu-visit-estonia-300x200.jpg 300w, https:\/\/visittartu.com\/wp-content\/uploads\/ve\/2025\/11\/vein-ja-vine-cultura-vine-bar-visit-tartu-visit-estonia-768x512.jpg 768w\" sizes=\"(max-width: 1000px) 100vw, 1000px\" \/><\/div><div class=\"obj-grid-item-container\"><h2>V\u012bna b\u0101rs \"Vein ja Vine\"<\/h2><div class=\"meta-info\">B\u0101ri un krogi<\/div><\/div><\/a><a href=\"https:\/\/visittartu.com\/lv\/objekt\/nesker-medalus-razotnes-ekskursija-ar-medalus-degustaciju\/\" class=\"obj-grid-item handle-preview\" data-iteration=\"7\" data-post_id=\"239931\" data-post_type=\"remote_object_ve\"><div class=\"obj-grid-item-img-container\"><div class=\"img-black-overlay\"><\/div><img loading=\"lazy\" decoding=\"async\" width=\"1024\" height=\"683\" src=\"https:\/\/visittartu.com\/wp-content\/uploads\/ve\/2026\/04\/nooskeri-modukoja-tuur-koos-modude-degusteerimisega-009-visit-estonia-1024x683.jpg\" class=\"attachment-large size-large wp-post-image\" alt=\"N\u00f6\u00f6sker meadery\" srcset=\"https:\/\/visittartu.com\/wp-content\/uploads\/ve\/2026\/04\/nooskeri-modukoja-tuur-koos-modude-degusteerimisega-009-visit-estonia-1024x683.jpg 1024w, https:\/\/visittartu.com\/wp-content\/uploads\/ve\/2026\/04\/nooskeri-modukoja-tuur-koos-modude-degusteerimisega-009-visit-estonia-300x200.jpg 300w, https:\/\/visittartu.com\/wp-content\/uploads\/ve\/2026\/04\/nooskeri-modukoja-tuur-koos-modude-degusteerimisega-009-visit-estonia-768x512.jpg 768w, https:\/\/visittartu.com\/wp-content\/uploads\/ve\/2026\/04\/nooskeri-modukoja-tuur-koos-modude-degusteerimisega-009-visit-estonia-1536x1024.jpg 1536w, https:\/\/visittartu.com\/wp-content\/uploads\/ve\/2026\/04\/nooskeri-modukoja-tuur-koos-modude-degusteerimisega-009-visit-estonia-2048x1365.jpg 2048w\" sizes=\"(max-width: 1024px) 100vw, 1024px\" \/><div class=\"gi-tags\" ><div class=\"gi-tags-wrapper\" ><div>At\u013cauti m\u0101jdz\u012bvnieki<\/div><div>T\u016bres gida pavad\u012bb\u0101<\/div><\/div><\/div><\/div><div class=\"obj-grid-item-container\"><h2>N\u0113sker medalus ra\u017eotnes ekskursija ar medalus degust\u0101ciju<\/h2><div class=\"meta-info\">Lauku tirdzi\u0146i un ekoveikali<\/div><\/div><\/a><a href=\"https:\/\/visittartu.com\/lv\/objekt\/dzirkstosa-vina-apmacibas-alatskivi-1\/\" class=\"obj-grid-item handle-preview\" data-iteration=\"8\" data-post_id=\"222222\" data-post_type=\"remote_object_ve\"><div class=\"obj-grid-item-img-container\"><div class=\"img-black-overlay\"><\/div><img loading=\"lazy\" decoding=\"async\" width=\"1024\" height=\"427\" src=\"https:\/\/visittartu.com\/wp-content\/uploads\/ve\/2025\/10\/veiniklaasid-1024x427.jpg\" class=\"attachment-large size-large wp-post-image\" alt=\"Wine training in Alatskivi\" srcset=\"https:\/\/visittartu.com\/wp-content\/uploads\/ve\/2025\/10\/veiniklaasid-1024x427.jpg 1024w, https:\/\/visittartu.com\/wp-content\/uploads\/ve\/2025\/10\/veiniklaasid-300x125.jpg 300w, https:\/\/visittartu.com\/wp-content\/uploads\/ve\/2025\/10\/veiniklaasid-768x320.jpg 768w, https:\/\/visittartu.com\/wp-content\/uploads\/ve\/2025\/10\/veiniklaasid-1536x640.jpg 1536w, https:\/\/visittartu.com\/wp-content\/uploads\/ve\/2025\/10\/veiniklaasid.jpg 1920w\" sizes=\"(max-width: 1024px) 100vw, 1024px\" \/><\/div><div class=\"obj-grid-item-container\"><h2>Dzirksto\u0161\u0101 v\u012bna apm\u0101c\u012bbas Alatskivi<\/h2><div class=\"meta-info\">\u0112din\u0101\u0161ana k\u0101 aizraujo\u0161s piedz\u012bvojums un darbn\u012bcas<\/div><\/div><\/a><a href=\"https:\/\/visittartu.com\/lv\/objekt\/restorans-pompei-1\/\" class=\"obj-grid-item handle-preview\" data-iteration=\"9\" data-post_id=\"13844\" data-post_type=\"remote_object_ve\"><div class=\"obj-grid-item-img-container\"><div class=\"img-black-overlay\"><\/div><img loading=\"lazy\" decoding=\"async\" width=\"1024\" height=\"683\" src=\"https:\/\/visittartu.com\/wp-content\/uploads\/ve\/2025\/10\/restoran-pompei-013-visit-estonia-1024x683.jpg\" class=\"attachment-large size-large wp-post-image\" alt=\"Elegant dinner setup at Restaurant Pompei in Tartu\" srcset=\"https:\/\/visittartu.com\/wp-content\/uploads\/ve\/2025\/10\/restoran-pompei-013-visit-estonia-1024x683.jpg 1024w, https:\/\/visittartu.com\/wp-content\/uploads\/ve\/2025\/10\/restoran-pompei-013-visit-estonia-300x200.jpg 300w, https:\/\/visittartu.com\/wp-content\/uploads\/ve\/2025\/10\/restoran-pompei-013-visit-estonia-768x512.jpg 768w, https:\/\/visittartu.com\/wp-content\/uploads\/ve\/2025\/10\/restoran-pompei-013-visit-estonia-1536x1025.jpg 1536w, https:\/\/visittartu.com\/wp-content\/uploads\/ve\/2025\/10\/restoran-pompei-013-visit-estonia-2048x1366.jpg 2048w\" sizes=\"(max-width: 1024px) 100vw, 1024px\" \/><div class=\"gi-tags\" ><div class=\"gi-tags-wrapper\" ><div>Falstaff<\/div><div>White Guide Nordic<\/div><\/div><\/div><\/div><div class=\"obj-grid-item-container\"><h2>Restor\u0101ns Pompei<\/h2><div class=\"meta-info\">Restor\u0101ni<\/div><\/div><\/a><a href=\"https:\/\/visittartu.com\/lv\/objekt\/kafejnica-werner\/\" class=\"obj-grid-item handle-preview\" data-iteration=\"10\" data-post_id=\"9659\" data-post_type=\"remote_object_ve\"><div class=\"obj-grid-item-img-container\"><div class=\"img-black-overlay\"><\/div><img loading=\"lazy\" decoding=\"async\" width=\"1024\" height=\"427\" src=\"https:\/\/visittartu.com\/wp-content\/uploads\/ve\/2025\/10\/werneroues-3-1024x427.jpg\" class=\"attachment-large size-large wp-post-image\" alt=\"Caf\u00e9 Werner and exquisite sweet selection\" srcset=\"https:\/\/visittartu.com\/wp-content\/uploads\/ve\/2025\/10\/werneroues-3-1024x427.jpg 1024w, https:\/\/visittartu.com\/wp-content\/uploads\/ve\/2025\/10\/werneroues-3-300x125.jpg 300w, https:\/\/visittartu.com\/wp-content\/uploads\/ve\/2025\/10\/werneroues-3-768x320.jpg 768w, https:\/\/visittartu.com\/wp-content\/uploads\/ve\/2025\/10\/werneroues-3-1536x640.jpg 1536w, https:\/\/visittartu.com\/wp-content\/uploads\/ve\/2025\/10\/werneroues-3.jpg 1920w\" sizes=\"(max-width: 1024px) 100vw, 1024px\" \/><div class=\"gi-tags\" ><div class=\"gi-tags-wrapper\" ><div>At\u013cauti m\u0101jdz\u012bvnieki<\/div><div>\u0122imenes jautr\u012bba<\/div><div>Silverspoon<\/div><div>Veg\u0101ns<\/div><div>Ve\u0123et\u0101rietis<\/div><\/div><\/div><\/div><div class=\"obj-grid-item-container\"><h2>Kafejn\u012bca \"Werner\"<\/h2><div class=\"meta-info\">Kafejn\u012bcas<\/div><\/div><\/a><a href=\"https:\/\/visittartu.com\/lv\/objekt\/restorans-la-dolce-vita\/\" class=\"obj-grid-item handle-preview\" data-iteration=\"11\" data-post_id=\"9731\" data-post_type=\"remote_object_ve\"><div class=\"obj-grid-item-img-container\"><div class=\"img-black-overlay\"><\/div><img loading=\"lazy\" decoding=\"async\" width=\"1024\" height=\"427\" src=\"https:\/\/visittartu.com\/wp-content\/uploads\/ve\/2025\/10\/la-dolce-vita-visit-tartu-visit-estonia-5-1024x427.jpg\" class=\"attachment-large size-large wp-post-image\" alt=\"Italian restaurant La Dolce Vita\" srcset=\"https:\/\/visittartu.com\/wp-content\/uploads\/ve\/2025\/10\/la-dolce-vita-visit-tartu-visit-estonia-5-1024x427.jpg 1024w, https:\/\/visittartu.com\/wp-content\/uploads\/ve\/2025\/10\/la-dolce-vita-visit-tartu-visit-estonia-5-300x125.jpg 300w, https:\/\/visittartu.com\/wp-content\/uploads\/ve\/2025\/10\/la-dolce-vita-visit-tartu-visit-estonia-5-768x320.jpg 768w, https:\/\/visittartu.com\/wp-content\/uploads\/ve\/2025\/10\/la-dolce-vita-visit-tartu-visit-estonia-5-1536x640.jpg 1536w, https:\/\/visittartu.com\/wp-content\/uploads\/ve\/2025\/10\/la-dolce-vita-visit-tartu-visit-estonia-5.jpg 1920w\" sizes=\"(max-width: 1024px) 100vw, 1024px\" \/><\/div><div class=\"obj-grid-item-container\"><h2>Restor\u0101ns La Dolce Vita<\/h2><div class=\"meta-info\">Restor\u0101ni<\/div><\/div><\/a><a href=\"https:\/\/visittartu.com\/lv\/objekt\/restorans-antonius\/\" class=\"obj-grid-item handle-preview\" data-iteration=\"12\" data-post_id=\"8960\" data-post_type=\"remote_object_ve\"><div class=\"obj-grid-item-img-container\"><div class=\"img-black-overlay\"><\/div><img loading=\"lazy\" decoding=\"async\" width=\"1024\" height=\"512\" src=\"https:\/\/visittartu.com\/wp-content\/uploads\/ve\/2025\/10\/visit-estonia-restaurant-antonius-1024x512.jpg\" class=\"attachment-large size-large wp-post-image\" alt=\"Restaurant Antonius\" srcset=\"https:\/\/visittartu.com\/wp-content\/uploads\/ve\/2025\/10\/visit-estonia-restaurant-antonius-1024x512.jpg 1024w, https:\/\/visittartu.com\/wp-content\/uploads\/ve\/2025\/10\/visit-estonia-restaurant-antonius-300x150.jpg 300w, https:\/\/visittartu.com\/wp-content\/uploads\/ve\/2025\/10\/visit-estonia-restaurant-antonius-768x384.jpg 768w, https:\/\/visittartu.com\/wp-content\/uploads\/ve\/2025\/10\/visit-estonia-restaurant-antonius-1536x768.jpg 1536w, https:\/\/visittartu.com\/wp-content\/uploads\/ve\/2025\/10\/visit-estonia-restaurant-antonius.jpg 1600w\" sizes=\"(max-width: 1024px) 100vw, 1024px\" \/><div class=\"gi-tags\" ><div class=\"gi-tags-wrapper\" ><div>Falstaff<\/div><div>\u0122imenes jautr\u012bba<\/div><div>Veg\u0101ns<\/div><div>Ve\u0123et\u0101rietis<\/div><div>White Guide Nordic<\/div><\/div><\/div><\/div><div class=\"obj-grid-item-container\"><h2>Restor\u0101ns \"Antonius\"<\/h2><div class=\"meta-info\">Restor\u0101ni<\/div><\/div><\/a><img decoding=\"async\" class=\"obj-grid-loading\" src=\"https:\/\/visittartu.com\/wp-content\/themes\/visittartu\/assets\/loading.gif\" \/><\/div><div class=\"obj-grid-footer\"><div class=\"\"><\/div><a href=\"#\" class=\"global-btn load-more-button\">R\u0101d\u012bt vair\u0101k (<div>81<\/div>)<\/a><\/div><\/div><\/div>\n\t\t\t\t\t\t<\/div>\n\t\t\t\t<\/div>\n\t\t\t\t\t<\/div>\n\t\t\t\t<\/div>\n\t\t\t\t<\/div>\n\t\t","protected":false},"excerpt":{"rendered":"<p>Tartu atver v\u0101rtus kulin\u0101rajai pieredzei dienvidigau\u0146u gaum\u0113 Dienvidigaunij\u0101 audz\u0113t\u0101 p\u0101rtika ir koncentr\u0113ta Tartu un sniedz iedvesmu viet\u0113jiem \u0113din\u0101\u0161anas uz\u0146\u0113mumiem. \u0160ejienes restor\u0101nos, kafejn\u012bc\u0101s, b\u0101ros un krogos sa\u0146emsiet gan viet\u0113jo, gan aizrobe\u017eu gar\u0161u pieredzi.\u00a0\u00a0<\/p>\n","protected":false},"author":2,"featured_media":146843,"parent":0,"menu_order":0,"comment_status":"closed","ping_status":"closed","template":"","meta":{"_acf_changed":false,"footnotes":""},"class_list":["post-151365","page","type-page","status-publish","has-post-thumbnail","hentry"],"acf":[],"_links":{"self":[{"href":"https:\/\/visittartu.com\/lv\/wp-json\/wp\/v2\/pages\/151365","targetHints":{"allow":["GET"]}}],"collection":[{"href":"https:\/\/visittartu.com\/lv\/wp-json\/wp\/v2\/pages"}],"about":[{"href":"https:\/\/visittartu.com\/lv\/wp-json\/wp\/v2\/types\/page"}],"author":[{"embeddable":true,"href":"https:\/\/visittartu.com\/lv\/wp-json\/wp\/v2\/users\/2"}],"replies":[{"embeddable":true,"href":"https:\/\/visittartu.com\/lv\/wp-json\/wp\/v2\/comments?post=151365"}],"version-history":[{"count":5,"href":"https:\/\/visittartu.com\/lv\/wp-json\/wp\/v2\/pages\/151365\/revisions"}],"predecessor-version":[{"id":235988,"href":"https:\/\/visittartu.com\/lv\/wp-json\/wp\/v2\/pages\/151365\/revisions\/235988"}],"wp:featuredmedia":[{"embeddable":true,"href":"https:\/\/visittartu.com\/lv\/wp-json\/wp\/v2\/media\/146843"}],"wp:attachment":[{"href":"https:\/\/visittartu.com\/lv\/wp-json\/wp\/v2\/media?parent=151365"}],"curies":[{"name":"wp","href":"https:\/\/api.w.org\/{rel}","templated":true}]}}