 {"id":151362,"date":"2023-07-20T06:59:56","date_gmt":"2023-07-20T06:59:56","guid":{"rendered":"https:\/\/visittartu.com\/kontakti\/"},"modified":"2024-11-04T14:55:38","modified_gmt":"2024-11-04T14:55:38","slug":"kontakti","status":"publish","type":"page","link":"https:\/\/visittartu.com\/lv\/kontakti\/","title":{"rendered":"Kontakti"},"content":{"rendered":"\t\t<div data-elementor-type=\"wp-page\" data-elementor-id=\"151362\" class=\"elementor elementor-151362 elementor-71954\" data-elementor-post-type=\"page\">\n\t\t\t\t<div class=\"elementor-element elementor-element-0f5ab58 e-flex e-con-boxed e-con e-parent\" data-id=\"0f5ab58\" data-element_type=\"container\">\n\t\t\t\t\t<div class=\"e-con-inner\">\n\t\t\t\t<div class=\"elementor-element elementor-element-07107ce elementor-widget elementor-widget-heading\" data-id=\"07107ce\" data-element_type=\"widget\" data-widget_type=\"heading.default\">\n\t\t\t\t<div class=\"elementor-widget-container\">\n\t\t\t\t\t<h2 class=\"elementor-heading-title elementor-size-default\">Tartu inform\u0101cijas centrs R\u0101tsnam\u0101 <i class=\"fa-regular fa-circle-info\"><\/i><\/h2>\t\t\t\t<\/div>\n\t\t\t\t<\/div>\n\t\t\t\t<div class=\"elementor-element elementor-element-03d5250 elementor-widget elementor-widget-text-editor\" data-id=\"03d5250\" data-element_type=\"widget\" data-widget_type=\"text-editor.default\">\n\t\t\t\t<div class=\"elementor-widget-container\">\n\t\t\t\t\t\t\t\t\t<p><i class=\"fa-solid fa-location-dot\"><\/i> Raekoja plats 1a<br \/><i class=\"fa-solid fa-clock\"><\/i> 15. maijs \u2013 15. septembris P plkst. 9\u201318, O\u2013Pk plkst. 9\u201317, S, Sv plkst. 10\u201316<br \/>Cit\u0101 laik\u0101 P plkst. 9\u201318, O\u2013Pk plkst. 9\u201317<br \/><i class=\"fa-solid fa-envelope\"><\/i> info@visittartu.com<br \/><i class=\"fa-solid fa-phone-volume\"><\/i> +372 744 2111<\/p>\n\t\t\t\t\t\t\t\t<\/div>\n\t\t\t\t<\/div>\n\t\t\t\t<div class=\"elementor-element elementor-element-3b02e1c elementor-widget elementor-widget-text-editor\" data-id=\"3b02e1c\" data-element_type=\"widget\" data-widget_type=\"text-editor.default\">\n\t\t\t\t<div class=\"elementor-widget-container\">\n\t\t\t\t\t\t\t\t\t<p>T\u016brisma inform\u0101cijas centr\u0101 pal\u012bdz\u012bbu sa\u0146ems gan viet\u0113jais, gan iebrauc\u0113js. T\u016brisma inform\u0101cijas centr\u0101 bez maksas var sa\u0146emt pils\u0113tas un re\u0123iona t\u016brisma kartes un citus informat\u012bvus bukletus. Turkl\u0101t tiek p\u0101rdoti suven\u012bri, pastkartes un pastmarkas. T\u0101pat var sa\u0146emt inform\u0101ciju, kas saist\u012bta ar iedz\u012bvot\u0101jiem, ieg\u0101d\u0101ties autobusu brauk\u0161anas kartes, apstr\u012bd\u0113t naudas sodus par st\u0101vviet\u0101m vai ieg\u0101d\u0101ties at\u013cauju transportl\u012bdzek\u013ca novieto\u0161anai st\u0101vlaukum\u0101.<\/p>\n\t\t\t\t\t\t\t\t<\/div>\n\t\t\t\t<\/div>\n\t\t\t\t<div class=\"elementor-element elementor-element-419b921 elementor-widget elementor-widget-spacer\" data-id=\"419b921\" data-element_type=\"widget\" data-widget_type=\"spacer.default\">\n\t\t\t\t<div class=\"elementor-widget-container\">\n\t\t\t\t\t\t\t<div class=\"elementor-spacer\">\n\t\t\t<div class=\"elementor-spacer-inner\"><\/div>\n\t\t<\/div>\n\t\t\t\t\t\t<\/div>\n\t\t\t\t<\/div>\n\t\t\t\t\t<\/div>\n\t\t\t\t<\/div>\n\t\t<div class=\"elementor-element elementor-element-c068f78 e-flex e-con-boxed e-con e-parent\" data-id=\"c068f78\" data-element_type=\"container\">\n\t\t\t\t\t<div class=\"e-con-inner\">\n\t\t\t\t<div class=\"elementor-element elementor-element-aaa4455 elementor-widget elementor-widget-shortcode\" data-id=\"aaa4455\" data-element_type=\"widget\" data-widget_type=\"shortcode.default\">\n\t\t\t\t<div class=\"elementor-widget-container\">\n\t\t\t\t\t\t\t<div class=\"elementor-shortcode\"><div class=\"page-content-list shortcode-instance\" data-vt-cookie-conf=\"{&quot;post_id_set&quot;:{&quot;name&quot;:&quot;vt_fav_set&quot;,&quot;separator&quot;:&quot;|&quot;,&quot;ttl&quot;:315360000},&quot;hash&quot;:{&quot;name&quot;:&quot;vt_fav_hash&quot;,&quot;ttl&quot;:315360000}}\" data-vt-object-type=\"people\"data-load_people=\"true\" data-scid=\"213bba6f0c\"><div class=\"obj-grid-header-wrapper people\"><div class=\"section-filters\"><div class=\"section-filter-group\" data-filter-section=\"valdkond\"><div class=\"section-filter-item people\" data-filter-key=\"484\" data-filter-name=\"Vad\u012bba\">Vad\u012bba<\/div><div class=\"section-filter-item people\" data-filter-key=\"485\" data-filter-name=\"M\u0101rketings un projekti\">M\u0101rketings un projekti<\/div><div class=\"section-filter-item people\" data-filter-key=\"486\" data-filter-name=\"T\u016brisma inform\u0101cija\">T\u016brisma inform\u0101cija<\/div><\/div><\/div><\/div><div class=\"obj-grid people\" data-rowcnt=\"4\" data-rowcntmbl=\"1\" data-object-count-per-load=\"12\" data-all-loaded=\"0\"><div class=\"obj-grid-item people\" data-iteration=\"1\" data-post_id=\"150508\" data-post_type=\"people\" data-domain_set=\"[485]\" style=\"display:none;\"><div class=\"obj-grid-item-img-container\"><div class=\"img-black-overlay\"><\/div><img decoding=\"async\" src=\"https:\/\/visittartu.com\/wp-content\/uploads\/2023\/10\/Evelin-Traks-681x1024.jpg\" alt=\"evelin-traks-2\" title=\"evelin-traks-2\" \/><\/div><div class=\"obj-grid-item-container\"><h2 class=\"people-name\">Evelin Traks<\/h2><div class=\"people-position\">T\u016brisma t\u012bmek\u013ca vietnes speci\u0101lists<\/div><div class=\"people-lang-tags\" ><div>EN<\/div><div>ET<\/div><\/div><a href=\"tel:+3725013710\" class=\"people-contact-item\"><i class=\"fa-solid fa-phone\"><\/i> +372 501 3710<\/a><a href=\"mailto:evelin.traks@visittartu.com\" class=\"people-contact-item\"><i class=\"fa-sharp fa-solid fa-envelope\"><\/i> evelin.traks@visittartu.com<\/a><\/div><\/div><div class=\"obj-grid-item people\" data-iteration=\"2\" data-post_id=\"150516\" data-post_type=\"people\" data-domain_set=\"[485]\" style=\"display:none;\"><div class=\"obj-grid-item-img-container\"><div class=\"img-black-overlay\"><\/div><img decoding=\"async\" src=\"https:\/\/visittartu.com\/wp-content\/uploads\/2024\/03\/DSC_4278-681x1024.jpg\" alt=\"dsc_4278-2\" title=\"dsc_4278-2\" \/><\/div><div class=\"obj-grid-item-container\"><h2 class=\"people-name\">Mare-Liis Kanarik<\/h2><div class=\"people-position\">Marketinga projektu vad\u012bt\u0101js<\/div><div class=\"people-lang-tags\" ><div>EN<\/div><div>ET<\/div><\/div><a href=\"tel:+37253846945\" class=\"people-contact-item\"><i class=\"fa-solid fa-phone\"><\/i> +372 5384 6945<\/a><a href=\"mailto:mareliis.kanarik@visittartu.com\" class=\"people-contact-item\"><i class=\"fa-sharp fa-solid fa-envelope\"><\/i> mareliis.kanarik@visittartu.com<\/a><\/div><\/div><div class=\"obj-grid-item people\" data-iteration=\"3\" data-post_id=\"150512\" data-post_type=\"people\" data-domain_set=\"[485]\" style=\"display:none;\"><div class=\"obj-grid-item-img-container\"><div class=\"img-black-overlay\"><\/div><img decoding=\"async\" src=\"https:\/\/visittartu.com\/wp-content\/uploads\/2023\/10\/DSC_1046-1-681x1024.jpg\" alt=\"dsc_1046-3\" title=\"dsc_1046-3\" \/><\/div><div class=\"obj-grid-item-container\"><h2 class=\"people-name\">Kaire Savi<\/h2><div class=\"people-position\">M\u0101rketinga speci\u0101liste<\/div><div class=\"people-lang-tags\" ><div>EN<\/div><div>ET<\/div><\/div><a href=\"tel:+37258838881\" class=\"people-contact-item\"><i class=\"fa-solid fa-phone\"><\/i> +372 5883 8881<\/a><a href=\"mailto:kaire.savi@visittartu.com\" class=\"people-contact-item\"><i class=\"fa-sharp fa-solid fa-envelope\"><\/i> kaire.savi@visittartu.com<\/a><\/div><\/div><div class=\"obj-grid-item people\" data-iteration=\"4\" data-post_id=\"171694\" data-post_type=\"people\" data-domain_set=\"[485]\" style=\"display:none;\"><div class=\"obj-grid-item-img-container\"><div class=\"img-black-overlay\"><\/div><img decoding=\"async\" src=\"https:\/\/visittartu.com\/wp-content\/uploads\/2025\/05\/DSC_4456-Edit-3-683x1024.jpg\" alt=\"dsc_4456-edit-3-2\" title=\"dsc_4456-edit-3-2\" \/><\/div><div class=\"obj-grid-item-container\"><h2 class=\"people-name\">Miia Maris Praks<\/h2><div class=\"people-position\">Ilgtsp\u0113j\u012bga t\u016brisma koordinatore <\/div><div class=\"people-lang-tags\" ><div>EN<\/div><div>ET<\/div><div>FR<\/div><\/div><a href=\"tel:+37253470939\" class=\"people-contact-item\"><i class=\"fa-solid fa-phone\"><\/i> +372 5347 0939<\/a><a href=\"mailto:miia.praks@visittartu.com\" class=\"people-contact-item\"><i class=\"fa-sharp fa-solid fa-envelope\"><\/i> miia.praks@visittartu.com<\/a><\/div><\/div><div class=\"obj-grid-item people\" data-iteration=\"5\" data-post_id=\"160272\" data-post_type=\"people\" data-domain_set=\"[486]\" style=\"display:none;\"><div class=\"obj-grid-item-img-container\"><div class=\"img-black-overlay\"><\/div><img decoding=\"async\" src=\"https:\/\/visittartu.com\/wp-content\/uploads\/2025\/01\/DSC_4270-681x1024.jpg\" alt=\"dsc_4270-2\" title=\"dsc_4270-2\" \/><\/div><div class=\"obj-grid-item-container\"><h2 class=\"people-name\">C\u00e4rolin Angerj\u00e4rv<\/h2><div class=\"people-position\">Inform\u0101cijas speci\u0101liste<\/div><div class=\"people-lang-tags\" ><div>EN<\/div><div>ET<\/div><\/div><a href=\"tel:+3725184055\" class=\"people-contact-item\"><i class=\"fa-solid fa-phone\"><\/i> +372 518 4055<\/a><a href=\"mailto:carolin.angerjarv@visittartu.com\" class=\"people-contact-item\"><i class=\"fa-sharp fa-solid fa-envelope\"><\/i> carolin.angerjarv@visittartu.com<\/a><\/div><\/div><div class=\"obj-grid-item people\" data-iteration=\"6\" data-post_id=\"150693\" data-post_type=\"people\" data-domain_set=\"[485]\" style=\"display:none;\"><div class=\"obj-grid-item-img-container\"><div class=\"img-black-overlay\"><\/div><img decoding=\"async\" src=\"https:\/\/visittartu.com\/wp-content\/uploads\/2023\/10\/DSC_0525-2-683x1024.jpg\" alt=\"dsc_0525-2-2\" title=\"dsc_0525-2-2\" \/><\/div><div class=\"obj-grid-item-container\"><h2 class=\"people-name\">Maigi Lokko<\/h2><div class=\"people-position\">Biznesa t\u016brisma un MICE<\/div><div class=\"people-lang-tags\" ><div>EN<\/div><div>ET<\/div><div>RU<\/div><\/div><a href=\"tel:+37254290508\" class=\"people-contact-item\"><i class=\"fa-solid fa-phone\"><\/i> +372 5429 0508<\/a><a href=\"mailto:maigi.lokko@visittartu.com\" class=\"people-contact-item\"><i class=\"fa-sharp fa-solid fa-envelope\"><\/i> maigi.lokko@visittartu.com<\/a><\/div><\/div><div class=\"obj-grid-item people\" data-iteration=\"7\" data-post_id=\"150500\" data-post_type=\"people\" data-domain_set=\"[484]\" style=\"display:none;\"><div class=\"obj-grid-item-img-container\"><div class=\"img-black-overlay\"><\/div><img decoding=\"async\" src=\"https:\/\/visittartu.com\/wp-content\/uploads\/2023\/04\/DSC_1083-2-681x1024.jpg\" alt=\"dsc_1083-3\" title=\"dsc_1083-3\" \/><\/div><div class=\"obj-grid-item-container\"><h2 class=\"people-name\">Annika Ojasaar<\/h2><div class=\"people-position\">T\u016brisma mened\u017eeris \/ Valdes loceklis<\/div><div class=\"people-lang-tags\" ><div>EN<\/div><div>ET<\/div><div>RU<\/div><\/div><a href=\"tel:+37258867883\" class=\"people-contact-item\"><i class=\"fa-solid fa-phone\"><\/i> +372 5886 7883<\/a><a href=\"mailto:annika.ojasaar@visittartu.com\" class=\"people-contact-item\"><i class=\"fa-sharp fa-solid fa-envelope\"><\/i> annika.ojasaar@visittartu.com<\/a><\/div><\/div><div class=\"obj-grid-item people\" data-iteration=\"8\" data-post_id=\"232185\" data-post_type=\"people\" data-domain_set=\"[484, 486]\" style=\"display:none;\"><div class=\"obj-grid-item-img-container\"><div class=\"img-black-overlay\"><\/div><\/div><div class=\"obj-grid-item-container\"><h2 class=\"people-name\">Kaisa Tipp<\/h2><div class=\"people-position\">Vad\u012bt\u0101ja asistente<\/div><div class=\"people-lang-tags\" ><div>EN<\/div><div>ET<\/div><\/div><a href=\"tel:+37253098263\" class=\"people-contact-item\"><i class=\"fa-solid fa-phone\"><\/i> +372 5309 8263<\/a><a href=\"mailto:kaisa.tipp@visittartu.com\" class=\"people-contact-item\"><i class=\"fa-sharp fa-solid fa-envelope\"><\/i> kaisa.tipp@visittartu.com<\/a><\/div><\/div><img decoding=\"async\" class=\"obj-grid-loading\" src=\"https:\/\/visittartu.com\/wp-content\/themes\/visittartu\/assets\/loading.gif\" \/><\/div><\/div><\/div>\n\t\t\t\t\t\t<\/div>\n\t\t\t\t<\/div>\n\t\t\t\t<div class=\"elementor-element elementor-element-ce8519b elementor-widget elementor-widget-spacer\" data-id=\"ce8519b\" data-element_type=\"widget\" data-widget_type=\"spacer.default\">\n\t\t\t\t<div class=\"elementor-widget-container\">\n\t\t\t\t\t\t\t<div class=\"elementor-spacer\">\n\t\t\t<div class=\"elementor-spacer-inner\"><\/div>\n\t\t<\/div>\n\t\t\t\t\t\t<\/div>\n\t\t\t\t<\/div>\n\t\t\t\t<div class=\"elementor-element elementor-element-92b5223 elementor-widget elementor-widget-heading\" data-id=\"92b5223\" data-element_type=\"widget\" data-widget_type=\"heading.default\">\n\t\t\t\t<div class=\"elementor-widget-container\">\n\t\t\t\t\t<h2 class=\"elementor-heading-title elementor-size-default\"><i>Visit Tartu<\/i> ir da\u013ca no Dienvidigaunijas t\u016brisma klastera.<\/h2>\t\t\t\t<\/div>\n\t\t\t\t<\/div>\n\t\t\t\t<div class=\"elementor-element elementor-element-915a6d8 elementor-widget elementor-widget-text-editor\" data-id=\"915a6d8\" data-element_type=\"widget\" data-widget_type=\"text-editor.default\">\n\t\t\t\t<div class=\"elementor-widget-container\">\n\t\t\t\t\t\t\t\t\t<p>M\u016bsu juridisko formu, <a href=\"https:\/\/ariregister.rik.ee\/est\/company\/90001701\/Sihtasutus-Tartumaa-Turism?search_id=2607b1e&amp;pos=1\" target=\"_blank\" rel=\"noopener\"><strong>nodibin\u0101jumu <i>Tartumaa Turism<\/i><\/strong><\/a> (<i>Tartu apri\u0146\u0137a t\u016brisms<\/i>), 1999. gad\u0101 izveidoja Tartu pils\u0113tas pa\u0161vald\u012bba un Tartu apri\u0146\u0137a pa\u0161vald\u012bbu savien\u012bba ar m\u0113r\u0137i koordin\u0113t ar t\u016brismu saist\u012btu att\u012bst\u012bbas darbu Tartu pils\u0113t\u0101 un apri\u0146\u0137\u012b, tostarp nodarboties ar re\u0123iona m\u0101rketingu, t\u016brisma produktu izstr\u0101di, re\u0123iona t\u0113la veido\u0161anu un ar t\u016brismu saist\u012btas inform\u0101cijas v\u0101k\u0161anu, anal\u012bzi un izplat\u012b\u0161anu. M\u016bsu atpaz\u012bstam\u012bbas z\u012bmols ir <i>Visit Tartu<\/i>. 2021. gad\u0101 nodibin\u0101jums izveidoja t\u016brisma klasteri <a href=\"https:\/\/visitsouthestonia.com\/turismiklaster\/\" target=\"_blank\" rel=\"noopener\"><strong><i>L\u00f5una-Eesti turismiklaster<\/i><\/strong><\/a> (<i>Dienvidigaunijas t\u016brisma klasteris<\/i>), kur\u0101 2023. gad\u0101 apvienoj\u0101s visi re\u0123iona t\u016brisma darbinieki. Kop\u012bg\u0101 sadarb\u012bb\u0101 piedal\u0101s Tartu pils\u0113ta, Pelvas un Veru apri\u0146\u0137i, k\u0101 ar\u012b Jegevas, Mustv\u0113, Otep\u0113 un Valgas novadi.<\/p>\n\t\t\t\t\t\t\t\t<\/div>\n\t\t\t\t<\/div>\n\t\t\t\t<div class=\"elementor-element elementor-element-ca51e7e elementor-widget elementor-widget-text-editor\" data-id=\"ca51e7e\" data-element_type=\"widget\" data-widget_type=\"text-editor.default\">\n\t\t\t\t<div class=\"elementor-widget-container\">\n\t\t\t\t\t\t\t\t\t<h2><i>SA Tartumaa Turism<\/i><\/h2>\n<p><strong>Adrese:<\/strong>\u00a0Raekoja plats 6, Tartu<br \/><strong>Re\u0123istr\u0101cijas kods:<\/strong>\u00a090001701<br \/><strong>IBAN:<\/strong>\u00a0EE242200221012304942<br \/><strong>TP CODE:<\/strong>\u00a044 63 05<\/p>\n\t\t\t\t\t\t\t\t<\/div>\n\t\t\t\t<\/div>\n\t\t\t\t\t<\/div>\n\t\t\t\t<\/div>\n\t\t\t\t<\/div>\n\t\t","protected":false},"excerpt":{"rendered":"<p>Tartu inform\u0101cijas centrs R\u0101tsnam\u0101 Raekoja plats 1a 15. maijs \u2013 15. septembris P plkst. 9\u201318, O\u2013Pk plkst. 9\u201317, S, Sv plkst. 10\u201316Cit\u0101 laik\u0101 P plkst. 9\u201318, O\u2013Pk plkst. 9\u201317 info@visittartu.com +372 744 2111 T\u016brisma inform\u0101cijas centr\u0101 pal\u012bdz\u012bbu sa\u0146ems gan viet\u0113jais, gan iebrauc\u0113js. T\u016brisma inform\u0101cijas centr\u0101 bez maksas var sa\u0146emt pils\u0113tas un re\u0123iona t\u016brisma kartes un [&hellip;]<\/p>\n","protected":false},"author":1,"featured_media":100804,"parent":0,"menu_order":0,"comment_status":"closed","ping_status":"closed","template":"","meta":{"_acf_changed":false,"footnotes":""},"class_list":["post-151362","page","type-page","status-publish","has-post-thumbnail","hentry"],"acf":[],"_links":{"self":[{"href":"https:\/\/visittartu.com\/lv\/wp-json\/wp\/v2\/pages\/151362","targetHints":{"allow":["GET"]}}],"collection":[{"href":"https:\/\/visittartu.com\/lv\/wp-json\/wp\/v2\/pages"}],"about":[{"href":"https:\/\/visittartu.com\/lv\/wp-json\/wp\/v2\/types\/page"}],"author":[{"embeddable":true,"href":"https:\/\/visittartu.com\/lv\/wp-json\/wp\/v2\/users\/1"}],"replies":[{"embeddable":true,"href":"https:\/\/visittartu.com\/lv\/wp-json\/wp\/v2\/comments?post=151362"}],"version-history":[{"count":1,"href":"https:\/\/visittartu.com\/lv\/wp-json\/wp\/v2\/pages\/151362\/revisions"}],"predecessor-version":[{"id":151363,"href":"https:\/\/visittartu.com\/lv\/wp-json\/wp\/v2\/pages\/151362\/revisions\/151363"}],"wp:featuredmedia":[{"embeddable":true,"href":"https:\/\/visittartu.com\/lv\/wp-json\/wp\/v2\/media\/100804"}],"wp:attachment":[{"href":"https:\/\/visittartu.com\/lv\/wp-json\/wp\/v2\/media?parent=151362"}],"curies":[{"name":"wp","href":"https:\/\/api.w.org\/{rel}","templated":true}]}}