 {"id":154201,"date":"2023-05-26T08:07:23","date_gmt":"2023-05-26T08:07:23","guid":{"rendered":"https:\/\/visittartu.com\/matkaoppaat\/"},"modified":"2024-11-15T10:06:15","modified_gmt":"2024-11-15T10:06:15","slug":"matkaoppaat","status":"publish","type":"page","link":"https:\/\/visittartu.com\/fi\/matkaoppaat\/","title":{"rendered":"Matkaoppaat"},"content":{"rendered":"\t\t<div data-elementor-type=\"wp-page\" data-elementor-id=\"154201\" class=\"elementor elementor-154201 elementor-65846\" data-elementor-post-type=\"page\">\n\t\t\t\t<div class=\"elementor-element elementor-element-078fd91 e-flex e-con-boxed e-con e-parent\" data-id=\"078fd91\" data-element_type=\"container\">\n\t\t\t\t\t<div class=\"e-con-inner\">\n\t\t<div class=\"elementor-element elementor-element-79a45fc3 con-c2a-one cont e-con-full e-flex e-con e-child\" data-id=\"79a45fc3\" data-element_type=\"container\">\n\t\t\t\t<div class=\"elementor-element elementor-element-37777a29 elementor-widget elementor-widget-heading\" data-id=\"37777a29\" data-element_type=\"widget\" data-widget_type=\"heading.default\">\n\t\t\t\t<div class=\"elementor-widget-container\">\n\t\t\t\t\t<h2 class=\"elementor-heading-title elementor-size-default\">Opastettu k\u00e4velykierros on loistava tapa kokea enemm\u00e4n<\/h2>\t\t\t\t<\/div>\n\t\t\t\t<\/div>\n\t\t\t\t<div class=\"elementor-element elementor-element-3f7f8f73 elementor-widget elementor-widget-text-editor\" data-id=\"3f7f8f73\" data-element_type=\"widget\" data-widget_type=\"text-editor.default\">\n\t\t\t\t<div class=\"elementor-widget-container\">\n\t\t\t\t\t\t\t\t\t<p>Tartto on sertifioinut oppaita jo useiden vuosikymmenten ajan. T\u00e4\u00e4lt\u00e4 l\u00f6yd\u00e4t valikoiman arvostettuja oppaitamme. Palvelun tilaamiseksi ota yhteytt\u00e4 oppaaseen suoraan ja sovi sopiva aika. Jokaisella Tartton hyv\u00e4ksym\u00e4ll\u00e4 oppaalla on opaskortti ja kaulakortti!<\/p>\n\t\t\t\t\t\t\t\t<\/div>\n\t\t\t\t<\/div>\n\t\t\t\t<\/div>\n\t\t\t\t<div class=\"elementor-element elementor-element-bfb9f8c elementor-widget elementor-widget-shortcode\" data-id=\"bfb9f8c\" data-element_type=\"widget\" data-widget_type=\"shortcode.default\">\n\t\t\t\t<div class=\"elementor-widget-container\">\n\t\t\t\t\t\t\t<div class=\"elementor-shortcode\"><div class=\"page-content-list shortcode-instance\" data-vt-cookie-conf=\"{&quot;post_id_set&quot;:{&quot;name&quot;:&quot;vt_fav_set&quot;,&quot;separator&quot;:&quot;|&quot;,&quot;ttl&quot;:315360000},&quot;hash&quot;:{&quot;name&quot;:&quot;vt_fav_hash&quot;,&quot;ttl&quot;:315360000}}\" data-vt-object-type=\"vt_guide\" data-scid=\"a51cc69ccb\"><div class=\"obj-grid-header-wrapper\" data-filter-param-set='{&quot;sectionFilterSet&quot;:[&quot;vt-language&quot;,&quot;vt-topic&quot;],&quot;filter&quot;:[],&quot;hide-filter&quot;:false,&quot;hide-total&quot;:false,&quot;hide-footer&quot;:false,&quot;dataValid&quot;:true,&quot;object_type&quot;:&quot;vt_guide&quot;,&quot;object_category&quot;:&quot;&quot;,&quot;posts-per-page&quot;:&quot;8&quot;,&quot;object_type_key&quot;:&quot;guides&quot;,&quot;page&quot;:1}'><a class=\"remove-all-filters\" href=\"#\">Poista kaikki suodattimet<\/a><div class=\"filter-wrapper\"><h3>Tarkenna valintaa<\/h3><div class=\"filter-sort\"><div class=\"filter-select-wrapper filter\" data-section=\"vt-language\"><div class=\"filter-select-button\">Valitse kielet <i class=\"fa-solid fa-chevron-down\"><\/i><\/div><div class=\"filter-select-dropdown\" data-filter-section=\"vt-language\" style=\"display: none;\"><div class=\"dropdown-item\" data-filter-key=\"489\"><i class=\"fa-solid fa-square\"><\/i> DE<\/div><div class=\"dropdown-item\" data-filter-key=\"411\"><i class=\"fa-solid fa-square\"><\/i> ET<\/div><div class=\"dropdown-item\" data-filter-key=\"410\"><i class=\"fa-solid fa-square\"><\/i> EN<\/div><div class=\"dropdown-item\" data-filter-key=\"545\"><i class=\"fa-solid fa-square\"><\/i> LT<\/div><div class=\"dropdown-item\" data-filter-key=\"548\"><i class=\"fa-solid fa-square\"><\/i> IT<\/div><div class=\"dropdown-item\" data-filter-key=\"487\"><i class=\"fa-solid fa-square\"><\/i> RU<\/div><div class=\"dropdown-item\" data-filter-key=\"491\"><i class=\"fa-solid fa-square\"><\/i> FI<\/div><div class=\"dropdown-item\" data-filter-key=\"549\"><i class=\"fa-solid fa-square\"><\/i> FR<\/div><div class=\"dropdown-item\" data-filter-key=\"550\"><i class=\"fa-solid fa-square\"><\/i> DA<\/div><div class=\"dropdown-item\" data-filter-key=\"551\"><i class=\"fa-solid fa-square\"><\/i> SV<\/div><div class=\"dropdown-item\" data-filter-key=\"553\"><i class=\"fa-solid fa-square\"><\/i> LV<\/div><\/div><\/div><\/div><\/div><\/div><div class=\"grid-total-info\">Kaikki <div>27<\/div><\/div><div class=\"obj-grid guides\" data-rowcnt=\"4\" data-rowcntmbl=\"1\" data-object-count-per-load=\"12\" data-all-loaded=\"0\"><a href=\"#\" class=\"obj-grid-item handle-preview\" data-iteration=\"1\" data-post_id=\"154239\" data-post_type=\"vt_guide\"><div class=\"obj-grid-item-img-container\"><div class=\"img-black-overlay\"><\/div><img decoding=\"async\" src=\"https:\/\/visittartu.com\/wp-content\/uploads\/2023\/06\/Eda-Tursk-1-683x1024.jpg\" alt=\"eda-tursk-2-2\" title=\"eda-tursk-2-2\" \/><\/div><div class=\"obj-grid-item-container\"><h2>Eda Tursk<\/h2><div class=\"gi-tags\" ><div>DE<\/div><div>EN<\/div><div>ET<\/div><\/div><\/div><\/a><a href=\"#\" class=\"obj-grid-item handle-preview\" data-iteration=\"2\" data-post_id=\"154264\" data-post_type=\"vt_guide\"><div class=\"obj-grid-item-img-container\"><div class=\"img-black-overlay\"><\/div><img decoding=\"async\" src=\"https:\/\/visittartu.com\/wp-content\/uploads\/2023\/06\/Elina-Aro-Ojapelto-foto.jpg\" alt=\"samsung-digital-camera-2\" title=\"samsung-digital-camera-2\" \/><\/div><div class=\"obj-grid-item-container\"><h2>Elina Aro-Ojapelto<\/h2><div class=\"gi-tags\" ><div>EN<\/div><div>ET<\/div><div>FI<\/div><div>SV<\/div><\/div><\/div><\/a><a href=\"#\" class=\"obj-grid-item handle-preview\" data-iteration=\"3\" data-post_id=\"154237\" data-post_type=\"vt_guide\"><div class=\"obj-grid-item-img-container\"><div class=\"img-black-overlay\"><\/div><img decoding=\"async\" src=\"https:\/\/visittartu.com\/wp-content\/uploads\/2025\/02\/Epp-Tohver-683x1024.jpg\" alt=\"epp-tohver-2\" title=\"epp-tohver-2\" \/><\/div><div class=\"obj-grid-item-container\"><h2>Epp Tohver<\/h2><div class=\"gi-tags\" ><div>DE<\/div><div>ET<\/div><\/div><\/div><\/a><a href=\"#\" class=\"obj-grid-item handle-preview\" data-iteration=\"4\" data-post_id=\"154266\" data-post_type=\"vt_guide\"><div class=\"obj-grid-item-img-container\"><div class=\"img-black-overlay\"><\/div><img decoding=\"async\" src=\"https:\/\/visittartu.com\/wp-content\/uploads\/2023\/06\/Estra-Tonisson-1-1024x786.jpg\" alt=\"estra-tonisson-3-2\" title=\"estra-tonisson-3-2\" \/><\/div><div class=\"obj-grid-item-container\"><h2>Estra T\u00f5nisson<\/h2><div class=\"gi-tags\" ><div>EN<\/div><div>ET<\/div><\/div><\/div><\/a><a href=\"#\" class=\"obj-grid-item handle-preview\" data-iteration=\"5\" data-post_id=\"154216\" data-post_type=\"vt_guide\"><div class=\"obj-grid-item-img-container\"><div class=\"img-black-overlay\"><\/div><img decoding=\"async\" src=\"https:\/\/visittartu.com\/wp-content\/uploads\/2024\/04\/Eve-Liis-683x1024.jpg\" alt=\"eve-liis-2\" title=\"eve-liis-2\" \/><\/div><div class=\"obj-grid-item-container\"><h2>Eve-Liis Abroi<\/h2><div class=\"gi-tags\" ><div>EN<\/div><div>ET<\/div><\/div><\/div><\/a><a href=\"#\" class=\"obj-grid-item handle-preview\" data-iteration=\"6\" data-post_id=\"154270\" data-post_type=\"vt_guide\"><div class=\"obj-grid-item-img-container\"><div class=\"img-black-overlay\"><\/div><img decoding=\"async\" src=\"https:\/\/visittartu.com\/wp-content\/uploads\/2023\/06\/Helen-Kulvik-976x1024.jpg\" alt=\"helen-kulvik-2\" title=\"helen-kulvik-2\" \/><\/div><div class=\"obj-grid-item-container\"><h2>Helen Alum\u00e4e<\/h2><div class=\"gi-tags\" ><div>EN<\/div><div>ET<\/div><\/div><\/div><\/a><a href=\"#\" class=\"obj-grid-item handle-preview\" data-iteration=\"7\" data-post_id=\"154278\" data-post_type=\"vt_guide\"><div class=\"obj-grid-item-img-container\"><div class=\"img-black-overlay\"><\/div><img decoding=\"async\" src=\"https:\/\/visittartu.com\/wp-content\/uploads\/2023\/05\/Ilze-Salnaja-Varv-683x1024.jpg\" alt=\"ilze-salnaja-varv-2-2\" title=\"ilze-salnaja-varv-2-2\" \/><\/div><div class=\"obj-grid-item-container\"><h2>Ilze Salnaja-V\u00e4rv<\/h2><div class=\"gi-tags\" ><div>EN<\/div><div>LV<\/div><\/div><\/div><\/a><a href=\"#\" class=\"obj-grid-item handle-preview\" data-iteration=\"8\" data-post_id=\"154274\" data-post_type=\"vt_guide\"><div class=\"obj-grid-item-img-container\"><div class=\"img-black-overlay\"><\/div><img decoding=\"async\" src=\"https:\/\/visittartu.com\/wp-content\/uploads\/2023\/06\/Jelena-Karajeva-1-683x1024.jpg\" alt=\"jelena-karajeva-2-2\" title=\"jelena-karajeva-2-2\" \/><\/div><div class=\"obj-grid-item-container\"><h2>Jelena Karajeva<\/h2><div class=\"gi-tags\" ><div>RU<\/div><\/div><\/div><\/a><img decoding=\"async\" class=\"obj-grid-loading\" src=\"https:\/\/visittartu.com\/wp-content\/themes\/visittartu\/assets\/loading.gif\" \/><\/div><div class=\"obj-grid-footer\"><div class=\"\"><\/div><a href=\"#\" class=\"global-btn load-more-button\">N\u00e4yt\u00e4 lis\u00e4\u00e4 (<div>19<\/div>)<\/a><\/div><\/div><\/div>\n\t\t\t\t\t\t<\/div>\n\t\t\t\t<\/div>\n\t\t\t\t\t<\/div>\n\t\t\t\t<\/div>\n\t\t\t\t<\/div>\n\t\t","protected":false},"excerpt":{"rendered":"<p>Opastettu k\u00e4velykierros on loistava tapa kokea enemm\u00e4n Tartto on sertifioinut oppaita jo useiden vuosikymmenten ajan. T\u00e4\u00e4lt\u00e4 l\u00f6yd\u00e4t valikoiman arvostettuja oppaitamme. Palvelun tilaamiseksi ota yhteytt\u00e4 oppaaseen suoraan ja sovi sopiva aika. Jokaisella Tartton hyv\u00e4ksym\u00e4ll\u00e4 oppaalla on opaskortti ja kaulakortti!<\/p>\n","protected":false},"author":1,"featured_media":170178,"parent":0,"menu_order":0,"comment_status":"closed","ping_status":"closed","template":"","meta":{"_acf_changed":false,"footnotes":""},"class_list":["post-154201","page","type-page","status-publish","has-post-thumbnail","hentry"],"acf":[],"_links":{"self":[{"href":"https:\/\/visittartu.com\/fi\/wp-json\/wp\/v2\/pages\/154201","targetHints":{"allow":["GET"]}}],"collection":[{"href":"https:\/\/visittartu.com\/fi\/wp-json\/wp\/v2\/pages"}],"about":[{"href":"https:\/\/visittartu.com\/fi\/wp-json\/wp\/v2\/types\/page"}],"author":[{"embeddable":true,"href":"https:\/\/visittartu.com\/fi\/wp-json\/wp\/v2\/users\/1"}],"replies":[{"embeddable":true,"href":"https:\/\/visittartu.com\/fi\/wp-json\/wp\/v2\/comments?post=154201"}],"version-history":[{"count":4,"href":"https:\/\/visittartu.com\/fi\/wp-json\/wp\/v2\/pages\/154201\/revisions"}],"predecessor-version":[{"id":154205,"href":"https:\/\/visittartu.com\/fi\/wp-json\/wp\/v2\/pages\/154201\/revisions\/154205"}],"wp:featuredmedia":[{"embeddable":true,"href":"https:\/\/visittartu.com\/fi\/wp-json\/wp\/v2\/media\/170178"}],"wp:attachment":[{"href":"https:\/\/visittartu.com\/fi\/wp-json\/wp\/v2\/media?parent=154201"}],"curies":[{"name":"wp","href":"https:\/\/api.w.org\/{rel}","templated":true}]}}