 {"id":145018,"date":"2024-09-13T11:21:55","date_gmt":"2024-09-13T11:21:55","guid":{"rendered":"https:\/\/visittartu.com\/soo-ja-joo\/"},"modified":"2024-11-10T16:54:50","modified_gmt":"2024-11-10T16:54:50","slug":"ruokapaikat-tartossa","status":"publish","type":"page","link":"https:\/\/visittartu.com\/fi\/ruokapaikat-tartossa\/","title":{"rendered":"Sy\u00f6 ja juo"},"content":{"rendered":"\t\t<div data-elementor-type=\"wp-page\" data-elementor-id=\"145018\" class=\"elementor elementor-145018 elementor-78906\" data-elementor-post-type=\"page\">\n\t\t\t\t<div class=\"elementor-element elementor-element-6d30f6c e-flex e-con-boxed e-con e-parent\" data-id=\"6d30f6c\" data-element_type=\"container\">\n\t\t\t\t\t<div class=\"e-con-inner\">\n\t\t\t\t<div class=\"elementor-element elementor-element-a864458 elementor-widget elementor-widget-heading\" data-id=\"a864458\" data-element_type=\"widget\" data-widget_type=\"heading.default\">\n\t\t\t\t<div class=\"elementor-widget-container\">\n\t\t\t\t\t<h2 class=\"elementor-heading-title elementor-size-default\">Tartto avaa portin Etel\u00e4-Viron makuihin<\/h2>\t\t\t\t<\/div>\n\t\t\t\t<\/div>\n\t\t\t\t<div class=\"elementor-element elementor-element-a6ae5fa elementor-widget elementor-widget-text-editor\" data-id=\"a6ae5fa\" data-element_type=\"widget\" data-widget_type=\"text-editor.default\">\n\t\t\t\t<div class=\"elementor-widget-container\">\n\t\t\t\t\t\t\t\t\t<p>Etel\u00e4-Virossa kasvatettu ruoka ker\u00e4\u00e4ntyy Tarttoon ja tarjoaa runsaasti inspiraatiota paikallisille ateriapalveluita tarjoaville yrityksille. Tarton ravintoloista, kahviloista, baareista ja pubeista l\u00f6yd\u00e4t paikallisia makuel\u00e4myksi\u00e4 sek\u00e4 makuja rajan takaa.\u00a0\u00a0<\/p>\n\t\t\t\t\t\t\t\t<\/div>\n\t\t\t\t<\/div>\n\t\t\t\t<div class=\"elementor-element elementor-element-cef6e14 elementor-widget elementor-widget-shortcode\" data-id=\"cef6e14\" data-element_type=\"widget\" data-widget_type=\"shortcode.default\">\n\t\t\t\t<div class=\"elementor-widget-container\">\n\t\t\t\t\t\t\t<div class=\"elementor-shortcode\"><div class=\"page-content-list shortcode-instance\" data-vt-cookie-conf=\"{&quot;post_id_set&quot;:{&quot;name&quot;:&quot;vt_fav_set&quot;,&quot;separator&quot;:&quot;|&quot;,&quot;ttl&quot;:315360000},&quot;hash&quot;:{&quot;name&quot;:&quot;vt_fav_hash&quot;,&quot;ttl&quot;:315360000}}\" data-vt-object-type=\"remote_object_ve\" data-scid=\"944dd8bec9\"><div class=\"obj-grid-header-wrapper\" data-filter-param-set='{&quot;sectionId&quot;:[52],&quot;sectionFilterSet&quot;:[&quot;type&quot;,&quot;locations&quot;,&quot;tag&quot;],&quot;categorySet&quot;:[],&quot;tagId&quot;:[],&quot;typeSet&quot;:[],&quot;postId&quot;:[],&quot;filter&quot;:[],&quot;order&quot;:1,&quot;object_type&quot;:&quot;remote_object_ve&quot;,&quot;hide-filter&quot;:false,&quot;hide-total&quot;:false,&quot;hide-footer&quot;:false,&quot;list-type&quot;:&quot;grid&quot;,&quot;section&quot;:[&quot;catering&quot;],&quot;category&quot;:&quot;&quot;,&quot;tag&quot;:&quot;&quot;,&quot;type&quot;:&quot;&quot;,&quot;post-id&quot;:&quot;&quot;,&quot;event_range&quot;:&quot;&quot;,&quot;posts-per-page&quot;:12,&quot;posts-limit&quot;:0,&quot;option&quot;:&quot;&quot;,&quot;accessory&quot;:&quot;&quot;,&quot;page&quot;:1}'><a class=\"remove-all-filters\" href=\"#\">Poista kaikki suodattimet<\/a><div class=\"filter-wrapper\"><h3>Tarkenna valintaa<\/h3><div class=\"filter-sort\"><div class=\"filter-select-wrapper filter\" data-section=\"type\" data-force-single-selection=\"0\"><div class=\"filter-select-button\">Kategoria <i class=\"fa-solid fa-chevron-down\"><\/i><\/div><div class=\"filter-select-dropdown\" data-filter-section=\"type\" style=\"display: none;\"><div class=\"dropdown-item\" data-filter-key=\"yldine_toit_resto\"><i class=\"fa-solid fa-square\"><\/i> Ravintolat<\/div><div class=\"dropdown-item\" data-filter-key=\"yldine_toit_kohv\"><i class=\"fa-solid fa-square\"><\/i> Kahvilat<\/div><div class=\"dropdown-item\" data-filter-key=\"yldine_toit_baar\"><i class=\"fa-solid fa-square\"><\/i> Baarit ja pubit<\/div><div class=\"dropdown-item\" data-filter-key=\"yldine_toit_toiduturgjavaikepood\"><i class=\"fa-solid fa-square\"><\/i> Kauppatorit ja luomutuotteet<\/div><div class=\"dropdown-item\" data-filter-key=\"yldine_toit_kohalikudvaiketootjad\"><i class=\"fa-solid fa-square\"><\/i> El\u00e4mysruokailu ja ty\u00f6pajat<\/div><div class=\"dropdown-item\" data-filter-key=\"yldine_toit_tanavatoit\"><i class=\"fa-solid fa-square\"><\/i> Pikaruoka ja ruokalat<\/div><\/div><\/div><div class=\"filter-select-wrapper filter\" data-section=\"locations\" data-force-single-selection=\"0\"><div class=\"filter-select-button\">Sijainti <i class=\"fa-solid fa-chevron-down\"><\/i><\/div><div class=\"filter-select-dropdown\" data-filter-section=\"locations\" style=\"display: none;\"><div class=\"dropdown-item\" data-filter-key=\"Tartu linn\"><i class=\"fa-solid fa-square\"><\/i> Tartu linn<\/div><div class=\"dropdown-item\" data-filter-key=\"Peipsi\u00e4\u00e4re vald\"><i class=\"fa-solid fa-square\"><\/i> Peipsi\u00e4\u00e4re vald<\/div><div class=\"dropdown-item\" data-filter-key=\"Tartu vald\"><i class=\"fa-solid fa-square\"><\/i> Tartu vald<\/div><div class=\"dropdown-item\" data-filter-key=\"N\u00f5o vald\"><i class=\"fa-solid fa-square\"><\/i> N\u00f5o vald<\/div><div class=\"dropdown-item\" data-filter-key=\"Elva vald\"><i class=\"fa-solid fa-square\"><\/i> Elva vald<\/div><div class=\"dropdown-item\" data-filter-key=\"Kambja vald\"><i class=\"fa-solid fa-square\"><\/i> Kambja vald<\/div><\/div><\/div><div class=\"filter-select-wrapper filter\" data-section=\"tag\" data-force-single-selection=\"0\"><div class=\"filter-select-button\">Valitse aiheet <i class=\"fa-solid fa-chevron-down\"><\/i><\/div><div class=\"filter-select-dropdown\" data-filter-section=\"tag\" style=\"display: none;\"><div class=\"dropdown-item\" data-filter-key=\"1091\"><i class=\"fa-solid fa-square\"><\/i> Vegaani<\/div><div class=\"dropdown-item\" data-filter-key=\"1103\"><i class=\"fa-solid fa-square\"><\/i> Kasvissy\u00f6j\u00e4<\/div><div class=\"dropdown-item\" data-filter-key=\"1097\"><i class=\"fa-solid fa-square\"><\/i> Falstaff<\/div><div class=\"dropdown-item\" data-filter-key=\"1121\"><i class=\"fa-solid fa-square\"><\/i> White Guide Nordic<\/div><div class=\"dropdown-item\" data-filter-key=\"1061\"><i class=\"fa-solid fa-square\"><\/i> Perheen hauskaa<\/div><div class=\"dropdown-item\" data-filter-key=\"1133\"><i class=\"fa-solid fa-square\"><\/i> Silverspoon<\/div><div class=\"dropdown-item\" data-filter-key=\"1055\"><i class=\"fa-solid fa-square\"><\/i> Lemmikkiyst\u00e4v\u00e4llinen<\/div><div class=\"dropdown-item\" data-filter-key=\"1079\"><i class=\"fa-solid fa-square\"><\/i> Green Key<\/div><div class=\"dropdown-item\" data-filter-key=\"1115\"><i class=\"fa-solid fa-square\"><\/i> michelin<\/div><div class=\"dropdown-item\" data-filter-key=\"1127\"><i class=\"fa-solid fa-square\"><\/i> Opastetut kierrokset<\/div><div class=\"dropdown-item\" data-filter-key=\"1109\"><i class=\"fa-solid fa-square\"><\/i> Ty\u00f6pajat<\/div><\/div><\/div><div class=\"filter-select-wrapper order\" data-section=\"order\"><div class=\"filter-select-button\">Lajittele <i class=\"fa-solid fa-chevron-down\"><\/i><\/div><div class=\"filter-select-dropdown\" style=\"display: none;\"><div class=\"dropdown-item selected\" data-order-key=\"1\"><i class=\"fa-solid fa-square-check\"><\/i> Populaarsus<\/div><div class=\"dropdown-item\" data-order-key=\"2\"><i class=\"fa-solid fa-square-check\"><\/i> A-Y<\/div><\/div><\/div><\/div><\/div><\/div><div class=\"grid-total-info\">Kaikki <div>99<\/div><\/div><div class=\"obj-grid\" data-rowcnt=\"4\" data-rowcntmbl=\"1\" data-object-count-per-load=\"12\" data-all-loaded=\"0\"><a href=\"https:\/\/visittartu.com\/fi\/objekt\/ravintola-holm\/\" class=\"obj-grid-item handle-preview\" data-iteration=\"1\" data-post_id=\"11893\" data-post_type=\"remote_object_ve\"><div class=\"obj-grid-item-img-container\"><div class=\"img-black-overlay\"><\/div><img fetchpriority=\"high\" decoding=\"async\" width=\"1024\" height=\"768\" src=\"https:\/\/visittartu.com\/wp-content\/uploads\/ve\/2025\/10\/restoran-holm-014-visit-estonia-1024x768.jpg\" class=\"attachment-large size-large wp-post-image\" alt=\"Restaurant H\u00f5lm in Tartu Town Hall\" srcset=\"https:\/\/visittartu.com\/wp-content\/uploads\/ve\/2025\/10\/restoran-holm-014-visit-estonia-1024x768.jpg 1024w, https:\/\/visittartu.com\/wp-content\/uploads\/ve\/2025\/10\/restoran-holm-014-visit-estonia-300x225.jpg 300w, https:\/\/visittartu.com\/wp-content\/uploads\/ve\/2025\/10\/restoran-holm-014-visit-estonia-768x576.jpg 768w, https:\/\/visittartu.com\/wp-content\/uploads\/ve\/2025\/10\/restoran-holm-014-visit-estonia-1536x1152.jpg 1536w, https:\/\/visittartu.com\/wp-content\/uploads\/ve\/2025\/10\/restoran-holm-014-visit-estonia-2048x1536.jpg 2048w\" sizes=\"(max-width: 1024px) 100vw, 1024px\" \/><div class=\"gi-tags\" ><div class=\"gi-tags-wrapper\" ><div>Falstaff<\/div><div>Green Key<\/div><div>michelin<\/div><div>Perheen hauskaa<\/div><div>White Guide Nordic<\/div><\/div><\/div><\/div><div class=\"obj-grid-item-container\"><h2>Ravintola H\u00f5lm<\/h2><div class=\"meta-info\">Ravintolat<\/div><\/div><\/a><a href=\"https:\/\/visittartu.com\/fi\/objekt\/ravintola-joyce\/\" class=\"obj-grid-item handle-preview\" data-iteration=\"2\" data-post_id=\"12545\" data-post_type=\"remote_object_ve\"><div class=\"obj-grid-item-img-container\"><div class=\"img-black-overlay\"><\/div><img decoding=\"async\" width=\"1024\" height=\"683\" src=\"https:\/\/visittartu.com\/wp-content\/uploads\/ve\/2025\/10\/restoran-joyce-013-visit-estonia-1024x683.jpg\" class=\"attachment-large size-large wp-post-image\" alt=\"Interior design of Restaurant Joyce\" srcset=\"https:\/\/visittartu.com\/wp-content\/uploads\/ve\/2025\/10\/restoran-joyce-013-visit-estonia-1024x683.jpg 1024w, https:\/\/visittartu.com\/wp-content\/uploads\/ve\/2025\/10\/restoran-joyce-013-visit-estonia-300x200.jpg 300w, https:\/\/visittartu.com\/wp-content\/uploads\/ve\/2025\/10\/restoran-joyce-013-visit-estonia-768x512.jpg 768w, https:\/\/visittartu.com\/wp-content\/uploads\/ve\/2025\/10\/restoran-joyce-013-visit-estonia-1536x1024.jpg 1536w, https:\/\/visittartu.com\/wp-content\/uploads\/ve\/2025\/10\/restoran-joyce-013-visit-estonia-2048x1365.jpg 2048w\" sizes=\"(max-width: 1024px) 100vw, 1024px\" \/><div class=\"gi-tags\" ><div class=\"gi-tags-wrapper\" ><div>Falstaff<\/div><div>Green Key<\/div><div>michelin<\/div><div>Silverspoon<\/div><div>Vegaani<\/div><div>White Guide Nordic<\/div><\/div><\/div><\/div><div class=\"obj-grid-item-container\"><h2>Ravintola Joyce<\/h2><div class=\"meta-info\">Ravintolat<\/div><\/div><\/a><a href=\"https:\/\/visittartu.com\/fi\/objekt\/ravintola-toko\/\" class=\"obj-grid-item handle-preview\" data-iteration=\"3\" data-post_id=\"204301\" data-post_type=\"remote_object_ve\"><div class=\"obj-grid-item-img-container\"><div class=\"img-black-overlay\"><\/div><img decoding=\"async\" width=\"1024\" height=\"576\" src=\"https:\/\/visittartu.com\/wp-content\/uploads\/ve\/2025\/10\/toko-restoran-016-visit-estonia-1024x576.png\" class=\"attachment-large size-large wp-post-image\" alt=\"TOKO Restaurant\" srcset=\"https:\/\/visittartu.com\/wp-content\/uploads\/ve\/2025\/10\/toko-restoran-016-visit-estonia-1024x576.png 1024w, https:\/\/visittartu.com\/wp-content\/uploads\/ve\/2025\/10\/toko-restoran-016-visit-estonia-300x169.png 300w, https:\/\/visittartu.com\/wp-content\/uploads\/ve\/2025\/10\/toko-restoran-016-visit-estonia-768x432.png 768w, https:\/\/visittartu.com\/wp-content\/uploads\/ve\/2025\/10\/toko-restoran-016-visit-estonia-1536x864.png 1536w, https:\/\/visittartu.com\/wp-content\/uploads\/ve\/2025\/10\/toko-restoran-016-visit-estonia.png 1920w\" sizes=\"(max-width: 1024px) 100vw, 1024px\" \/><div class=\"gi-tags\" ><div class=\"gi-tags-wrapper\" ><div>Falstaff<\/div><div>michelin<\/div><div>Perheen hauskaa<\/div><\/div><\/div><\/div><div class=\"obj-grid-item-container\"><h2>Ravintola TOKO<\/h2><div class=\"meta-info\">Ravintolat<\/div><\/div><\/a><a href=\"https:\/\/visittartu.com\/fi\/objekt\/ravintola-fii\/\" class=\"obj-grid-item handle-preview\" data-iteration=\"4\" data-post_id=\"12677\" data-post_type=\"remote_object_ve\"><div class=\"obj-grid-item-img-container\"><div class=\"img-black-overlay\"><\/div><img loading=\"lazy\" decoding=\"async\" width=\"1024\" height=\"768\" src=\"https:\/\/visittartu.com\/wp-content\/uploads\/ve\/2026\/03\/restoran-fii-015-visit-estonia-1024x768.jpg\" class=\"attachment-large size-large wp-post-image\" alt=\"Restaurant Fii\" srcset=\"https:\/\/visittartu.com\/wp-content\/uploads\/ve\/2026\/03\/restoran-fii-015-visit-estonia-1024x768.jpg 1024w, https:\/\/visittartu.com\/wp-content\/uploads\/ve\/2026\/03\/restoran-fii-015-visit-estonia-300x225.jpg 300w, https:\/\/visittartu.com\/wp-content\/uploads\/ve\/2026\/03\/restoran-fii-015-visit-estonia-768x576.jpg 768w, https:\/\/visittartu.com\/wp-content\/uploads\/ve\/2026\/03\/restoran-fii-015-visit-estonia-1536x1152.jpg 1536w, https:\/\/visittartu.com\/wp-content\/uploads\/ve\/2026\/03\/restoran-fii-015-visit-estonia-2048x1536.jpg 2048w\" sizes=\"(max-width: 1024px) 100vw, 1024px\" \/><div class=\"gi-tags\" ><div class=\"gi-tags-wrapper\" ><div>Falstaff<\/div><div>Green Key<\/div><div>Kasvissy\u00f6j\u00e4<\/div><div>Lemmikkiyst\u00e4v\u00e4llinen<\/div><div>Perheen hauskaa<\/div><div>White Guide Nordic<\/div><\/div><\/div><\/div><div class=\"obj-grid-item-container\"><h2>Ravintola Fii<\/h2><div class=\"meta-info\">Ravintolat<\/div><\/div><\/a><a href=\"https:\/\/visittartu.com\/fi\/objekt\/ravintola-pussirohukelder\/\" class=\"obj-grid-item handle-preview\" data-iteration=\"5\" data-post_id=\"8832\" data-post_type=\"remote_object_ve\"><div class=\"obj-grid-item-img-container\"><div class=\"img-black-overlay\"><\/div><img loading=\"lazy\" decoding=\"async\" width=\"1024\" height=\"427\" src=\"https:\/\/visittartu.com\/wp-content\/uploads\/ve\/2023\/03\/GK_1855_Original-1024x427.jpg\" class=\"attachment-large size-large wp-post-image\" alt=\"Interior view of the Gunpowder Cellar Restaurant\" srcset=\"https:\/\/visittartu.com\/wp-content\/uploads\/ve\/2023\/03\/GK_1855_Original-1024x427.jpg 1024w, https:\/\/visittartu.com\/wp-content\/uploads\/ve\/2023\/03\/GK_1855_Original-300x125.jpg 300w, https:\/\/visittartu.com\/wp-content\/uploads\/ve\/2023\/03\/GK_1855_Original-768x320.jpg 768w, https:\/\/visittartu.com\/wp-content\/uploads\/ve\/2023\/03\/GK_1855_Original-1536x640.jpg 1536w, https:\/\/visittartu.com\/wp-content\/uploads\/ve\/2023\/03\/GK_1855_Original.jpg 1920w\" sizes=\"(max-width: 1024px) 100vw, 1024px\" \/><\/div><div class=\"obj-grid-item-container\"><h2>Ravintola P\u00fcssirohukelder<\/h2><div class=\"meta-info\">Baarit ja pubit<\/div><\/div><\/a><a href=\"https:\/\/visittartu.com\/fi\/objekt\/italialainen-ravintola-la-dolce-vita\/\" class=\"obj-grid-item handle-preview\" data-iteration=\"6\" data-post_id=\"9729\" data-post_type=\"remote_object_ve\"><div class=\"obj-grid-item-img-container\"><div class=\"img-black-overlay\"><\/div><img loading=\"lazy\" decoding=\"async\" width=\"1024\" height=\"427\" src=\"https:\/\/visittartu.com\/wp-content\/uploads\/ve\/2025\/10\/la-dolce-vita-visit-tartu-visit-estonia-5-1024x427.jpg\" class=\"attachment-large size-large wp-post-image\" alt=\"Italian restaurant La Dolce Vita\" srcset=\"https:\/\/visittartu.com\/wp-content\/uploads\/ve\/2025\/10\/la-dolce-vita-visit-tartu-visit-estonia-5-1024x427.jpg 1024w, https:\/\/visittartu.com\/wp-content\/uploads\/ve\/2025\/10\/la-dolce-vita-visit-tartu-visit-estonia-5-300x125.jpg 300w, https:\/\/visittartu.com\/wp-content\/uploads\/ve\/2025\/10\/la-dolce-vita-visit-tartu-visit-estonia-5-768x320.jpg 768w, https:\/\/visittartu.com\/wp-content\/uploads\/ve\/2025\/10\/la-dolce-vita-visit-tartu-visit-estonia-5-1536x640.jpg 1536w, https:\/\/visittartu.com\/wp-content\/uploads\/ve\/2025\/10\/la-dolce-vita-visit-tartu-visit-estonia-5.jpg 1920w\" sizes=\"(max-width: 1024px) 100vw, 1024px\" \/><\/div><div class=\"obj-grid-item-container\"><h2>Italialainen ravintola La Dolce Vita<\/h2><div class=\"meta-info\">Ravintolat<\/div><\/div><\/a><a href=\"https:\/\/visittartu.com\/fi\/objekt\/ravintola-pompei\/\" class=\"obj-grid-item handle-preview\" data-iteration=\"7\" data-post_id=\"13842\" data-post_type=\"remote_object_ve\"><div class=\"obj-grid-item-img-container\"><div class=\"img-black-overlay\"><\/div><img loading=\"lazy\" decoding=\"async\" width=\"1024\" height=\"683\" src=\"https:\/\/visittartu.com\/wp-content\/uploads\/ve\/2025\/10\/restoran-pompei-013-visit-estonia-1024x683.jpg\" class=\"attachment-large size-large wp-post-image\" alt=\"Elegant dinner setup at Restaurant Pompei in Tartu\" srcset=\"https:\/\/visittartu.com\/wp-content\/uploads\/ve\/2025\/10\/restoran-pompei-013-visit-estonia-1024x683.jpg 1024w, https:\/\/visittartu.com\/wp-content\/uploads\/ve\/2025\/10\/restoran-pompei-013-visit-estonia-300x200.jpg 300w, https:\/\/visittartu.com\/wp-content\/uploads\/ve\/2025\/10\/restoran-pompei-013-visit-estonia-768x512.jpg 768w, https:\/\/visittartu.com\/wp-content\/uploads\/ve\/2025\/10\/restoran-pompei-013-visit-estonia-1536x1025.jpg 1536w, https:\/\/visittartu.com\/wp-content\/uploads\/ve\/2025\/10\/restoran-pompei-013-visit-estonia-2048x1366.jpg 2048w\" sizes=\"(max-width: 1024px) 100vw, 1024px\" \/><div class=\"gi-tags\" ><div class=\"gi-tags-wrapper\" ><div>Falstaff<\/div><div>White Guide Nordic<\/div><\/div><\/div><\/div><div class=\"obj-grid-item-container\"><h2>Ravintola Pompei<\/h2><div class=\"meta-info\">Ravintolat<\/div><\/div><\/a><a href=\"https:\/\/visittartu.com\/fi\/objekt\/ravintola-kolm-tilli\/\" class=\"obj-grid-item handle-preview\" data-iteration=\"8\" data-post_id=\"13956\" data-post_type=\"remote_object_ve\"><div class=\"obj-grid-item-img-container\"><div class=\"img-black-overlay\"><\/div><img loading=\"lazy\" decoding=\"async\" width=\"1024\" height=\"683\" src=\"https:\/\/visittartu.com\/wp-content\/uploads\/ve\/2025\/10\/restoran-kolm-tilli-027-visit-estonia-1024x683.jpg\" class=\"attachment-large size-large wp-post-image\" alt=\"People dining at Kolm Tilli restaurant, with dishes, French fries, and drinks on the table.\" srcset=\"https:\/\/visittartu.com\/wp-content\/uploads\/ve\/2025\/10\/restoran-kolm-tilli-027-visit-estonia-1024x683.jpg 1024w, https:\/\/visittartu.com\/wp-content\/uploads\/ve\/2025\/10\/restoran-kolm-tilli-027-visit-estonia-300x200.jpg 300w, https:\/\/visittartu.com\/wp-content\/uploads\/ve\/2025\/10\/restoran-kolm-tilli-027-visit-estonia-768x512.jpg 768w, https:\/\/visittartu.com\/wp-content\/uploads\/ve\/2025\/10\/restoran-kolm-tilli-027-visit-estonia-1536x1024.jpg 1536w, https:\/\/visittartu.com\/wp-content\/uploads\/ve\/2025\/10\/restoran-kolm-tilli-027-visit-estonia-2048x1365.jpg 2048w\" sizes=\"(max-width: 1024px) 100vw, 1024px\" \/><div class=\"gi-tags\" ><div class=\"gi-tags-wrapper\" ><div>Kasvissy\u00f6j\u00e4<\/div><div>Lemmikkiyst\u00e4v\u00e4llinen<\/div><div>Perheen hauskaa<\/div><div>Vegaani<\/div><\/div><\/div><\/div><div class=\"obj-grid-item-container\"><h2>Ravintola Kolm Tilli<\/h2><div class=\"meta-info\">Ravintolat<\/div><\/div><\/a><a href=\"https:\/\/visittartu.com\/fi\/objekt\/ravintola-green-room-cafe\/\" class=\"obj-grid-item handle-preview\" data-iteration=\"9\" data-post_id=\"240839\" data-post_type=\"remote_object_ve\"><div class=\"obj-grid-item-img-container\"><div class=\"img-black-overlay\"><\/div><img loading=\"lazy\" decoding=\"async\" width=\"1024\" height=\"427\" src=\"https:\/\/visittartu.com\/wp-content\/uploads\/ve\/2026\/04\/green-room-cafe-visittartu-estonia-1024x427.jpg\" class=\"attachment-large size-large wp-post-image\" alt=\"Restaurant Green Room Cafe\" srcset=\"https:\/\/visittartu.com\/wp-content\/uploads\/ve\/2026\/04\/green-room-cafe-visittartu-estonia-1024x427.jpg 1024w, https:\/\/visittartu.com\/wp-content\/uploads\/ve\/2026\/04\/green-room-cafe-visittartu-estonia-300x125.jpg 300w, https:\/\/visittartu.com\/wp-content\/uploads\/ve\/2026\/04\/green-room-cafe-visittartu-estonia-768x320.jpg 768w, https:\/\/visittartu.com\/wp-content\/uploads\/ve\/2026\/04\/green-room-cafe-visittartu-estonia-1536x640.jpg 1536w, https:\/\/visittartu.com\/wp-content\/uploads\/ve\/2026\/04\/green-room-cafe-visittartu-estonia.jpg 1920w\" sizes=\"(max-width: 1024px) 100vw, 1024px\" \/><div class=\"gi-tags\" ><div class=\"gi-tags-wrapper\" ><div>Kasvissy\u00f6j\u00e4<\/div><\/div><\/div><\/div><div class=\"obj-grid-item-container\"><h2>Ravintola Green Room Cafe<\/h2><div class=\"meta-info\">Kahvilat<\/div><\/div><\/a><a href=\"https:\/\/visittartu.com\/fi\/objekt\/mojitobaari-vaike-kuuba-tartossa\/\" class=\"obj-grid-item handle-preview\" data-iteration=\"10\" data-post_id=\"241145\" data-post_type=\"remote_object_ve\"><div class=\"obj-grid-item-img-container\"><div class=\"img-black-overlay\"><\/div><img loading=\"lazy\" decoding=\"async\" width=\"1024\" height=\"427\" src=\"https:\/\/visittartu.com\/wp-content\/uploads\/ve\/2026\/04\/whattodointartu-mojitobarcocktailbar-vaikekuuba-visittartu-visitestonia-1024x427.jpg\" class=\"attachment-large size-large wp-post-image\" alt=\"Tartu mojito bar V\u00e4ike Kuuba mojitos\" srcset=\"https:\/\/visittartu.com\/wp-content\/uploads\/ve\/2026\/04\/whattodointartu-mojitobarcocktailbar-vaikekuuba-visittartu-visitestonia-1024x427.jpg 1024w, https:\/\/visittartu.com\/wp-content\/uploads\/ve\/2026\/04\/whattodointartu-mojitobarcocktailbar-vaikekuuba-visittartu-visitestonia-300x125.jpg 300w, https:\/\/visittartu.com\/wp-content\/uploads\/ve\/2026\/04\/whattodointartu-mojitobarcocktailbar-vaikekuuba-visittartu-visitestonia-768x320.jpg 768w, https:\/\/visittartu.com\/wp-content\/uploads\/ve\/2026\/04\/whattodointartu-mojitobarcocktailbar-vaikekuuba-visittartu-visitestonia-1536x640.jpg 1536w, https:\/\/visittartu.com\/wp-content\/uploads\/ve\/2026\/04\/whattodointartu-mojitobarcocktailbar-vaikekuuba-visittartu-visitestonia.jpg 1920w\" sizes=\"(max-width: 1024px) 100vw, 1024px\" \/><\/div><div class=\"obj-grid-item-container\"><h2>Mojitobaari V\u00e4ike Kuuba Tartossa<\/h2><div class=\"meta-info\">Baarit ja pubit<\/div><\/div><\/a><a href=\"https:\/\/visittartu.com\/fi\/objekt\/kuohuviinikoulutus-alatskivissa\/\" class=\"obj-grid-item handle-preview\" data-iteration=\"11\" data-post_id=\"222220\" data-post_type=\"remote_object_ve\"><div class=\"obj-grid-item-img-container\"><div class=\"img-black-overlay\"><\/div><img loading=\"lazy\" decoding=\"async\" width=\"1024\" height=\"427\" src=\"https:\/\/visittartu.com\/wp-content\/uploads\/ve\/2025\/10\/veiniklaasid-1024x427.jpg\" class=\"attachment-large size-large wp-post-image\" alt=\"Wine training in Alatskivi\" srcset=\"https:\/\/visittartu.com\/wp-content\/uploads\/ve\/2025\/10\/veiniklaasid-1024x427.jpg 1024w, https:\/\/visittartu.com\/wp-content\/uploads\/ve\/2025\/10\/veiniklaasid-300x125.jpg 300w, https:\/\/visittartu.com\/wp-content\/uploads\/ve\/2025\/10\/veiniklaasid-768x320.jpg 768w, https:\/\/visittartu.com\/wp-content\/uploads\/ve\/2025\/10\/veiniklaasid-1536x640.jpg 1536w, https:\/\/visittartu.com\/wp-content\/uploads\/ve\/2025\/10\/veiniklaasid.jpg 1920w\" sizes=\"(max-width: 1024px) 100vw, 1024px\" \/><\/div><div class=\"obj-grid-item-container\"><h2>Kuohuviinikoulutus Alatskiviss\u00e4<\/h2><div class=\"meta-info\">El\u00e4mysruokailu ja ty\u00f6pajat<\/div><\/div><\/a><a href=\"https:\/\/visittartu.com\/fi\/objekt\/ravintola-aparaat\/\" class=\"obj-grid-item handle-preview\" data-iteration=\"12\" data-post_id=\"11424\" data-post_type=\"remote_object_ve\"><div class=\"obj-grid-item-img-container\"><div class=\"img-black-overlay\"><\/div><img loading=\"lazy\" decoding=\"async\" width=\"1024\" height=\"427\" src=\"https:\/\/visittartu.com\/wp-content\/uploads\/ve\/2025\/10\/restaurantaparaat-visittartu-visitestonia.jpg-1024x427.jpg\" class=\"attachment-large size-large wp-post-image\" alt=\"Restaurant Aparaat\" srcset=\"https:\/\/visittartu.com\/wp-content\/uploads\/ve\/2025\/10\/restaurantaparaat-visittartu-visitestonia.jpg-1024x427.jpg 1024w, https:\/\/visittartu.com\/wp-content\/uploads\/ve\/2025\/10\/restaurantaparaat-visittartu-visitestonia.jpg-300x125.jpg 300w, https:\/\/visittartu.com\/wp-content\/uploads\/ve\/2025\/10\/restaurantaparaat-visittartu-visitestonia.jpg-768x320.jpg 768w, https:\/\/visittartu.com\/wp-content\/uploads\/ve\/2025\/10\/restaurantaparaat-visittartu-visitestonia.jpg-1536x640.jpg 1536w, https:\/\/visittartu.com\/wp-content\/uploads\/ve\/2025\/10\/restaurantaparaat-visittartu-visitestonia.jpg.jpg 1920w\" sizes=\"(max-width: 1024px) 100vw, 1024px\" \/><div class=\"gi-tags\" ><div class=\"gi-tags-wrapper\" ><div>Kasvissy\u00f6j\u00e4<\/div><\/div><\/div><\/div><div class=\"obj-grid-item-container\"><h2>Ravintola Aparaat<\/h2><div class=\"meta-info\">Ravintolat<\/div><\/div><\/a><img decoding=\"async\" class=\"obj-grid-loading\" src=\"https:\/\/visittartu.com\/wp-content\/themes\/visittartu\/assets\/loading.gif\" \/><\/div><div class=\"obj-grid-footer\"><div class=\"\"><\/div><a href=\"#\" class=\"global-btn load-more-button\">N\u00e4yt\u00e4 lis\u00e4\u00e4 (<div>87<\/div>)<\/a><\/div><\/div><\/div>\n\t\t\t\t\t\t<\/div>\n\t\t\t\t<\/div>\n\t\t\t\t\t<\/div>\n\t\t\t\t<\/div>\n\t\t<div class=\"elementor-element elementor-element-ae1585a e-flex e-con-boxed e-con e-parent\" data-id=\"ae1585a\" data-element_type=\"container\">\n\t\t\t\t\t<div class=\"e-con-inner\">\n\t\t\t\t\t<\/div>\n\t\t\t\t<\/div>\n\t\t\t\t<\/div>\n\t\t","protected":false},"excerpt":{"rendered":"<p>Tartto avaa portin Etel\u00e4-Viron makuihin Etel\u00e4-Virossa kasvatettu ruoka ker\u00e4\u00e4ntyy Tarttoon ja tarjoaa runsaasti inspiraatiota paikallisille ateriapalveluita tarjoaville yrityksille. Tarton ravintoloista, kahviloista, baareista ja pubeista l\u00f6yd\u00e4t paikallisia makuel\u00e4myksi\u00e4 sek\u00e4 makuja rajan takaa.<\/p>\n","protected":false},"author":2,"featured_media":146841,"parent":0,"menu_order":0,"comment_status":"closed","ping_status":"closed","template":"","meta":{"_acf_changed":false,"footnotes":""},"class_list":["post-145018","page","type-page","status-publish","has-post-thumbnail","hentry"],"acf":[],"_links":{"self":[{"href":"https:\/\/visittartu.com\/fi\/wp-json\/wp\/v2\/pages\/145018","targetHints":{"allow":["GET"]}}],"collection":[{"href":"https:\/\/visittartu.com\/fi\/wp-json\/wp\/v2\/pages"}],"about":[{"href":"https:\/\/visittartu.com\/fi\/wp-json\/wp\/v2\/types\/page"}],"author":[{"embeddable":true,"href":"https:\/\/visittartu.com\/fi\/wp-json\/wp\/v2\/users\/2"}],"replies":[{"embeddable":true,"href":"https:\/\/visittartu.com\/fi\/wp-json\/wp\/v2\/comments?post=145018"}],"version-history":[{"count":5,"href":"https:\/\/visittartu.com\/fi\/wp-json\/wp\/v2\/pages\/145018\/revisions"}],"predecessor-version":[{"id":153343,"href":"https:\/\/visittartu.com\/fi\/wp-json\/wp\/v2\/pages\/145018\/revisions\/153343"}],"wp:featuredmedia":[{"embeddable":true,"href":"https:\/\/visittartu.com\/fi\/wp-json\/wp\/v2\/media\/146841"}],"wp:attachment":[{"href":"https:\/\/visittartu.com\/fi\/wp-json\/wp\/v2\/media?parent=145018"}],"curies":[{"name":"wp","href":"https:\/\/api.w.org\/{rel}","templated":true}]}}