 {"id":145006,"date":"2023-07-20T06:59:56","date_gmt":"2023-07-20T06:59:56","guid":{"rendered":"https:\/\/visittartu.com\/kontakt\/"},"modified":"2024-10-28T14:57:34","modified_gmt":"2024-10-28T14:57:34","slug":"yhteystiedot","status":"publish","type":"page","link":"https:\/\/visittartu.com\/fi\/yhteystiedot\/","title":{"rendered":"Yhteystiedot"},"content":{"rendered":"\t\t<div data-elementor-type=\"wp-page\" data-elementor-id=\"145006\" class=\"elementor elementor-145006 elementor-71954\" data-elementor-post-type=\"page\">\n\t\t\t\t<div class=\"elementor-element elementor-element-0f5ab58 e-flex e-con-boxed e-con e-parent\" data-id=\"0f5ab58\" data-element_type=\"container\">\n\t\t\t\t\t<div class=\"e-con-inner\">\n\t\t\t\t<div class=\"elementor-element elementor-element-07107ce elementor-widget elementor-widget-heading\" data-id=\"07107ce\" data-element_type=\"widget\" data-widget_type=\"heading.default\">\n\t\t\t\t<div class=\"elementor-widget-container\">\n\t\t\t\t\t<h2 class=\"elementor-heading-title elementor-size-default\">\nTarton raatihuoneen infokeskus <i class=\"fa-regular fa-circle-info\"><\/i><\/h2>\t\t\t\t<\/div>\n\t\t\t\t<\/div>\n\t\t\t\t<div class=\"elementor-element elementor-element-03d5250 elementor-widget elementor-widget-text-editor\" data-id=\"03d5250\" data-element_type=\"widget\" data-widget_type=\"text-editor.default\">\n\t\t\t\t<div class=\"elementor-widget-container\">\n\t\t\t\t\t\t\t\t\t<p><i class=\"fa-solid fa-location-dot\"><\/i> Raekoja plats 1a, Tartu<br \/>15. toukokuuta &#8211; 15. syyskuuta: Ma 9-18, Ti-To 9-17, La, Su 10-16<br \/>Muina aikoina: Ma 9-18, Ti-To 9-17<br \/><i class=\"fa-solid fa-envelope\"><\/i> info@visittartu.com<br \/><i class=\"fa-solid fa-phone-volume\"><\/i> +372 744 2111<\/p>\t\t\t\t\t\t\t\t<\/div>\n\t\t\t\t<\/div>\n\t\t\t\t<div class=\"elementor-element elementor-element-3b02e1c elementor-widget elementor-widget-text-editor\" data-id=\"3b02e1c\" data-element_type=\"widget\" data-widget_type=\"text-editor.default\">\n\t\t\t\t<div class=\"elementor-widget-container\">\n\t\t\t\t\t\t\t\t\t<p>Infokeskuksesta saa apua sek\u00e4 paikalliset ett\u00e4 vierailijat! Matkailutieto jakaa ilmaisia kaupunki- ja aluekarttoja sek\u00e4 muita infovihkoja. Lis\u00e4ksi myynniss\u00e4 on matkamuistoja, postikortteja ja postimerkkej\u00e4. Kaupunkitietopalvelusta voi ostaa bussikortteja, valittaa pys\u00e4k\u00f6intisakoista tai hankkia pys\u00e4k\u00f6intilupia.<\/p>\t\t\t\t\t\t\t\t<\/div>\n\t\t\t\t<\/div>\n\t\t\t\t<div class=\"elementor-element elementor-element-419b921 elementor-widget elementor-widget-spacer\" data-id=\"419b921\" data-element_type=\"widget\" data-widget_type=\"spacer.default\">\n\t\t\t\t<div class=\"elementor-widget-container\">\n\t\t\t\t\t\t\t<div class=\"elementor-spacer\">\n\t\t\t<div class=\"elementor-spacer-inner\"><\/div>\n\t\t<\/div>\n\t\t\t\t\t\t<\/div>\n\t\t\t\t<\/div>\n\t\t\t\t\t<\/div>\n\t\t\t\t<\/div>\n\t\t<div class=\"elementor-element elementor-element-c068f78 e-flex e-con-boxed e-con e-parent\" data-id=\"c068f78\" data-element_type=\"container\">\n\t\t\t\t\t<div class=\"e-con-inner\">\n\t\t\t\t<div class=\"elementor-element elementor-element-aaa4455 elementor-widget elementor-widget-shortcode\" data-id=\"aaa4455\" data-element_type=\"widget\" data-widget_type=\"shortcode.default\">\n\t\t\t\t<div class=\"elementor-widget-container\">\n\t\t\t\t\t\t\t<div class=\"elementor-shortcode\"><div class=\"page-content-list shortcode-instance\" data-vt-cookie-conf=\"{&quot;post_id_set&quot;:{&quot;name&quot;:&quot;vt_fav_set&quot;,&quot;separator&quot;:&quot;|&quot;,&quot;ttl&quot;:315360000},&quot;hash&quot;:{&quot;name&quot;:&quot;vt_fav_hash&quot;,&quot;ttl&quot;:315360000}}\" data-vt-object-type=\"people\"data-load_people=\"true\" data-scid=\"e53c530c48\"><div class=\"obj-grid-header-wrapper people\"><div class=\"section-filters\"><div class=\"section-filter-group\" data-filter-section=\"valdkond\"><div class=\"section-filter-item people\" data-filter-key=\"481\" data-filter-name=\"Johto\">Johto<\/div><div class=\"section-filter-item people\" data-filter-key=\"482\" data-filter-name=\"Markkinointi ja projektit\">Markkinointi ja projektit<\/div><div class=\"section-filter-item people\" data-filter-key=\"483\" data-filter-name=\"Matkailunevonta\">Matkailunevonta<\/div><\/div><\/div><\/div><div class=\"obj-grid people\" data-rowcnt=\"4\" data-rowcntmbl=\"1\" data-object-count-per-load=\"12\" data-all-loaded=\"0\"><div class=\"obj-grid-item people\" data-iteration=\"1\" data-post_id=\"150506\" data-post_type=\"people\" data-domain_set=\"[482]\" style=\"display:none;\"><div class=\"obj-grid-item-img-container\"><div class=\"img-black-overlay\"><\/div><img decoding=\"async\" src=\"https:\/\/visittartu.com\/wp-content\/uploads\/2023\/10\/Evelin-Traks-681x1024.jpg\" alt=\"evelin-traks-2\" title=\"evelin-traks-2\" \/><\/div><div class=\"obj-grid-item-container\"><h2 class=\"people-name\">Evelin Traks<\/h2><div class=\"people-position\">Matkailusivuston asiantuntija<\/div><div class=\"people-lang-tags\" ><div>EN<\/div><div>ET<\/div><\/div><a href=\"tel:+3725013710\" class=\"people-contact-item\"><i class=\"fa-solid fa-phone\"><\/i> +372 501 3710<\/a><a href=\"mailto:evelin.traks@visittartu.com\" class=\"people-contact-item\"><i class=\"fa-sharp fa-solid fa-envelope\"><\/i> evelin.traks@visittartu.com<\/a><\/div><\/div><div class=\"obj-grid-item people\" data-iteration=\"2\" data-post_id=\"150514\" data-post_type=\"people\" data-domain_set=\"[482]\" style=\"display:none;\"><div class=\"obj-grid-item-img-container\"><div class=\"img-black-overlay\"><\/div><img decoding=\"async\" src=\"https:\/\/visittartu.com\/wp-content\/uploads\/2024\/03\/DSC_4278-681x1024.jpg\" alt=\"dsc_4278-2\" title=\"dsc_4278-2\" \/><\/div><div class=\"obj-grid-item-container\"><h2 class=\"people-name\">Mare-Liis Kanarik<\/h2><div class=\"people-position\">Markkinointiprojektin johtaja<\/div><div class=\"people-lang-tags\" ><div>EN<\/div><div>ET<\/div><\/div><a href=\"tel:+37253846945\" class=\"people-contact-item\"><i class=\"fa-solid fa-phone\"><\/i> +372 5384 6945<\/a><a href=\"mailto:mareliis.kanarik@visittartu.com\" class=\"people-contact-item\"><i class=\"fa-sharp fa-solid fa-envelope\"><\/i> mareliis.kanarik@visittartu.com<\/a><\/div><\/div><div class=\"obj-grid-item people\" data-iteration=\"3\" data-post_id=\"150510\" data-post_type=\"people\" data-domain_set=\"[482]\" style=\"display:none;\"><div class=\"obj-grid-item-img-container\"><div class=\"img-black-overlay\"><\/div><img decoding=\"async\" src=\"https:\/\/visittartu.com\/wp-content\/uploads\/2023\/10\/DSC_1046-1-681x1024.jpg\" alt=\"dsc_1046-3\" title=\"dsc_1046-3\" \/><\/div><div class=\"obj-grid-item-container\"><h2 class=\"people-name\">Kaire Savi<\/h2><div class=\"people-position\">Markkinointiasiantuntija<\/div><div class=\"people-lang-tags\" ><div>EN<\/div><div>ET<\/div><\/div><a href=\"tel:+37258838881\" class=\"people-contact-item\"><i class=\"fa-solid fa-phone\"><\/i> +372 5883 8881<\/a><a href=\"mailto:kaire.savi@visittartu.com\" class=\"people-contact-item\"><i class=\"fa-sharp fa-solid fa-envelope\"><\/i> kaire.savi@visittartu.com<\/a><\/div><\/div><div class=\"obj-grid-item people\" data-iteration=\"4\" data-post_id=\"171692\" data-post_type=\"people\" data-domain_set=\"[482]\" style=\"display:none;\"><div class=\"obj-grid-item-img-container\"><div class=\"img-black-overlay\"><\/div><img decoding=\"async\" src=\"https:\/\/visittartu.com\/wp-content\/uploads\/2025\/05\/DSC_4456-Edit-3-683x1024.jpg\" alt=\"dsc_4456-edit-3-2\" title=\"dsc_4456-edit-3-2\" \/><\/div><div class=\"obj-grid-item-container\"><h2 class=\"people-name\">Miia Maris Praks<\/h2><div class=\"people-position\">Kest\u00e4v\u00e4n matkailun koordinaattori<\/div><div class=\"people-lang-tags\" ><div>EN<\/div><div>ET<\/div><div>FR<\/div><\/div><a href=\"tel:+37253470939\" class=\"people-contact-item\"><i class=\"fa-solid fa-phone\"><\/i> +372 5347 0939<\/a><a href=\"mailto:miia.praks@visittartu.com\" class=\"people-contact-item\"><i class=\"fa-sharp fa-solid fa-envelope\"><\/i> miia.praks@visittartu.com<\/a><\/div><\/div><div class=\"obj-grid-item people\" data-iteration=\"5\" data-post_id=\"160268\" data-post_type=\"people\" data-domain_set=\"[483]\" style=\"display:none;\"><div class=\"obj-grid-item-img-container\"><div class=\"img-black-overlay\"><\/div><img decoding=\"async\" src=\"https:\/\/visittartu.com\/wp-content\/uploads\/2025\/01\/DSC_4270-681x1024.jpg\" alt=\"dsc_4270-2\" title=\"dsc_4270-2\" \/><\/div><div class=\"obj-grid-item-container\"><h2 class=\"people-name\">C\u00e4rolin Angerj\u00e4rv<\/h2><div class=\"people-position\">Matkailutiedottaja<\/div><div class=\"people-lang-tags\" ><div>EN<\/div><div>ET<\/div><\/div><a href=\"tel:+3725184055\" class=\"people-contact-item\"><i class=\"fa-solid fa-phone\"><\/i> +372 518 4055<\/a><a href=\"mailto:carolin.angerjarv@visittartu.com\" class=\"people-contact-item\"><i class=\"fa-sharp fa-solid fa-envelope\"><\/i> carolin.angerjarv@visittartu.com<\/a><\/div><\/div><div class=\"obj-grid-item people\" data-iteration=\"6\" data-post_id=\"150691\" data-post_type=\"people\" data-domain_set=\"[482]\" style=\"display:none;\"><div class=\"obj-grid-item-img-container\"><div class=\"img-black-overlay\"><\/div><img decoding=\"async\" src=\"https:\/\/visittartu.com\/wp-content\/uploads\/2023\/10\/DSC_0525-2-683x1024.jpg\" alt=\"dsc_0525-2-2\" title=\"dsc_0525-2-2\" \/><\/div><div class=\"obj-grid-item-container\"><h2 class=\"people-name\">Maigi Lokko<\/h2><div class=\"people-position\">MICE-asiantuntija<\/div><div class=\"people-lang-tags\" ><div>EN<\/div><div>ET<\/div><div>RU<\/div><\/div><a href=\"tel:+37254290508\" class=\"people-contact-item\"><i class=\"fa-solid fa-phone\"><\/i> +372 5429 0508<\/a><a href=\"mailto:maigi.lokko@visittartu.com\" class=\"people-contact-item\"><i class=\"fa-sharp fa-solid fa-envelope\"><\/i> maigi.lokko@visittartu.com<\/a><\/div><\/div><div class=\"obj-grid-item people\" data-iteration=\"7\" data-post_id=\"145063\" data-post_type=\"people\" data-domain_set=\"[481]\" style=\"display:none;\"><div class=\"obj-grid-item-img-container\"><div class=\"img-black-overlay\"><\/div><img decoding=\"async\" src=\"https:\/\/visittartu.com\/wp-content\/uploads\/2023\/04\/DSC_1083-2-681x1024.jpg\" alt=\"dsc_1083-3\" title=\"dsc_1083-3\" \/><\/div><div class=\"obj-grid-item-container\"><h2 class=\"people-name\">Annika Ojasaar<\/h2><div class=\"people-position\">Matkailup\u00e4\u00e4llikk\u00f6<\/div><div class=\"people-lang-tags\" ><div>EN<\/div><div>ET<\/div><div>RU<\/div><\/div><a href=\"tel:+37258867883\" class=\"people-contact-item\"><i class=\"fa-solid fa-phone\"><\/i> +372 5886 7883<\/a><a href=\"mailto:annika.ojasaar@visittartu.com\" class=\"people-contact-item\"><i class=\"fa-sharp fa-solid fa-envelope\"><\/i> annika.ojasaar@visittartu.com<\/a><\/div><\/div><div class=\"obj-grid-item people\" data-iteration=\"8\" data-post_id=\"232178\" data-post_type=\"people\" data-domain_set=\"[481, 483]\" style=\"display:none;\"><div class=\"obj-grid-item-img-container\"><div class=\"img-black-overlay\"><\/div><\/div><div class=\"obj-grid-item-container\"><h2 class=\"people-name\">Kaisa Tipp<\/h2><div class=\"people-position\">Johtoassistentti<\/div><div class=\"people-lang-tags\" ><div>EN<\/div><div>ET<\/div><\/div><a href=\"tel:+37253098263\" class=\"people-contact-item\"><i class=\"fa-solid fa-phone\"><\/i> +372 5309 8263<\/a><a href=\"mailto:kaisa.tipp@visittartu.com\" class=\"people-contact-item\"><i class=\"fa-sharp fa-solid fa-envelope\"><\/i> kaisa.tipp@visittartu.com<\/a><\/div><\/div><img decoding=\"async\" class=\"obj-grid-loading\" src=\"https:\/\/visittartu.com\/wp-content\/themes\/visittartu\/assets\/loading.gif\" \/><\/div><\/div><\/div>\n\t\t\t\t\t\t<\/div>\n\t\t\t\t<\/div>\n\t\t\t\t<div class=\"elementor-element elementor-element-ce8519b elementor-widget elementor-widget-spacer\" data-id=\"ce8519b\" data-element_type=\"widget\" data-widget_type=\"spacer.default\">\n\t\t\t\t<div class=\"elementor-widget-container\">\n\t\t\t\t\t\t\t<div class=\"elementor-spacer\">\n\t\t\t<div class=\"elementor-spacer-inner\"><\/div>\n\t\t<\/div>\n\t\t\t\t\t\t<\/div>\n\t\t\t\t<\/div>\n\t\t\t\t<div class=\"elementor-element elementor-element-92b5223 elementor-widget elementor-widget-heading\" data-id=\"92b5223\" data-element_type=\"widget\" data-widget_type=\"heading.default\">\n\t\t\t\t<div class=\"elementor-widget-container\">\n\t\t\t\t\t<h2 class=\"elementor-heading-title elementor-size-default\">Visit Tartu on osa Etel\u00e4-Viron matkailuklusteria!\n\n\n\n\n\n\n<\/h2>\t\t\t\t<\/div>\n\t\t\t\t<\/div>\n\t\t\t\t<div class=\"elementor-element elementor-element-915a6d8 elementor-widget elementor-widget-text-editor\" data-id=\"915a6d8\" data-element_type=\"widget\" data-widget_type=\"text-editor.default\">\n\t\t\t\t<div class=\"elementor-widget-container\">\n\t\t\t\t\t\t\t\t\t<p>Juridinen organisaatiomme SA Tartumaa Turism perustettiin Tarton kaupungin ja Tarton maakunnan kunnallisyhteis\u00f6n toimesta vuonna 1999. Sen tavoitteena on koordinoida matkailun kehitt\u00e4mist\u00e4 Tarton kaupungissa ja maakunnassa, mukaan lukien alueen markkinointi, matkailutuotteiden kehitt\u00e4minen, alueen imagon rakentaminen sek\u00e4 matkailutiedon ker\u00e4\u00e4minen, analysointi ja jakaminen. Ty\u00f6skentelemme Visit Tartu -br\u00e4ndin alla. Vuonna 2021 perustettiin s\u00e4\u00e4ti\u00f6n yhteyteen Etel\u00e4-Viron matkailuklusteri, johon vuonna 2023 yhdistettiin kaikki alueen matkailualan ty\u00f6ntekij\u00e4t. Yhteisty\u00f6h\u00f6n osallistuvat Tarton kaupunki ja maakunta, P\u00f5lva ja V\u00f5ru maakunnat sek\u00e4 J\u00f5geva, Mustvee, Otep\u00e4\u00e4 ja Valga kunnat.<\/p>\t\t\t\t\t\t\t\t<\/div>\n\t\t\t\t<\/div>\n\t\t\t\t<div class=\"elementor-element elementor-element-ca51e7e elementor-widget elementor-widget-text-editor\" data-id=\"ca51e7e\" data-element_type=\"widget\" data-widget_type=\"text-editor.default\">\n\t\t\t\t<div class=\"elementor-widget-container\">\n\t\t\t\t\t\t\t\t\t<h2>SA Tartumaa Turism<\/h2><p><strong>Osoite:<\/strong>\u00a0Raekoja plats 6, Tartu<br \/><strong>Rekister\u00f6intkoodi:<\/strong>\u00a090001701<br \/><strong>IBAN:<\/strong>\u00a0EE242200221012304942<br \/><strong>TP-koodi:<\/strong>\u00a044 63 05<\/p>\t\t\t\t\t\t\t\t<\/div>\n\t\t\t\t<\/div>\n\t\t\t\t\t<\/div>\n\t\t\t\t<\/div>\n\t\t\t\t<\/div>\n\t\t","protected":false},"excerpt":{"rendered":"<p>Tarton raatihuoneen infokeskus Raekoja plats 1a, Tartu 15. toukokuuta &#8211; 15. syyskuuta: Ma 9-18, Ti-To 9-17, La, Su 10-16 Muina aikoina: Ma 9-18, Ti-To 9-17 info@visittartu.com +372 744 2111 Infokeskuksesta saa apua sek\u00e4 paikalliset ett\u00e4 vierailijat! Matkailutieto jakaa ilmaisia kaupunki- ja aluekarttoja sek\u00e4 muita infovihkoja. Lis\u00e4ksi myynniss\u00e4 on matkamuistoja, postikortteja ja postimerkkej\u00e4. Kaupunkitietopalvelusta voi ostaa [&hellip;]<\/p>\n","protected":false},"author":1,"featured_media":100802,"parent":0,"menu_order":0,"comment_status":"closed","ping_status":"closed","template":"","meta":{"_acf_changed":false,"footnotes":""},"class_list":["post-145006","page","type-page","status-publish","has-post-thumbnail","hentry"],"acf":[],"_links":{"self":[{"href":"https:\/\/visittartu.com\/fi\/wp-json\/wp\/v2\/pages\/145006","targetHints":{"allow":["GET"]}}],"collection":[{"href":"https:\/\/visittartu.com\/fi\/wp-json\/wp\/v2\/pages"}],"about":[{"href":"https:\/\/visittartu.com\/fi\/wp-json\/wp\/v2\/types\/page"}],"author":[{"embeddable":true,"href":"https:\/\/visittartu.com\/fi\/wp-json\/wp\/v2\/users\/1"}],"replies":[{"embeddable":true,"href":"https:\/\/visittartu.com\/fi\/wp-json\/wp\/v2\/comments?post=145006"}],"version-history":[{"count":5,"href":"https:\/\/visittartu.com\/fi\/wp-json\/wp\/v2\/pages\/145006\/revisions"}],"predecessor-version":[{"id":228502,"href":"https:\/\/visittartu.com\/fi\/wp-json\/wp\/v2\/pages\/145006\/revisions\/228502"}],"wp:featuredmedia":[{"embeddable":true,"href":"https:\/\/visittartu.com\/fi\/wp-json\/wp\/v2\/media\/100802"}],"wp:attachment":[{"href":"https:\/\/visittartu.com\/fi\/wp-json\/wp\/v2\/media?parent=145006"}],"curies":[{"name":"wp","href":"https:\/\/api.w.org\/{rel}","templated":true}]}}