 {"id":145001,"date":"2023-10-13T19:08:16","date_gmt":"2023-10-13T19:08:16","guid":{"rendered":"https:\/\/visittartu.com\/artiklid\/"},"modified":"2025-04-23T14:23:53","modified_gmt":"2025-04-23T14:23:53","slug":"artikkelit-uutiset-tartto","status":"publish","type":"page","link":"https:\/\/visittartu.com\/fi\/artikkelit-uutiset-tartto\/","title":{"rendered":"Artikkelit ja uutiset"},"content":{"rendered":"\t\t<div data-elementor-type=\"wp-page\" data-elementor-id=\"145001\" class=\"elementor elementor-145001 elementor-78922\" data-elementor-post-type=\"page\">\n\t\t\t\t<div class=\"elementor-element elementor-element-7a057ce e-flex e-con-boxed e-con e-parent\" data-id=\"7a057ce\" data-element_type=\"container\">\n\t\t\t\t\t<div class=\"e-con-inner\">\n\t\t\t\t<div class=\"elementor-element elementor-element-bd2085b elementor-widget elementor-widget-shortcode\" data-id=\"bd2085b\" data-element_type=\"widget\" data-widget_type=\"shortcode.default\">\n\t\t\t\t<div class=\"elementor-widget-container\">\n\t\t\t\t\t\t\t<div class=\"elementor-shortcode\"><div class=\"page-content-list shortcode-instance\" data-vt-cookie-conf=\"{&quot;post_id_set&quot;:{&quot;name&quot;:&quot;vt_fav_set&quot;,&quot;separator&quot;:&quot;|&quot;,&quot;ttl&quot;:315360000},&quot;hash&quot;:{&quot;name&quot;:&quot;vt_fav_hash&quot;,&quot;ttl&quot;:315360000}}\" data-vt-object-type=\"post\" data-scid=\"7073ac4c28\"><div class=\"obj-grid-header-wrapper type-post\" data-filter-param-set='{&quot;sectionFilterSet&quot;:[&quot;post_tag&quot;],&quot;filter&quot;:[],&quot;hide-filter&quot;:false,&quot;hide-total&quot;:false,&quot;hide-footer&quot;:false,&quot;dataValid&quot;:true,&quot;object_type&quot;:&quot;post&quot;,&quot;object_category&quot;:[&quot;articles&quot;,&quot;culinary&quot;,&quot;news&quot;],&quot;posts-per-page&quot;:12,&quot;object_type_key&quot;:&quot;posts&quot;,&quot;page&quot;:1}'><a class=\"remove-all-filters\" href=\"#\">Poista kaikki suodattimet<\/a><div class=\"filter-wrapper\"><h3>Tarkenna valintaa<\/h3><div class=\"filter-sort\"><div class=\"filter-select-wrapper filter\" data-section=\"post_tag\"><div class=\"filter-select-button\">Aiheet <i class=\"fa-solid fa-chevron-down\"><\/i><\/div><div class=\"filter-select-dropdown\" data-filter-section=\"post_tag\"><div class=\"dropdown-item\" data-filter-key=\"471\"><i class=\"fa-solid fa-square\"><\/i> Vihre\u00e4 kohde<\/div><div class=\"dropdown-item\" data-filter-key=\"473\"><i class=\"fa-solid fa-square\"><\/i> Tarton kaupunki<\/div><div class=\"dropdown-item\" data-filter-key=\"472\"><i class=\"fa-solid fa-square\"><\/i> Ruoka<\/div><div class=\"dropdown-item\" data-filter-key=\"474\"><i class=\"fa-solid fa-square\"><\/i> Liikenne<\/div><div class=\"dropdown-item\" data-filter-key=\"475\"><i class=\"fa-solid fa-square\"><\/i> Tarton maakunta<\/div><div class=\"dropdown-item\" data-filter-key=\"476\"><i class=\"fa-solid fa-square\"><\/i> Kaupunkiloma<\/div><div class=\"dropdown-item\" data-filter-key=\"477\"><i class=\"fa-solid fa-square\"><\/i> Teatteri<\/div><div class=\"dropdown-item\" data-filter-key=\"478\"><i class=\"fa-solid fa-square\"><\/i> Kulttuuri<\/div><div class=\"dropdown-item\" data-filter-key=\"479\"><i class=\"fa-solid fa-square\"><\/i> Museo<\/div><div class=\"dropdown-item\" data-filter-key=\"1447\"><i class=\"fa-solid fa-square\"><\/i> S\u00fcndmused<\/div><\/div><\/div><\/div><\/div><\/div><div class=\"grid-total-info\">Kaikki <div>22<\/div><\/div><div class=\"obj-grid\" data-rowcnt=\"4\" data-rowcntmbl=\"1\" data-object-count-per-load=\"12\" data-all-loaded=\"0\"><a href=\"https:\/\/visittartu.com\/fi\/loyda-kevainen-tartto\/\" class=\"obj-grid-item ext-link\" data-iteration=\"1\" data-post_id=\"236982\" data-post_type=\"post\"><div class=\"obj-grid-item-img-container\"><div class=\"img-black-overlay\"><\/div><img decoding=\"async\" src=\"https:\/\/visittartu.com\/wp-content\/uploads\/2026\/02\/737302-20250426_mana-kaasik_avatud-tehased-rattatuur-83-scaled.jpg\" alt=\"L\u00f6yd\u00e4 kev\u00e4inen Tartto\" title=\"L\u00f6yd\u00e4 kev\u00e4inen Tartto\" \/><\/div><div class=\"obj-grid-item-container\"><h2>L\u00f6yd\u00e4 kev\u00e4inen Tartto<\/h2><p><\/p><\/div><\/a><a href=\"https:\/\/visittartu.com\/fi\/tarton-tapahtumat-vuonna-2026\/\" class=\"obj-grid-item ext-link\" data-iteration=\"2\" data-post_id=\"230033\" data-post_type=\"post\"><div class=\"obj-grid-item-img-container\"><div class=\"img-black-overlay\"><\/div><img decoding=\"async\" src=\"https:\/\/visittartu.com\/wp-content\/uploads\/2025\/12\/749680-tartu_jaanituli_silvertonisson_089_23062025-scaled.jpg\" alt=\"Tarton tapahtumat vuonna 2026\" title=\"Tarton tapahtumat vuonna 2026\" \/><\/div><div class=\"obj-grid-item-container\"><h2>Tarton tapahtumat vuonna 2026<\/h2><p><\/p><\/div><\/a><a href=\"https:\/\/visittartu.com\/fi\/tartto-valittiin-viidetta-vuotta-perakkain-maailman-sadan-parhaan-kestavan-kehityksen-menestystarinan-joukkoon\/\" class=\"obj-grid-item ext-link\" data-iteration=\"3\" data-post_id=\"150482\" data-post_type=\"post\"><div class=\"obj-grid-item-img-container\"><div class=\"img-black-overlay\"><\/div><img decoding=\"async\" src=\"https:\/\/visittartu.com\/wp-content\/uploads\/2024\/10\/53488371772_0a7eae88b0_k.jpg\" alt=\"Tartto valittiin viidett\u00e4 vuotta per\u00e4kk\u00e4in maailman sadan parhaan kest\u00e4v\u00e4n kehityksen menestystarinan joukkoon\u00a0\" title=\"Tartto valittiin viidett\u00e4 vuotta per\u00e4kk\u00e4in maailman sadan parhaan kest\u00e4v\u00e4n kehityksen menestystarinan joukkoon\u00a0\" \/><\/div><div class=\"obj-grid-item-container\"><h2>Tartto valittiin viidett\u00e4 vuotta per\u00e4kk\u00e4in maailman sadan parhaan kest\u00e4v\u00e4n kehityksen menestystarinan joukkoon\u00a0<\/h2><p><\/p><\/div><\/a><a href=\"https:\/\/visittartu.com\/fi\/tarton-viehattavat-puukaupunginosat\/\" class=\"obj-grid-item ext-link\" data-iteration=\"4\" data-post_id=\"150479\" data-post_type=\"post\"><div class=\"obj-grid-item-img-container\"><div class=\"img-black-overlay\"><\/div><img decoding=\"async\" src=\"https:\/\/visittartu.com\/wp-content\/uploads\/2024\/08\/Meedium-17.jpg\" alt=\"Tarton vieh\u00e4tt\u00e4v\u00e4t puukaupunginosat\" title=\"Tarton vieh\u00e4tt\u00e4v\u00e4t puukaupunginosat\" \/><\/div><div class=\"obj-grid-item-container\"><h2>Tarton vieh\u00e4tt\u00e4v\u00e4t puukaupunginosat<\/h2><p><\/p><\/div><\/a><a href=\"https:\/\/visittartu.com\/fi\/jokainen-tarton-museo-kertoo-oman-tarinansa\/\" class=\"obj-grid-item ext-link\" data-iteration=\"5\" data-post_id=\"150476\" data-post_type=\"post\"><div class=\"obj-grid-item-img-container\"><div class=\"img-black-overlay\"><\/div><img decoding=\"async\" src=\"https:\/\/visittartu.com\/wp-content\/uploads\/2024\/07\/558232-mikk_otsar_nublumg-23-04-2024-mikk-otsar-19-vaike.jpg\" alt=\"Jokainen Tarton museo kertoo oman tarinansa\" title=\"Jokainen Tarton museo kertoo oman tarinansa\" \/><\/div><div class=\"obj-grid-item-container\"><h2>Jokainen Tarton museo kertoo oman tarinansa<\/h2><p><\/p><\/div><\/a><a href=\"https:\/\/visittartu.com\/fi\/ilmaiset-elamykset-tartossa\/\" class=\"obj-grid-item ext-link\" data-iteration=\"6\" data-post_id=\"150474\" data-post_type=\"post\"><div class=\"obj-grid-item-img-container\"><div class=\"img-black-overlay\"><\/div><img decoding=\"async\" src=\"https:\/\/visittartu.com\/wp-content\/uploads\/2025\/11\/54208022883_840db56611_k-1.jpg\" alt=\"Ilmaiset el\u00e4mykset Tartossa\" title=\"Ilmaiset el\u00e4mykset Tartossa\" \/><\/div><div class=\"obj-grid-item-container\"><h2>Ilmaiset el\u00e4mykset Tartossa<\/h2><p><\/p><\/div><\/a><a href=\"https:\/\/visittartu.com\/fi\/mielenkiintoinen-paiva-ymparistoystavallisessa-tartossa\/\" class=\"obj-grid-item ext-link\" data-iteration=\"7\" data-post_id=\"150472\" data-post_type=\"post\"><div class=\"obj-grid-item-img-container\"><div class=\"img-black-overlay\"><\/div><img decoding=\"async\" src=\"https:\/\/visittartu.com\/wp-content\/uploads\/2024\/07\/767134-20250701_manakaasik_elurikkus-36-scaled.jpg\" alt=\"Mielenkiintoinen p\u00e4iv\u00e4 ymp\u00e4rist\u00f6yst\u00e4v\u00e4llisess\u00e4 Tartossa\" title=\"Mielenkiintoinen p\u00e4iv\u00e4 ymp\u00e4rist\u00f6yst\u00e4v\u00e4llisess\u00e4 Tartossa\" \/><\/div><div class=\"obj-grid-item-container\"><h2>Mielenkiintoinen p\u00e4iv\u00e4 ymp\u00e4rist\u00f6yst\u00e4v\u00e4llisess\u00e4 Tartossa<\/h2><p><\/p><\/div><\/a><a href=\"https:\/\/visittartu.com\/fi\/todellinen-kulttuuriloma\/\" class=\"obj-grid-item ext-link\" data-iteration=\"8\" data-post_id=\"150470\" data-post_type=\"post\"><div class=\"obj-grid-item-img-container\"><div class=\"img-black-overlay\"><\/div><img decoding=\"async\" src=\"https:\/\/visittartu.com\/wp-content\/uploads\/2024\/07\/558212-2601-sigma_foto_reigo_teervalt-15-scaled.jpg\" alt=\"Todellinen kulttuuriloma\" title=\"Todellinen kulttuuriloma\" \/><\/div><div class=\"obj-grid-item-container\"><h2>Todellinen kulttuuriloma<\/h2><p><\/p><\/div><\/a><a href=\"https:\/\/visittartu.com\/fi\/tutustu-tarton-maakuntaan-junalla-ja-bussilla\/\" class=\"obj-grid-item ext-link\" data-iteration=\"9\" data-post_id=\"150468\" data-post_type=\"post\"><div class=\"obj-grid-item-img-container\"><div class=\"img-black-overlay\"><\/div><img decoding=\"async\" src=\"https:\/\/visittartu.com\/wp-content\/uploads\/2024\/07\/Oldrailway-stationvisitElvavisitEstonia-MarkoHorakvisittartu.jpg\" alt=\"Tutustu Tarton maakuntaan junalla ja bussilla\" title=\"Tutustu Tarton maakuntaan junalla ja bussilla\" \/><\/div><div class=\"obj-grid-item-container\"><h2>Tutustu Tarton maakuntaan junalla ja bussilla<\/h2><p><\/p><\/div><\/a><a href=\"https:\/\/visittartu.com\/fi\/tarton-historiaa-ja-mielenkiintoisia-faktoja\/\" class=\"obj-grid-item ext-link\" data-iteration=\"10\" data-post_id=\"159028\" data-post_type=\"post\"><div class=\"obj-grid-item-img-container\"><div class=\"img-black-overlay\"><\/div><img decoding=\"async\" src=\"https:\/\/visittartu.com\/wp-content\/uploads\/2026\/03\/601286-20240616_mana-kaasik_raekojaplats-02-keskmine-1.jpg\" alt=\"Tarton historiaa ja mielenkiintoisia faktoja\" title=\"Tarton historiaa ja mielenkiintoisia faktoja\" \/><\/div><div class=\"obj-grid-item-container\"><h2>Tarton historiaa ja mielenkiintoisia faktoja<\/h2><p><\/p><\/div><\/a><a href=\"https:\/\/visittartu.com\/fi\/finnair-jatkaa-lentoja-tarttoon\/\" class=\"obj-grid-item ext-link\" data-iteration=\"11\" data-post_id=\"150467\" data-post_type=\"post\"><div class=\"obj-grid-item-img-container\"><div class=\"img-black-overlay\"><\/div><img decoding=\"async\" src=\"https:\/\/visittartu.com\/wp-content\/uploads\/2024\/07\/finnair-0088-Maanus20Kullamaa20288729.jpg\" alt=\"Finnair jatkaa lentoja Tarttoon\" title=\"Finnair jatkaa lentoja Tarttoon\" \/><\/div><div class=\"obj-grid-item-container\"><h2>Finnair jatkaa lentoja Tarttoon<\/h2><p><\/p><\/div><\/a><a href=\"https:\/\/visittartu.com\/fi\/parhaat-ravintolat-tartossa\/\" class=\"obj-grid-item ext-link\" data-iteration=\"12\" data-post_id=\"150459\" data-post_type=\"post\"><div class=\"obj-grid-item-img-container\"><div class=\"img-black-overlay\"><\/div><img decoding=\"async\" src=\"https:\/\/visittartu.com\/wp-content\/uploads\/2023\/08\/restoran-joyce-lauri-laan-visitestonia.jpg\" alt=\"Parhaat ravintolat Tartossa\" title=\"Parhaat ravintolat Tartossa\" \/><\/div><div class=\"obj-grid-item-container\"><h2>Parhaat ravintolat Tartossa<\/h2><p><\/p><\/div><\/a><img decoding=\"async\" class=\"obj-grid-loading\" src=\"https:\/\/visittartu.com\/wp-content\/themes\/visittartu\/assets\/loading.gif\" \/><\/div><div class=\"obj-grid-footer\"><div class=\"\"><\/div><a href=\"#\" class=\"global-btn load-more-button\">N\u00e4yt\u00e4 lis\u00e4\u00e4 (<div>10<\/div>)<\/a><\/div><\/div><\/div>\n\t\t\t\t\t\t<\/div>\n\t\t\t\t<\/div>\n\t\t\t\t\t<\/div>\n\t\t\t\t<\/div>\n\t\t\t\t<\/div>\n\t\t","protected":false},"excerpt":{"rendered":"","protected":false},"author":2,"featured_media":148076,"parent":0,"menu_order":0,"comment_status":"closed","ping_status":"closed","template":"","meta":{"_acf_changed":false,"footnotes":""},"class_list":["post-145001","page","type-page","status-publish","has-post-thumbnail","hentry"],"acf":[],"_links":{"self":[{"href":"https:\/\/visittartu.com\/fi\/wp-json\/wp\/v2\/pages\/145001","targetHints":{"allow":["GET"]}}],"collection":[{"href":"https:\/\/visittartu.com\/fi\/wp-json\/wp\/v2\/pages"}],"about":[{"href":"https:\/\/visittartu.com\/fi\/wp-json\/wp\/v2\/types\/page"}],"author":[{"embeddable":true,"href":"https:\/\/visittartu.com\/fi\/wp-json\/wp\/v2\/users\/2"}],"replies":[{"embeddable":true,"href":"https:\/\/visittartu.com\/fi\/wp-json\/wp\/v2\/comments?post=145001"}],"version-history":[{"count":5,"href":"https:\/\/visittartu.com\/fi\/wp-json\/wp\/v2\/pages\/145001\/revisions"}],"predecessor-version":[{"id":150488,"href":"https:\/\/visittartu.com\/fi\/wp-json\/wp\/v2\/pages\/145001\/revisions\/150488"}],"wp:featuredmedia":[{"embeddable":true,"href":"https:\/\/visittartu.com\/fi\/wp-json\/wp\/v2\/media\/148076"}],"wp:attachment":[{"href":"https:\/\/visittartu.com\/fi\/wp-json\/wp\/v2\/media?parent=145001"}],"curies":[{"name":"wp","href":"https:\/\/api.w.org\/{rel}","templated":true}]}}