 {"id":78927,"date":"2024-07-13T19:09:40","date_gmt":"2024-07-13T19:09:40","guid":{"rendered":"https:\/\/visittartu.com\/?page_id=78927"},"modified":"2024-12-06T08:03:30","modified_gmt":"2024-12-06T08:03:30","slug":"konverentsiruumid","status":"publish","type":"page","link":"https:\/\/visittartu.com\/et\/konverentsiruumid\/","title":{"rendered":"Konverentsiruumid"},"content":{"rendered":"\t\t<div data-elementor-type=\"wp-page\" data-elementor-id=\"78927\" class=\"elementor elementor-78927\" data-elementor-post-type=\"page\">\n\t\t\t\t<div class=\"elementor-element elementor-element-6234516 e-flex e-con-boxed e-con e-parent\" data-id=\"6234516\" data-element_type=\"container\">\n\t\t\t\t\t<div class=\"e-con-inner\">\n\t\t\t\t<div class=\"elementor-element elementor-element-2964398 elementor-widget elementor-widget-heading\" data-id=\"2964398\" data-element_type=\"widget\" data-widget_type=\"heading.default\">\n\t\t\t\t<div class=\"elementor-widget-container\">\n\t\t\t\t\t<h2 class=\"elementor-heading-title elementor-size-default\">Korralda oma \u00fcritus Tartu ajaloolistes ja kaasaegsetes ruumides<\/h2>\t\t\t\t<\/div>\n\t\t\t\t<\/div>\n\t\t\t\t<div class=\"elementor-element elementor-element-90741a9 elementor-widget elementor-widget-text-editor\" data-id=\"90741a9\" data-element_type=\"widget\" data-widget_type=\"text-editor.default\">\n\t\t\t\t<div class=\"elementor-widget-container\">\n\t\t\t\t\t\t\t\t\t<p>Tartus on palju erinevaid \u00fcrituspaiku, mis sobivad mitmesuguste s\u00fcndmuste korraldamiseks. Olgu selleks ajaloolised hooned, n\u00e4iteks Tartu \u00dclikooli aula ja Tartu \u00dclikooli Muuseumi valge saal v\u00f5i hoopis v\u00e4\u00e4rikas Knorringu aadlimaja. Moodsaid ja kaasaegseid ruume pakub Eesti Rahva Muuseum ning teaduse ja ajaloo teemalise \u00fcrituse korraldamiseks sobivad h\u00e4sti Teaduskeskus AHHAA, Tartu Loodusmaja v\u00f5i n\u00e4iteks Kammivabriku s\u00fcndmuskeskuse ruumid. Suuremaid konverentsiruume, mis on varustatud tipptasemel tehnoloogiaga, leiab nii V Spaa ja Konverentsihotelli konverentsikeskusest kui ka teistest Tartu hotellidest, nagu Lydia, Sophia v\u00f5i SOHO. Olenemata konverentsi suurusest v\u00f5i stiilist, pakub Tartu laia valikut ruume, mis muudavad teie s\u00fcndmuse t\u00f5eliselt meeldej\u00e4\u00e4vaks.<\/p>\t\t\t\t\t\t\t\t<\/div>\n\t\t\t\t<\/div>\n\t\t\t\t<div class=\"elementor-element elementor-element-69b6b43 elementor-widget elementor-widget-shortcode\" data-id=\"69b6b43\" data-element_type=\"widget\" data-widget_type=\"shortcode.default\">\n\t\t\t\t<div class=\"elementor-widget-container\">\n\t\t\t\t\t\t\t<div class=\"elementor-shortcode\"><div class=\"page-content-list shortcode-instance\" data-scid=\"d88c11076e\"><div class=\"obj-grid-header-wrapper\" data-filter-param-set='{&quot;sectionFilterSet&quot;:[&quot;attributes&quot;,&quot;room-size&quot;],&quot;filter&quot;:[],&quot;hide-filter&quot;:false,&quot;hide-total&quot;:false,&quot;hide-footer&quot;:false,&quot;dataValid&quot;:true,&quot;object_type&quot;:&quot;conference-room&quot;,&quot;object_category&quot;:&quot;&quot;,&quot;posts-per-page&quot;:12,&quot;object_type_key&quot;:&quot;conference-rooms&quot;,&quot;page&quot;:1,&quot;order&quot;:1}'><a class=\"remove-all-filters\" href=\"#\">Eemalda k\u00f5ik filtrid<\/a><div class=\"filter-wrapper\"><h3>T\u00e4psusta valikut<\/h3><div class=\"filter-sort\"><div class=\"filter-select-wrapper filter\" data-section=\"attributes\" data-force-single-selection=\"0\"><div class=\"filter-select-button\">Omadused <i class=\"fa-solid fa-chevron-down\"><\/i><\/div><div class=\"filter-select-dropdown\" data-filter-section=\"attributes\" style=\"display: none;\"><div class=\"dropdown-item\" data-filter-key=\"927\"><i class=\"fa-solid fa-square\"><\/i> Konditsioneer<\/div><div class=\"dropdown-item\" data-filter-key=\"729\"><i class=\"fa-solid fa-square\"><\/i> Konverentsitehnika<\/div><div class=\"dropdown-item\" data-filter-key=\"731\"><i class=\"fa-solid fa-square\"><\/i> Lift<\/div><div class=\"dropdown-item\" data-filter-key=\"733\"><i class=\"fa-solid fa-square\"><\/i> Ligip\u00e4\u00e4s ratastooliga<\/div><div class=\"dropdown-item\" data-filter-key=\"735\"><i class=\"fa-solid fa-square\"><\/i> P\u00e4evavalgus<\/div><div class=\"dropdown-item\" data-filter-key=\"933\"><i class=\"fa-solid fa-square\"><\/i> Parkimine tasuline<\/div><div class=\"dropdown-item\" data-filter-key=\"740\"><i class=\"fa-solid fa-square\"><\/i> Toitlustus\/catering<\/div><div class=\"dropdown-item\" data-filter-key=\"921\"><i class=\"fa-solid fa-square\"><\/i> WIFI<\/div><div class=\"dropdown-item\" data-filter-key=\"945\"><i class=\"fa-solid fa-square\"><\/i> Parkimine tasuta<\/div><div class=\"dropdown-item\" data-filter-key=\"738\"><i class=\"fa-solid fa-square\"><\/i> H\u00fcbriidstuudio<\/div><div class=\"dropdown-item\" data-filter-key=\"1005\"><i class=\"fa-solid fa-square\"><\/i> T\u00f5lkekabiin<\/div><\/div><\/div><div class=\"filter-select-wrapper filter\" data-section=\"room-size\" data-force-single-selection=\"0\"><div class=\"filter-select-button\">Ruumi mahutavus <i class=\"fa-solid fa-chevron-down\"><\/i><\/div><div class=\"filter-select-dropdown\" data-filter-section=\"room-size\" style=\"display: none;\"><div class=\"dropdown-item\" data-filter-key=\"975\"><i class=\"fa-solid fa-square\"><\/i> Ruum mahutavusega kuni 10 kohta<\/div><div class=\"dropdown-item\" data-filter-key=\"981\"><i class=\"fa-solid fa-square\"><\/i> Ruum mahutavusega kuni 100 kohta<\/div><div class=\"dropdown-item\" data-filter-key=\"999\"><i class=\"fa-solid fa-square\"><\/i> Ruum mahutavusega kuni 150 kohta<\/div><div class=\"dropdown-item\" data-filter-key=\"957\"><i class=\"fa-solid fa-square\"><\/i> Ruum mahutavusega kuni 20 kohta<\/div><div class=\"dropdown-item\" data-filter-key=\"969\"><i class=\"fa-solid fa-square\"><\/i> Ruum mahutavusega kuni 300 kohta<\/div><div class=\"dropdown-item\" data-filter-key=\"1007\"><i class=\"fa-solid fa-square\"><\/i> Ruum mahutavusega kuni 35 kohta<\/div><div class=\"dropdown-item\" data-filter-key=\"963\"><i class=\"fa-solid fa-square\"><\/i> Ruum mahutavusega kuni 50 kohta<\/div><div class=\"dropdown-item\" data-filter-key=\"987\"><i class=\"fa-solid fa-square\"><\/i> Ruum mahutavusega kuni 500 kohta<\/div><div class=\"dropdown-item\" data-filter-key=\"1008\"><i class=\"fa-solid fa-square\"><\/i> Ruum mahutavusega kuni 70 kohta<\/div><div class=\"dropdown-item\" data-filter-key=\"993\"><i class=\"fa-solid fa-square\"><\/i> Ruum mahutavusega \u00fcle 500 koha<\/div><\/div><\/div><div class=\"filter-select-wrapper order\" data-section=\"order\"><div class=\"filter-select-button\">Sorteeri <i class=\"fa-solid fa-chevron-down\"><\/i><\/div><div class=\"filter-select-dropdown\" style=\"display: none;\"><div class=\"dropdown-item selected\" data-order-key=\"1\"><i class=\"fa-solid fa-square-check\"><\/i> Populaarsus<\/div><div class=\"dropdown-item\" data-order-key=\"2\"><i class=\"fa-solid fa-square-check\"><\/i> A-Y<\/div><\/div><\/div><\/div><\/div><\/div><div class=\"grid-total-info\">Kokku <div>70<\/div><\/div><div class=\"obj-grid\" data-rowcnt=\"4\" data-rowcntmbl=\"1\" data-object-count-per-load=\"12\" data-all-loaded=\"0\"><a href=\"https:\/\/visittartu.com\/et\/conference-room\/hotell-lydia-sundmuskeskus\/\" class=\"obj-grid-item handle-preview\" data-iteration=\"1\" data-post_id=\"158372\" data-post_type=\"conference-room\"><div class=\"obj-grid-item-img-container\"><div class=\"img-black-overlay\"><\/div><img decoding=\"async\" src=\"https:\/\/visittartu.com\/wp-content\/uploads\/ve\/2023\/03\/1680201930-8988-500x281.jpg\"  alt=\"\" title=\"\" \/><\/div><div class=\"obj-grid-item-container\"><h2>Hotell Lydia s\u00fcndmuskeskus<\/h2><\/div><\/a><a href=\"https:\/\/visittartu.com\/et\/conference-room\/tartu-ulikooli-muuseumi-valge-saal\/\" class=\"obj-grid-item handle-preview\" data-iteration=\"2\" data-post_id=\"158242\" data-post_type=\"conference-room\"><div class=\"obj-grid-item-img-container\"><div class=\"img-black-overlay\"><\/div><img decoding=\"async\" src=\"https:\/\/visittartu.com\/wp-content\/uploads\/2023\/03\/UT241018AT054-scaled.jpg\"  alt=\"\" title=\"\" \/><\/div><div class=\"obj-grid-item-container\"><h2>Tartu \u00dclikooli muuseumi valge saal<\/h2><\/div><\/a><a href=\"https:\/\/visittartu.com\/et\/conference-room\/v-spaa-ja-konverentsihotelli-konverentsikeskus\/\" class=\"obj-grid-item handle-preview\" data-iteration=\"3\" data-post_id=\"158230\" data-post_type=\"conference-room\"><div class=\"obj-grid-item-img-container\"><div class=\"img-black-overlay\"><\/div><img decoding=\"async\" src=\"https:\/\/visittartu.com\/wp-content\/uploads\/ve\/2023\/03\/1680201057-8826-500x281.jpg\"  alt=\"\" title=\"\" \/><\/div><div class=\"obj-grid-item-container\"><h2>V Spaa- ja Konverentsihotelli konverentsikeskus<\/h2><\/div><\/a><a href=\"https:\/\/visittartu.com\/et\/conference-room\/eesti-rahva-muuseumi-konverentsisaalid\/\" class=\"obj-grid-item handle-preview\" data-iteration=\"4\" data-post_id=\"158212\" data-post_type=\"conference-room\"><div class=\"obj-grid-item-img-container\"><div class=\"img-black-overlay\"><\/div><img decoding=\"async\" src=\"https:\/\/visittartu.com\/wp-content\/uploads\/ve\/2023\/03\/1680201038-9496-500x281.jpg\"  alt=\"\" title=\"\" \/><\/div><div class=\"obj-grid-item-container\"><h2>Eesti Rahva Muuseumi konverentsisaalid<\/h2><\/div><\/a><a href=\"https:\/\/visittartu.com\/et\/conference-room\/hotell-tartu-seminariruumid\/\" class=\"obj-grid-item handle-preview\" data-iteration=\"5\" data-post_id=\"158185\" data-post_type=\"conference-room\"><div class=\"obj-grid-item-img-container\"><div class=\"img-black-overlay\"><\/div><img decoding=\"async\" src=\"https:\/\/visittartu.com\/wp-content\/uploads\/ve\/2023\/03\/1680200750-9356-500x281.jpg\"  alt=\"\" title=\"\" \/><\/div><div class=\"obj-grid-item-container\"><h2>Hotell Tartu seminariruumid<\/h2><\/div><\/a><a href=\"https:\/\/visittartu.com\/et\/conference-room\/hotell-sophia-konverentsiruumid\/\" class=\"obj-grid-item handle-preview\" data-iteration=\"6\" data-post_id=\"158354\" data-post_type=\"conference-room\"><div class=\"obj-grid-item-img-container\"><div class=\"img-black-overlay\"><\/div><img decoding=\"async\" src=\"https:\/\/visittartu.com\/wp-content\/uploads\/ve\/2023\/03\/1680201910-2651-500x281.jpg\"  alt=\"\" title=\"\" \/><\/div><div class=\"obj-grid-item-container\"><h2>Hotell Sophia konverentsiruumid<\/h2><\/div><\/a><a href=\"https:\/\/visittartu.com\/et\/conference-room\/antoniuse-hotelli-seminariruumid\/\" class=\"obj-grid-item handle-preview\" data-iteration=\"7\" data-post_id=\"158330\" data-post_type=\"conference-room\"><div class=\"obj-grid-item-img-container\"><div class=\"img-black-overlay\"><\/div><img decoding=\"async\" src=\"https:\/\/visittartu.com\/wp-content\/uploads\/ve\/2023\/03\/1680201637-348-500x281.jpg\"  alt=\"\" title=\"\" \/><\/div><div class=\"obj-grid-item-container\"><h2>Antoniuse hotelli seminariruumid<\/h2><\/div><\/a><a href=\"https:\/\/visittartu.com\/et\/conference-room\/dorpat-hotelli-seminariruumid\/\" class=\"obj-grid-item handle-preview\" data-iteration=\"8\" data-post_id=\"158167\" data-post_type=\"conference-room\"><div class=\"obj-grid-item-img-container\"><div class=\"img-black-overlay\"><\/div><img decoding=\"async\" src=\"https:\/\/visittartu.com\/wp-content\/uploads\/ve\/2023\/03\/1680200732-8912-500x281.jpg\"  alt=\"\" title=\"\" \/><\/div><div class=\"obj-grid-item-container\"><h2>Dorpat hotelli seminariruumid<\/h2><\/div><\/a><a href=\"https:\/\/visittartu.com\/et\/conference-room\/alatskivi-lossi-konverentsi-ja-seminariruumid\/\" class=\"obj-grid-item handle-preview\" data-iteration=\"9\" data-post_id=\"158277\" data-post_type=\"conference-room\"><div class=\"obj-grid-item-img-container\"><div class=\"img-black-overlay\"><\/div><img decoding=\"async\" src=\"https:\/\/visittartu.com\/wp-content\/uploads\/ve\/2023\/03\/1680201334-3068-500x281.jpg\"  alt=\"\" title=\"\" \/><\/div><div class=\"obj-grid-item-container\"><h2>Alatskivi lossi konverentsi- ja seminariruumid<\/h2><\/div><\/a><a href=\"https:\/\/visittartu.com\/et\/conference-room\/tartu-ulikooli-akadeemilise-spordiklubi-konverentsikeskus\/\" class=\"obj-grid-item handle-preview\" data-iteration=\"10\" data-post_id=\"158378\" data-post_type=\"conference-room\"><div class=\"obj-grid-item-img-container\"><div class=\"img-black-overlay\"><\/div><img decoding=\"async\" src=\"https:\/\/visittartu.com\/wp-content\/uploads\/ve\/2023\/03\/1680201935-4526-500x281.jpg\"  alt=\"\" title=\"\" \/><\/div><div class=\"obj-grid-item-container\"><h2>Tartu \u00dclikooli Akadeemilise Spordiklubi konverentsikeskus<\/h2><\/div><\/a><a href=\"https:\/\/visittartu.com\/et\/conference-room\/teater-vanemuine-seminariruumid\/\" class=\"obj-grid-item handle-preview\" data-iteration=\"11\" data-post_id=\"158161\" data-post_type=\"conference-room\"><div class=\"obj-grid-item-img-container\"><div class=\"img-black-overlay\"><\/div><img decoding=\"async\" src=\"https:\/\/visittartu.com\/wp-content\/uploads\/ve\/2023\/03\/1680200723-7886-500x208.jpg\"  alt=\"\" title=\"\" \/><\/div><div class=\"obj-grid-item-container\"><h2>Teater Vanemuine seminariruumid<\/h2><\/div><\/a><a href=\"https:\/\/visittartu.com\/et\/conference-room\/lodjakoja-konverentsi-ja-seminariruumid\/\" class=\"obj-grid-item handle-preview\" data-iteration=\"12\" data-post_id=\"158396\" data-post_type=\"conference-room\"><div class=\"obj-grid-item-img-container\"><div class=\"img-black-overlay\"><\/div><img decoding=\"async\" src=\"https:\/\/visittartu.com\/wp-content\/uploads\/ve\/2023\/03\/1680202220-499-500x333.jpg\"  alt=\"\" title=\"\" \/><\/div><div class=\"obj-grid-item-container\"><h2>Lodjakoja konverentsi- ja seminariruumid<\/h2><\/div><\/a><img decoding=\"async\" class=\"obj-grid-loading\" src=\"https:\/\/visittartu.com\/wp-content\/themes\/visittartu\/assets\/loading.gif\" \/><\/div><div class=\"obj-grid-footer\"><div class=\"\"><\/div><a href=\"#\" class=\"global-btn load-more-button\">N\u00e4ita rohkem (<div>58<\/div>)<\/a><\/div><\/div><\/div>\n\t\t\t\t\t\t<\/div>\n\t\t\t\t<\/div>\n\t\t\t\t\t<\/div>\n\t\t\t\t<\/div>\n\t\t\t\t<\/div>\n\t\t","protected":false},"excerpt":{"rendered":"<p>Korralda oma \u00fcritus Tartu ajaloolistes ja kaasaegsetes ruumides Tartus on palju erinevaid \u00fcrituspaiku, mis sobivad mitmesuguste s\u00fcndmuste korraldamiseks. Olgu selleks ajaloolised hooned, n\u00e4iteks Tartu \u00dclikooli aula ja Tartu \u00dclikooli Muuseumi valge saal v\u00f5i hoopis v\u00e4\u00e4rikas Knorringu aadlimaja. Moodsaid ja kaasaegseid ruume pakub Eesti Rahva Muuseum ning teaduse ja ajaloo teemalise \u00fcrituse korraldamiseks sobivad h\u00e4sti Teaduskeskus [&hellip;]<\/p>\n","protected":false},"author":2,"featured_media":106669,"parent":0,"menu_order":0,"comment_status":"closed","ping_status":"closed","template":"","meta":{"_acf_changed":false,"footnotes":""},"class_list":["post-78927","page","type-page","status-publish","has-post-thumbnail","hentry"],"acf":[],"_links":{"self":[{"href":"https:\/\/visittartu.com\/et\/wp-json\/wp\/v2\/pages\/78927","targetHints":{"allow":["GET"]}}],"collection":[{"href":"https:\/\/visittartu.com\/et\/wp-json\/wp\/v2\/pages"}],"about":[{"href":"https:\/\/visittartu.com\/et\/wp-json\/wp\/v2\/types\/page"}],"author":[{"embeddable":true,"href":"https:\/\/visittartu.com\/et\/wp-json\/wp\/v2\/users\/2"}],"replies":[{"embeddable":true,"href":"https:\/\/visittartu.com\/et\/wp-json\/wp\/v2\/comments?post=78927"}],"version-history":[{"count":5,"href":"https:\/\/visittartu.com\/et\/wp-json\/wp\/v2\/pages\/78927\/revisions"}],"predecessor-version":[{"id":158882,"href":"https:\/\/visittartu.com\/et\/wp-json\/wp\/v2\/pages\/78927\/revisions\/158882"}],"wp:featuredmedia":[{"embeddable":true,"href":"https:\/\/visittartu.com\/et\/wp-json\/wp\/v2\/media\/106669"}],"wp:attachment":[{"href":"https:\/\/visittartu.com\/et\/wp-json\/wp\/v2\/media?parent=78927"}],"curies":[{"name":"wp","href":"https:\/\/api.w.org\/{rel}","templated":true}]}}