 {"id":78922,"date":"2023-10-13T19:08:16","date_gmt":"2023-10-13T19:08:16","guid":{"rendered":"https:\/\/visittartu.com\/?page_id=78922"},"modified":"2024-10-04T09:08:03","modified_gmt":"2024-10-04T09:08:03","slug":"artiklid","status":"publish","type":"page","link":"https:\/\/visittartu.com\/et\/artiklid\/","title":{"rendered":"Artiklid"},"content":{"rendered":"\t\t<div data-elementor-type=\"wp-page\" data-elementor-id=\"78922\" class=\"elementor elementor-78922\" data-elementor-post-type=\"page\">\n\t\t\t\t<div class=\"elementor-element elementor-element-7a057ce e-flex e-con-boxed e-con e-parent\" data-id=\"7a057ce\" data-element_type=\"container\">\n\t\t\t\t\t<div class=\"e-con-inner\">\n\t\t\t\t<div class=\"elementor-element elementor-element-bd2085b elementor-widget elementor-widget-shortcode\" data-id=\"bd2085b\" data-element_type=\"widget\" data-widget_type=\"shortcode.default\">\n\t\t\t\t<div class=\"elementor-widget-container\">\n\t\t\t\t\t\t\t<div class=\"elementor-shortcode\"><div class=\"page-content-list shortcode-instance\" data-vt-cookie-conf=\"{&quot;post_id_set&quot;:{&quot;name&quot;:&quot;vt_fav_set&quot;,&quot;separator&quot;:&quot;|&quot;,&quot;ttl&quot;:315360000},&quot;hash&quot;:{&quot;name&quot;:&quot;vt_fav_hash&quot;,&quot;ttl&quot;:315360000}}\" data-vt-object-type=\"post\" data-scid=\"fc39b460e7\"><div class=\"obj-grid-header-wrapper type-post\" data-filter-param-set='{&quot;sectionFilterSet&quot;:[&quot;post_tag&quot;],&quot;filter&quot;:[],&quot;hide-filter&quot;:false,&quot;hide-total&quot;:false,&quot;hide-footer&quot;:false,&quot;dataValid&quot;:true,&quot;object_type&quot;:&quot;post&quot;,&quot;object_category&quot;:[&quot;articles&quot;],&quot;posts-per-page&quot;:12,&quot;object_type_key&quot;:&quot;posts&quot;,&quot;page&quot;:1}'><a class=\"remove-all-filters\" href=\"#\">Eemalda k\u00f5ik filtrid<\/a><div class=\"filter-wrapper\"><h3>T\u00e4psusta valikut<\/h3><div class=\"filter-sort\"><div class=\"filter-select-wrapper filter\" data-section=\"post_tag\"><div class=\"filter-select-button\">Teemad <i class=\"fa-solid fa-chevron-down\"><\/i><\/div><div class=\"filter-select-dropdown\" data-filter-section=\"post_tag\"><div class=\"dropdown-item\" data-filter-key=\"229\"><i class=\"fa-solid fa-square\"><\/i> Kultuuripealinn<\/div><div class=\"dropdown-item\" data-filter-key=\"234\"><i class=\"fa-solid fa-square\"><\/i> Toit<\/div><div class=\"dropdown-item\" data-filter-key=\"252\"><i class=\"fa-solid fa-square\"><\/i> Pere<\/div><div class=\"dropdown-item\" data-filter-key=\"253\"><i class=\"fa-solid fa-square\"><\/i> Ajalugu<\/div><div class=\"dropdown-item\" data-filter-key=\"227\"><i class=\"fa-solid fa-square\"><\/i> Transport<\/div><div class=\"dropdown-item\" data-filter-key=\"259\"><i class=\"fa-solid fa-square\"><\/i> Tartumaa<\/div><div class=\"dropdown-item\" data-filter-key=\"207\"><i class=\"fa-solid fa-square\"><\/i> Linnapuhkus<\/div><div class=\"dropdown-item\" data-filter-key=\"231\"><i class=\"fa-solid fa-square\"><\/i> Teater<\/div><div class=\"dropdown-item\" data-filter-key=\"233\"><i class=\"fa-solid fa-square\"><\/i> Kultuur<\/div><div class=\"dropdown-item\" data-filter-key=\"258\"><i class=\"fa-solid fa-square\"><\/i> Sibulatee<\/div><div class=\"dropdown-item\" data-filter-key=\"201\"><i class=\"fa-solid fa-square\"><\/i> Roheline sihtkoht<\/div><div class=\"dropdown-item\" data-filter-key=\"262\"><i class=\"fa-solid fa-square\"><\/i> Peipsi<\/div><div class=\"dropdown-item\" data-filter-key=\"270\"><i class=\"fa-solid fa-square\"><\/i> T\u00e4navakunst<\/div><div class=\"dropdown-item\" data-filter-key=\"230\"><i class=\"fa-solid fa-square\"><\/i> Muuseum<\/div><div class=\"dropdown-item\" data-filter-key=\"277\"><i class=\"fa-solid fa-square\"><\/i> Tartu linn<\/div><div class=\"dropdown-item\" data-filter-key=\"235\"><i class=\"fa-solid fa-square\"><\/i> Sport<\/div><div class=\"dropdown-item\" data-filter-key=\"251\"><i class=\"fa-solid fa-square\"><\/i> Konverents<\/div><div class=\"dropdown-item\" data-filter-key=\"213\"><i class=\"fa-solid fa-square\"><\/i> S\u00fcndmused<\/div><\/div><\/div><\/div><\/div><\/div><div class=\"grid-total-info\">Kokku <div>30<\/div><\/div><div class=\"obj-grid\" data-rowcnt=\"4\" data-rowcntmbl=\"1\" data-object-count-per-load=\"12\" data-all-loaded=\"0\"><a href=\"https:\/\/visittartu.com\/et\/kestliku-margisega-turismiettevotted-tartus\/\" class=\"obj-grid-item ext-link\" data-iteration=\"1\" data-post_id=\"239110\" data-post_type=\"post\"><div class=\"obj-grid-item-img-container\"><div class=\"img-black-overlay\"><\/div><img decoding=\"async\" src=\"https:\/\/visittartu.com\/wp-content\/uploads\/2026\/03\/607359-mkullamaa_joekohvikud-0001-2-scaled.jpg\" alt=\"Kestliku m\u00e4rgisega turismiettev\u00f5tted Tartus\" title=\"Kestliku m\u00e4rgisega turismiettev\u00f5tted Tartus\" \/><\/div><div class=\"obj-grid-item-container\"><h2>Kestliku m\u00e4rgisega turismiettev\u00f5tted Tartus<\/h2><p><\/p><\/div><\/a><a href=\"https:\/\/visittartu.com\/et\/killuke-tartut-koju-kaasa-kust-leida-tartu-meeneid\/\" class=\"obj-grid-item ext-link\" data-iteration=\"2\" data-post_id=\"238543\" data-post_type=\"post\"><div class=\"obj-grid-item-img-container\"><div class=\"img-black-overlay\"><\/div><img decoding=\"async\" src=\"https:\/\/visittartu.com\/wp-content\/uploads\/2026\/03\/793316-ekvilibrist-8883-scaled.jpg\" alt=\"Killuke Tartut koju kaasa: kust leida Tartu meeneid\" title=\"Killuke Tartut koju kaasa: kust leida Tartu meeneid\" \/><\/div><div class=\"obj-grid-item-container\"><h2>Killuke Tartut koju kaasa: kust leida Tartu meeneid<\/h2><p><\/p><\/div><\/a><a href=\"https:\/\/visittartu.com\/et\/avasta-kevadist-tartut\/\" class=\"obj-grid-item ext-link\" data-iteration=\"3\" data-post_id=\"236020\" data-post_type=\"post\"><div class=\"obj-grid-item-img-container\"><div class=\"img-black-overlay\"><\/div><img decoding=\"async\" src=\"https:\/\/visittartu.com\/wp-content\/uploads\/2026\/02\/737302-20250426_mana-kaasik_avatud-tehased-rattatuur-83-scaled.jpg\" alt=\"Avasta kevadist Tartut\" title=\"Avasta kevadist Tartut\" \/><\/div><div class=\"obj-grid-item-container\"><h2>Avasta kevadist Tartut<\/h2><p><\/p><\/div><\/a><a href=\"https:\/\/visittartu.com\/et\/armsad-kingitused-ja-kvaliteetne-disain-tartust\/\" class=\"obj-grid-item ext-link\" data-iteration=\"4\" data-post_id=\"234114\" data-post_type=\"post\"><div class=\"obj-grid-item-img-container\"><div class=\"img-black-overlay\"><\/div><img decoding=\"async\" src=\"https:\/\/visittartu.com\/wp-content\/uploads\/2026\/02\/tartmus_disain_kunst-scaled.jpeg\" alt=\"Armsad kingitused ja kvaliteetne disain Tartust\" title=\"Armsad kingitused ja kvaliteetne disain Tartust\" \/><\/div><div class=\"obj-grid-item-container\"><h2>Armsad kingitused ja kvaliteetne disain Tartust<\/h2><p><\/p><\/div><\/a><a href=\"https:\/\/visittartu.com\/et\/top-10-suuremat-sundmuskohta-konverentsiks-tartu\/\" class=\"obj-grid-item ext-link\" data-iteration=\"5\" data-post_id=\"228865\" data-post_type=\"post\"><div class=\"obj-grid-item-img-container\"><div class=\"img-black-overlay\"><\/div><img decoding=\"async\" src=\"https:\/\/visittartu.com\/wp-content\/uploads\/2025\/12\/53485181442_0a69e37391_6k-scaled.jpg\" alt=\"Top 10 suuremat s\u00fcndmuskohta sinu j\u00e4rgmiseks konverentsiks Tartus\" title=\"Top 10 suuremat s\u00fcndmuskohta sinu j\u00e4rgmiseks konverentsiks Tartus\" \/><\/div><div class=\"obj-grid-item-container\"><h2>Top 10 suuremat s\u00fcndmuskohta sinu j\u00e4rgmiseks konverentsiks Tartus<\/h2><p><\/p><\/div><\/a><a href=\"https:\/\/visittartu.com\/et\/tartu-sundmused-aastal-2026\/\" class=\"obj-grid-item ext-link\" data-iteration=\"6\" data-post_id=\"228871\" data-post_type=\"post\"><div class=\"obj-grid-item-img-container\"><div class=\"img-black-overlay\"><\/div><img decoding=\"async\" src=\"https:\/\/visittartu.com\/wp-content\/uploads\/2025\/12\/749680-tartu_jaanituli_silvertonisson_089_23062025-scaled.jpg\" alt=\"Tartu s\u00fcndmused aastal 2026\" title=\"Tartu s\u00fcndmused aastal 2026\" \/><\/div><div class=\"obj-grid-item-container\"><h2>Tartu s\u00fcndmused aastal 2026<\/h2><p><\/p><\/div><\/a><a href=\"https:\/\/visittartu.com\/et\/jalutuskaik-tartus\/\" class=\"obj-grid-item ext-link\" data-iteration=\"7\" data-post_id=\"166852\" data-post_type=\"post\"><div class=\"obj-grid-item-img-container\"><div class=\"img-black-overlay\"><\/div><img decoding=\"async\" src=\"https:\/\/visittartu.com\/wp-content\/uploads\/2025\/11\/601256-20240604_mana-kaasik_toomemagi-04-1-scaled.jpg\" alt=\"Jalutusk\u00e4ik Tartus\" title=\"Jalutusk\u00e4ik Tartus\" \/><\/div><div class=\"obj-grid-item-container\"><h2>Jalutusk\u00e4ik Tartus<\/h2><p><\/p><\/div><\/a><a href=\"https:\/\/visittartu.com\/et\/naljane-nelik-hindab-kust-saab-tartu-parimaid-saiakesi\/\" class=\"obj-grid-item ext-link\" data-iteration=\"8\" data-post_id=\"169174\" data-post_type=\"post\"><div class=\"obj-grid-item-img-container\"><div class=\"img-black-overlay\"><\/div><img decoding=\"async\" src=\"https:\/\/visittartu.com\/wp-content\/uploads\/2025\/04\/Foto-8-scaled.jpg\" alt=\"N\u00e4ljane Nelik hindab: kust saab Tartu parimaid saiakesi?\" title=\"N\u00e4ljane Nelik hindab: kust saab Tartu parimaid saiakesi?\" \/><\/div><div class=\"obj-grid-item-container\"><h2>N\u00e4ljane Nelik hindab: kust saab Tartu parimaid saiakesi?<\/h2><p><\/p><\/div><\/a><a href=\"https:\/\/visittartu.com\/et\/tartus-lugusid-ja-kirjandust-otsimas\/\" class=\"obj-grid-item ext-link\" data-iteration=\"9\" data-post_id=\"159225\" data-post_type=\"post\"><div class=\"obj-grid-item-img-container\"><div class=\"img-black-overlay\"><\/div><img decoding=\"async\" src=\"https:\/\/visittartu.com\/wp-content\/uploads\/2025\/04\/1maanus_kirjandusfestival-0019-img_8602-keskmine-4.jpg\" alt=\"UNESCO: Tartus lugusid ja kirjandust otsimas\" title=\"UNESCO: Tartus lugusid ja kirjandust otsimas\" \/><\/div><div class=\"obj-grid-item-container\"><h2>UNESCO: Tartus lugusid ja kirjandust otsimas<\/h2><p><\/p><\/div><\/a><a href=\"https:\/\/visittartu.com\/et\/suur-ulevaade-laste-sunnipaevad-tartus-ja-tartumaal\/\" class=\"obj-grid-item ext-link\" data-iteration=\"10\" data-post_id=\"163209\" data-post_type=\"post\"><div class=\"obj-grid-item-img-container\"><div class=\"img-black-overlay\"><\/div><img decoding=\"async\" src=\"https:\/\/visittartu.com\/wp-content\/uploads\/2025\/02\/762796-sumin-2025-ii-paev-limpa-by-evelin-lumi-22-scaled.jpg\" alt=\"Suur \u00fclevaade: laste s\u00fcnnip\u00e4evad Tartus ja Tartumaal\" title=\"Suur \u00fclevaade: laste s\u00fcnnip\u00e4evad Tartus ja Tartumaal\" \/><\/div><div class=\"obj-grid-item-container\"><h2>Suur \u00fclevaade: laste s\u00fcnnip\u00e4evad Tartus ja Tartumaal<\/h2><p><\/p><\/div><\/a><a href=\"https:\/\/visittartu.com\/et\/tartumaa-loomerada\/\" class=\"obj-grid-item ext-link\" data-iteration=\"11\" data-post_id=\"151019\" data-post_type=\"post\"><div class=\"obj-grid-item-img-container\"><div class=\"img-black-overlay\"><\/div><img decoding=\"async\" src=\"https:\/\/visittartu.com\/wp-content\/uploads\/2024\/11\/749694-tartu_jaanituli_silvertonisson_025_23062025-scaled.jpg\" alt=\"Tartumaa loomerada\" title=\"Tartumaa loomerada\" \/><\/div><div class=\"obj-grid-item-container\"><h2>Tartumaa loomerada<\/h2><p><\/p><\/div><\/a><a href=\"https:\/\/visittartu.com\/et\/tartu-voluvad-puitlinnaosad\/\" class=\"obj-grid-item ext-link\" data-iteration=\"12\" data-post_id=\"106417\" data-post_type=\"post\"><div class=\"obj-grid-item-img-container\"><div class=\"img-black-overlay\"><\/div><img decoding=\"async\" src=\"https:\/\/visittartu.com\/wp-content\/uploads\/2024\/08\/543176-luminetartu_-ketlinlaats_9-8.jpg\" alt=\"Tartu v\u00f5luvad puitlinnaosad\" title=\"Tartu v\u00f5luvad puitlinnaosad\" \/><\/div><div class=\"obj-grid-item-container\"><h2>Tartu v\u00f5luvad puitlinnaosad<\/h2><p><\/p><\/div><\/a><img decoding=\"async\" class=\"obj-grid-loading\" src=\"https:\/\/visittartu.com\/wp-content\/themes\/visittartu\/assets\/loading.gif\" \/><\/div><div class=\"obj-grid-footer\"><div class=\"\"><\/div><a href=\"#\" class=\"global-btn load-more-button\">N\u00e4ita rohkem (<div>18<\/div>)<\/a><\/div><\/div><\/div>\n\t\t\t\t\t\t<\/div>\n\t\t\t\t<\/div>\n\t\t\t\t\t<\/div>\n\t\t\t\t<\/div>\n\t\t\t\t<\/div>\n\t\t","protected":false},"excerpt":{"rendered":"","protected":false},"author":2,"featured_media":148074,"parent":0,"menu_order":0,"comment_status":"closed","ping_status":"closed","template":"","meta":{"_acf_changed":false,"footnotes":""},"class_list":["post-78922","page","type-page","status-publish","has-post-thumbnail","hentry"],"acf":[],"_links":{"self":[{"href":"https:\/\/visittartu.com\/et\/wp-json\/wp\/v2\/pages\/78922","targetHints":{"allow":["GET"]}}],"collection":[{"href":"https:\/\/visittartu.com\/et\/wp-json\/wp\/v2\/pages"}],"about":[{"href":"https:\/\/visittartu.com\/et\/wp-json\/wp\/v2\/types\/page"}],"author":[{"embeddable":true,"href":"https:\/\/visittartu.com\/et\/wp-json\/wp\/v2\/users\/2"}],"replies":[{"embeddable":true,"href":"https:\/\/visittartu.com\/et\/wp-json\/wp\/v2\/comments?post=78922"}],"version-history":[{"count":5,"href":"https:\/\/visittartu.com\/et\/wp-json\/wp\/v2\/pages\/78922\/revisions"}],"predecessor-version":[{"id":101496,"href":"https:\/\/visittartu.com\/et\/wp-json\/wp\/v2\/pages\/78922\/revisions\/101496"}],"wp:featuredmedia":[{"embeddable":true,"href":"https:\/\/visittartu.com\/et\/wp-json\/wp\/v2\/media\/148074"}],"wp:attachment":[{"href":"https:\/\/visittartu.com\/et\/wp-json\/wp\/v2\/media?parent=78922"}],"curies":[{"name":"wp","href":"https:\/\/api.w.org\/{rel}","templated":true}]}}