 {"id":71954,"date":"2023-07-20T06:59:56","date_gmt":"2023-07-20T06:59:56","guid":{"rendered":"https:\/\/visittartu.com\/?page_id=71954"},"modified":"2025-12-09T13:13:11","modified_gmt":"2025-12-09T13:13:11","slug":"kontakt","status":"publish","type":"page","link":"https:\/\/visittartu.com\/et\/kontakt\/","title":{"rendered":"Kontakt"},"content":{"rendered":"\t\t<div data-elementor-type=\"wp-page\" data-elementor-id=\"71954\" class=\"elementor elementor-71954\" data-elementor-post-type=\"page\">\n\t\t\t\t<div class=\"elementor-element elementor-element-0f5ab58 e-flex e-con-boxed e-con e-parent\" data-id=\"0f5ab58\" data-element_type=\"container\">\n\t\t\t\t\t<div class=\"e-con-inner\">\n\t\t\t\t<div class=\"elementor-element elementor-element-07107ce elementor-widget elementor-widget-heading\" data-id=\"07107ce\" data-element_type=\"widget\" data-widget_type=\"heading.default\">\n\t\t\t\t<div class=\"elementor-widget-container\">\n\t\t\t\t\t<h2 class=\"elementor-heading-title elementor-size-default\">Tartu raekoja infokeskus <i><\/i><\/h2>\t\t\t\t<\/div>\n\t\t\t\t<\/div>\n\t\t<div class=\"elementor-element elementor-element-20caabd e-con-full e-flex e-con e-child\" data-id=\"20caabd\" data-element_type=\"container\">\n\t\t<div class=\"elementor-element elementor-element-935eaa6 e-con-full e-flex e-con e-child\" data-id=\"935eaa6\" data-element_type=\"container\">\n\t\t\t\t<div class=\"elementor-element elementor-element-8294730 elementor-widget elementor-widget-spacer\" data-id=\"8294730\" data-element_type=\"widget\" data-widget_type=\"spacer.default\">\n\t\t\t\t<div class=\"elementor-widget-container\">\n\t\t\t\t\t\t\t<div class=\"elementor-spacer\">\n\t\t\t<div class=\"elementor-spacer-inner\"><\/div>\n\t\t<\/div>\n\t\t\t\t\t\t<\/div>\n\t\t\t\t<\/div>\n\t\t\t\t<div class=\"elementor-element elementor-element-ff3a55d elementor-widget elementor-widget-heading\" data-id=\"ff3a55d\" data-element_type=\"widget\" data-widget_type=\"heading.default\">\n\t\t\t\t<div class=\"elementor-widget-container\">\n\t\t\t\t\t<h3 class=\"elementor-heading-title elementor-size-default\">Tartu turismiinfo\n<\/h3>\t\t\t\t<\/div>\n\t\t\t\t<\/div>\n\t\t\t\t<div class=\"elementor-element elementor-element-9329a9d elementor-widget elementor-widget-text-editor\" data-id=\"9329a9d\" data-element_type=\"widget\" data-widget_type=\"text-editor.default\">\n\t\t\t\t<div class=\"elementor-widget-container\">\n\t\t\t\t\t\t\t\t\t<p><i class=\"fa-solid fa-location-dot\"><\/i> Raekoja plats 1a<br \/><i class=\"fa-solid fa-clock\"><\/i> E 9-18, T-R 9-17<br \/><em>Suvehooaeg<\/em>, 15. mai &#8211; 15. sept<br \/><i class=\"fa-solid fa-clock\"><\/i> E 9-18; T-R 9-17; L,P 10-16<br \/><i class=\"fa-solid fa-envelope\"><\/i> info@visittartu.com<br \/><i class=\"fa-solid fa-phone-volume\"><\/i> +372 744 2111<\/p>\t\t\t\t\t\t\t\t<\/div>\n\t\t\t\t<\/div>\n\t\t\t\t<\/div>\n\t\t<div class=\"elementor-element elementor-element-6152f0e e-con-full e-flex e-con e-child\" data-id=\"6152f0e\" data-element_type=\"container\">\n\t\t\t\t<div class=\"elementor-element elementor-element-d18e519 elementor-widget elementor-widget-spacer\" data-id=\"d18e519\" data-element_type=\"widget\" data-widget_type=\"spacer.default\">\n\t\t\t\t<div class=\"elementor-widget-container\">\n\t\t\t\t\t\t\t<div class=\"elementor-spacer\">\n\t\t\t<div class=\"elementor-spacer-inner\"><\/div>\n\t\t<\/div>\n\t\t\t\t\t\t<\/div>\n\t\t\t\t<\/div>\n\t\t\t\t<div class=\"elementor-element elementor-element-ce2bb0c elementor-widget elementor-widget-heading\" data-id=\"ce2bb0c\" data-element_type=\"widget\" data-widget_type=\"heading.default\">\n\t\t\t\t<div class=\"elementor-widget-container\">\n\t\t\t\t\t<h3 class=\"elementor-heading-title elementor-size-default\">Tartu linnainfo<\/h3>\t\t\t\t<\/div>\n\t\t\t\t<\/div>\n\t\t\t\t<div class=\"elementor-element elementor-element-89bbaf2 elementor-widget elementor-widget-text-editor\" data-id=\"89bbaf2\" data-element_type=\"widget\" data-widget_type=\"text-editor.default\">\n\t\t\t\t<div class=\"elementor-widget-container\">\n\t\t\t\t\t\t\t\t\t<p><i class=\"fa-solid fa-location-dot\"><\/i> Raekoja plats 1a<br \/><i class=\"fa-solid fa-clock\"><\/i>\u00a0E 9-18, T-R 9-17<br \/><i class=\"fa-solid fa-envelope\"><\/i> infokeskus@tartu.ee<br \/><i class=\"fa-solid fa-phone-volume\"><\/i>\u00a01789<\/p>\t\t\t\t\t\t\t\t<\/div>\n\t\t\t\t<\/div>\n\t\t\t\t<div class=\"elementor-element elementor-element-6dee75e elementor-widget elementor-widget-spacer\" data-id=\"6dee75e\" data-element_type=\"widget\" data-widget_type=\"spacer.default\">\n\t\t\t\t<div class=\"elementor-widget-container\">\n\t\t\t\t\t\t\t<div class=\"elementor-spacer\">\n\t\t\t<div class=\"elementor-spacer-inner\"><\/div>\n\t\t<\/div>\n\t\t\t\t\t\t<\/div>\n\t\t\t\t<\/div>\n\t\t\t\t<\/div>\n\t\t\t\t<\/div>\n\t\t\t\t<div class=\"elementor-element elementor-element-3b02e1c elementor-widget elementor-widget-text-editor\" data-id=\"3b02e1c\" data-element_type=\"widget\" data-widget_type=\"text-editor.default\">\n\t\t\t\t<div class=\"elementor-widget-container\">\n\t\t\t\t\t\t\t\t\t<p>Infokeskuses saab abi nii kohalik kui ka k\u00fclaline! <strong>Turismiinfost <\/strong>saab informatsiooni Tartu ja maakonna kohta,\u00a0tasuta linna ja piirkonna turismikaarte ning muid tr\u00fckiseid. Lisaks on m\u00fc\u00fcgis Visit Tartu\/Tartu merch, suveniirid, postkaardid ja margid. <strong>Linnainfost<\/strong> saab lisaks kodanikega seotud toimingutele osta bussikaarte, vaidlustada parkimistrahve v\u00f5i soetada parkimislube.<\/p>\t\t\t\t\t\t\t\t<\/div>\n\t\t\t\t<\/div>\n\t\t\t\t<div class=\"elementor-element elementor-element-419b921 elementor-widget elementor-widget-spacer\" data-id=\"419b921\" data-element_type=\"widget\" data-widget_type=\"spacer.default\">\n\t\t\t\t<div class=\"elementor-widget-container\">\n\t\t\t\t\t\t\t<div class=\"elementor-spacer\">\n\t\t\t<div class=\"elementor-spacer-inner\"><\/div>\n\t\t<\/div>\n\t\t\t\t\t\t<\/div>\n\t\t\t\t<\/div>\n\t\t\t\t\t<\/div>\n\t\t\t\t<\/div>\n\t\t<div class=\"elementor-element elementor-element-c068f78 e-flex e-con-boxed e-con e-parent\" data-id=\"c068f78\" data-element_type=\"container\">\n\t\t\t\t\t<div class=\"e-con-inner\">\n\t\t\t\t<div class=\"elementor-element elementor-element-aaa4455 elementor-widget elementor-widget-shortcode\" data-id=\"aaa4455\" data-element_type=\"widget\" data-widget_type=\"shortcode.default\">\n\t\t\t\t<div class=\"elementor-widget-container\">\n\t\t\t\t\t\t\t<div class=\"elementor-shortcode\"><div class=\"page-content-list shortcode-instance\" data-vt-cookie-conf=\"{&quot;post_id_set&quot;:{&quot;name&quot;:&quot;vt_fav_set&quot;,&quot;separator&quot;:&quot;|&quot;,&quot;ttl&quot;:315360000},&quot;hash&quot;:{&quot;name&quot;:&quot;vt_fav_hash&quot;,&quot;ttl&quot;:315360000}}\" data-vt-object-type=\"people\"data-load_people=\"true\" data-scid=\"0fc6e34d80\"><div class=\"obj-grid-header-wrapper people\"><div class=\"section-filters\"><div class=\"section-filter-group\" data-filter-section=\"valdkond\"><div class=\"section-filter-item people\" data-filter-key=\"115\" data-filter-name=\"Turundus ja projektid\">Turundus ja projektid<\/div><div class=\"section-filter-item people\" data-filter-key=\"114\" data-filter-name=\"Juhtimine\">Juhtimine<\/div><div class=\"section-filter-item people\" data-filter-key=\"116\" data-filter-name=\"Turismiinfo\">Turismiinfo<\/div><\/div><\/div><\/div><div class=\"obj-grid people\" data-rowcnt=\"4\" data-rowcntmbl=\"1\" data-object-count-per-load=\"12\" data-all-loaded=\"0\"><div class=\"obj-grid-item people\" data-iteration=\"1\" data-post_id=\"71539\" data-post_type=\"people\" data-domain_set=\"[115]\" style=\"display:none;\"><div class=\"obj-grid-item-img-container\"><div class=\"img-black-overlay\"><\/div><img decoding=\"async\" src=\"https:\/\/visittartu.com\/wp-content\/uploads\/2023\/10\/Evelin-Traks-681x1024.jpg\" alt=\"evelin-traks\" title=\"evelin-traks\" \/><\/div><div class=\"obj-grid-item-container\"><h2 class=\"people-name\">Evelin Traks<\/h2><div class=\"people-position\">Turismiveebi spetsialist<\/div><div class=\"people-lang-tags\" ><div>EN<\/div><div>ET<\/div><\/div><a href=\"tel:+3725013710\" class=\"people-contact-item\"><i class=\"fa-solid fa-phone\"><\/i> +372 501 3710<\/a><a href=\"mailto:evelin.traks@visittartu.com\" class=\"people-contact-item\"><i class=\"fa-sharp fa-solid fa-envelope\"><\/i> evelin.traks@visittartu.com<\/a><\/div><\/div><div class=\"obj-grid-item people\" data-iteration=\"2\" data-post_id=\"96613\" data-post_type=\"people\" data-domain_set=\"[115]\" style=\"display:none;\"><div class=\"obj-grid-item-img-container\"><div class=\"img-black-overlay\"><\/div><img decoding=\"async\" src=\"https:\/\/visittartu.com\/wp-content\/uploads\/2024\/03\/DSC_4278-681x1024.jpg\" alt=\"dsc_4278-2\" title=\"dsc_4278-2\" \/><\/div><div class=\"obj-grid-item-container\"><h2 class=\"people-name\">Mare-Liis Kanarik<\/h2><div class=\"people-position\">Turunduse projektijuht<\/div><div class=\"people-lang-tags\" ><div>EN<\/div><div>ET<\/div><\/div><a href=\"tel:+37253846945\" class=\"people-contact-item\"><i class=\"fa-solid fa-phone\"><\/i> +372 5384 6945<\/a><a href=\"mailto:mareliis.kanarik@visittartu.com\" class=\"people-contact-item\"><i class=\"fa-sharp fa-solid fa-envelope\"><\/i> mareliis.kanarik@visittartu.com<\/a><\/div><\/div><div class=\"obj-grid-item people\" data-iteration=\"3\" data-post_id=\"81328\" data-post_type=\"people\" data-domain_set=\"[115]\" style=\"display:none;\"><div class=\"obj-grid-item-img-container\"><div class=\"img-black-overlay\"><\/div><img decoding=\"async\" src=\"https:\/\/visittartu.com\/wp-content\/uploads\/2023\/10\/DSC_1046-1-681x1024.jpg\" alt=\"dsc_1046-3\" title=\"dsc_1046-3\" \/><\/div><div class=\"obj-grid-item-container\"><h2 class=\"people-name\">Kaire Savi<\/h2><div class=\"people-position\">Turundusspetsialist<\/div><div class=\"people-lang-tags\" ><div>EN<\/div><div>ET<\/div><\/div><a href=\"tel:+37258838881\" class=\"people-contact-item\"><i class=\"fa-solid fa-phone\"><\/i> +372 5883 8881<\/a><a href=\"mailto:kaire.savi@visittartu.com\" class=\"people-contact-item\"><i class=\"fa-sharp fa-solid fa-envelope\"><\/i> kaire.savi@visittartu.com<\/a><\/div><\/div><div class=\"obj-grid-item people\" data-iteration=\"4\" data-post_id=\"171660\" data-post_type=\"people\" data-domain_set=\"[115]\" style=\"display:none;\"><div class=\"obj-grid-item-img-container\"><div class=\"img-black-overlay\"><\/div><img decoding=\"async\" src=\"https:\/\/visittartu.com\/wp-content\/uploads\/2025\/05\/DSC_4456-Edit-3-683x1024.jpg\" alt=\"dsc_4456-edit-3\" title=\"dsc_4456-edit-3\" \/><\/div><div class=\"obj-grid-item-container\"><h2 class=\"people-name\">Miia Maris Praks<\/h2><div class=\"people-position\">Kestliku turismi koordinaator<\/div><div class=\"people-lang-tags\" ><div>EN<\/div><div>ET<\/div><div>FR<\/div><\/div><a href=\"tel:+37253470939\" class=\"people-contact-item\"><i class=\"fa-solid fa-phone\"><\/i> +372 5347 0939<\/a><a href=\"mailto:miia.praks@visittartu.com\" class=\"people-contact-item\"><i class=\"fa-sharp fa-solid fa-envelope\"><\/i> miia.praks@visittartu.com<\/a><\/div><\/div><div class=\"obj-grid-item people\" data-iteration=\"5\" data-post_id=\"160262\" data-post_type=\"people\" data-domain_set=\"[116]\" style=\"display:none;\"><div class=\"obj-grid-item-img-container\"><div class=\"img-black-overlay\"><\/div><img decoding=\"async\" src=\"https:\/\/visittartu.com\/wp-content\/uploads\/2025\/01\/DSC_4270-681x1024.jpg\" alt=\"dsc_4270\" title=\"dsc_4270\" \/><\/div><div class=\"obj-grid-item-container\"><h2 class=\"people-name\">C\u00e4rolin Angerj\u00e4rv<\/h2><div class=\"people-position\">Turismiinfo spetsialist<\/div><div class=\"people-lang-tags\" ><div>EN<\/div><div>ET<\/div><\/div><a href=\"tel:+3725184055\" class=\"people-contact-item\"><i class=\"fa-solid fa-phone\"><\/i> +372 518 4055<\/a><a href=\"mailto:carolin.angerjarv@visittartu.com\" class=\"people-contact-item\"><i class=\"fa-sharp fa-solid fa-envelope\"><\/i> carolin.angerjarv@visittartu.com<\/a><\/div><\/div><div class=\"obj-grid-item people\" data-iteration=\"6\" data-post_id=\"150687\" data-post_type=\"people\" data-domain_set=\"[115]\" style=\"display:none;\"><div class=\"obj-grid-item-img-container\"><div class=\"img-black-overlay\"><\/div><img decoding=\"async\" src=\"https:\/\/visittartu.com\/wp-content\/uploads\/2023\/10\/DSC_0525-2-683x1024.jpg\" alt=\"dsc_0525-2-2\" title=\"dsc_0525-2-2\" \/><\/div><div class=\"obj-grid-item-container\"><h2 class=\"people-name\">Maigi Lokko<\/h2><div class=\"people-position\">\u00c4ri- ja konverentsiturismi spetsialist<\/div><div class=\"people-lang-tags\" ><div>EN<\/div><div>ET<\/div><div>RU<\/div><\/div><a href=\"tel:+37254290508\" class=\"people-contact-item\"><i class=\"fa-solid fa-phone\"><\/i> +372 5429 0508<\/a><a href=\"mailto:maigi.lokko@visittartu.com\" class=\"people-contact-item\"><i class=\"fa-sharp fa-solid fa-envelope\"><\/i> maigi.lokko@visittartu.com<\/a><div>Tartu kui konverentsisihtkoha arendamine ja turundamine sh Tartu konverentsisaadikutele suunatud tegevuste korraldamine, konverentsi- ja seminariruumide info haldamine, konverentsistatistika koondamine, valdkondlikud kommunikatsioonitegevused. <\/div><\/div><\/div><div class=\"obj-grid-item people\" data-iteration=\"7\" data-post_id=\"56664\" data-post_type=\"people\" data-domain_set=\"[114]\" style=\"display:none;\"><div class=\"obj-grid-item-img-container\"><div class=\"img-black-overlay\"><\/div><img decoding=\"async\" src=\"https:\/\/visittartu.com\/wp-content\/uploads\/2023\/04\/DSC_1083-2-681x1024.jpg\" alt=\"dsc_1083-3\" title=\"dsc_1083-3\" \/><\/div><div class=\"obj-grid-item-container\"><h2 class=\"people-name\">Annika Ojasaar<\/h2><div class=\"people-position\">Turismijuht \/ juhatuse liige<\/div><div class=\"people-lang-tags\" ><div>EN<\/div><div>ET<\/div><div>RU<\/div><\/div><a href=\"tel:+37258867883\" class=\"people-contact-item\"><i class=\"fa-solid fa-phone\"><\/i> +372 5886 7883<\/a><a href=\"mailto:annika.ojasaar@visittartu.com\" class=\"people-contact-item\"><i class=\"fa-sharp fa-solid fa-envelope\"><\/i> annika.ojasaar@visittartu.com<\/a><\/div><\/div><div class=\"obj-grid-item people\" data-iteration=\"8\" data-post_id=\"232177\" data-post_type=\"people\" data-domain_set=\"[114, 116]\" style=\"display:none;\"><div class=\"obj-grid-item-img-container\"><div class=\"img-black-overlay\"><\/div><\/div><div class=\"obj-grid-item-container\"><h2 class=\"people-name\">Kaisa Tipp<\/h2><div class=\"people-position\">Juhiabi <\/div><div class=\"people-lang-tags\" ><div>EN<\/div><div>ET<\/div><\/div><a href=\"tel:+37253098263\" class=\"people-contact-item\"><i class=\"fa-solid fa-phone\"><\/i> +372 5309 8263<\/a><a href=\"mailto:kaisa.tipp@visittartu.com\" class=\"people-contact-item\"><i class=\"fa-sharp fa-solid fa-envelope\"><\/i> kaisa.tipp@visittartu.com<\/a><\/div><\/div><img decoding=\"async\" class=\"obj-grid-loading\" src=\"https:\/\/visittartu.com\/wp-content\/themes\/visittartu\/assets\/loading.gif\" \/><\/div><\/div><\/div>\n\t\t\t\t\t\t<\/div>\n\t\t\t\t<\/div>\n\t\t\t\t<div class=\"elementor-element elementor-element-ce8519b elementor-widget elementor-widget-spacer\" data-id=\"ce8519b\" data-element_type=\"widget\" data-widget_type=\"spacer.default\">\n\t\t\t\t<div class=\"elementor-widget-container\">\n\t\t\t\t\t\t\t<div class=\"elementor-spacer\">\n\t\t\t<div class=\"elementor-spacer-inner\"><\/div>\n\t\t<\/div>\n\t\t\t\t\t\t<\/div>\n\t\t\t\t<\/div>\n\t\t\t\t<div class=\"elementor-element elementor-element-92b5223 elementor-widget elementor-widget-heading\" data-id=\"92b5223\" data-element_type=\"widget\" data-widget_type=\"heading.default\">\n\t\t\t\t<div class=\"elementor-widget-container\">\n\t\t\t\t\t<h2 class=\"elementor-heading-title elementor-size-default\">Visit Tartu on osa L\u00f5una-Eesti turismiklastrist!<\/h2>\t\t\t\t<\/div>\n\t\t\t\t<\/div>\n\t\t\t\t<div class=\"elementor-element elementor-element-915a6d8 elementor-widget elementor-widget-text-editor\" data-id=\"915a6d8\" data-element_type=\"widget\" data-widget_type=\"text-editor.default\">\n\t\t\t\t<div class=\"elementor-widget-container\">\n\t\t\t\t\t\t\t\t\t<p>Meie juriidiline keha <a href=\"https:\/\/ariregister.rik.ee\/est\/company\/90001701\/Sihtasutus-Tartumaa-Turism?search_id=2607b1e&amp;pos=1\" target=\"_blank\" rel=\"noopener\"><strong>SA Tartumaa Turism<\/strong><\/a> on loodud Tartu linna ja Tartumaa Omavalitsuste Liidu poolt 1999. aastal eesm\u00e4rgiga koordineerida Tartu linnas ja maakonnas turismialast arendust\u00f6\u00f6d, sh tegeleda piirkonna turunduse, turismitoodete arendamise, piirkonna mainekujunduse ja turismialase informatsiooni kogumise, anal\u00fc\u00fcsimise ning levitamisega. Me t\u00f6\u00f6tame Visit Tartu br\u00e4ndinime all. Aastal 2021 loodi sihtasutuse juurde <a href=\"https:\/\/visitsouthestonia.com\/professionaalile\/\" target=\"_blank\" rel=\"noopener\"><strong>L\u00f5una-Eesti turismiklaster<\/strong><\/a> kuhu aastal 2023. \u00fchendati k\u00f5ik piirkonna turismit\u00f6\u00f6tajad. Koost\u00f6\u00f6s osalevad Tartu linn ja maakond, P\u00f5lva ja V\u00f5ru maakonnad ning J\u00f5geva, Mustvee, Otep\u00e4\u00e4 ja Valga vallad.<\/p>\t\t\t\t\t\t\t\t<\/div>\n\t\t\t\t<\/div>\n\t\t\t\t<div class=\"elementor-element elementor-element-ca51e7e elementor-widget elementor-widget-text-editor\" data-id=\"ca51e7e\" data-element_type=\"widget\" data-widget_type=\"text-editor.default\">\n\t\t\t\t<div class=\"elementor-widget-container\">\n\t\t\t\t\t\t\t\t\t<h2>SA Tartumaa Turism<\/h2><p><strong>Aadress:<\/strong>\u00a0Raekoja plats 6, Tartu<br \/><strong>Registreerimiskood:<\/strong>\u00a090001701<br \/><strong>IBAN:<\/strong>\u00a0EE242200221012304942<br \/><strong>TP CODE:<\/strong>\u00a044 63 05<\/p>\t\t\t\t\t\t\t\t<\/div>\n\t\t\t\t<\/div>\n\t\t\t\t\t<\/div>\n\t\t\t\t<\/div>\n\t\t\t\t<\/div>\n\t\t","protected":false},"excerpt":{"rendered":"<p>Tartu raekoja infokeskus Tartu turismiinfo Raekoja plats 1a E 9-18, T-R 9-17Suvehooaeg, 15. mai &#8211; 15. sept E 9-18; T-R 9-17; L,P 10-16 info@visittartu.com +372 744 2111 Tartu linnainfo Raekoja plats 1a\u00a0E 9-18, T-R 9-17 infokeskus@tartu.ee\u00a01789 Infokeskuses saab abi nii kohalik kui ka k\u00fclaline! Turismiinfost saab informatsiooni Tartu ja maakonna kohta,\u00a0tasuta linna ja piirkonna turismikaarte [&hellip;]<\/p>\n","protected":false},"author":1,"featured_media":100800,"parent":0,"menu_order":0,"comment_status":"closed","ping_status":"closed","template":"","meta":{"_acf_changed":false,"footnotes":""},"class_list":["post-71954","page","type-page","status-publish","has-post-thumbnail","hentry"],"acf":[],"_links":{"self":[{"href":"https:\/\/visittartu.com\/et\/wp-json\/wp\/v2\/pages\/71954","targetHints":{"allow":["GET"]}}],"collection":[{"href":"https:\/\/visittartu.com\/et\/wp-json\/wp\/v2\/pages"}],"about":[{"href":"https:\/\/visittartu.com\/et\/wp-json\/wp\/v2\/types\/page"}],"author":[{"embeddable":true,"href":"https:\/\/visittartu.com\/et\/wp-json\/wp\/v2\/users\/1"}],"replies":[{"embeddable":true,"href":"https:\/\/visittartu.com\/et\/wp-json\/wp\/v2\/comments?post=71954"}],"version-history":[{"count":5,"href":"https:\/\/visittartu.com\/et\/wp-json\/wp\/v2\/pages\/71954\/revisions"}],"predecessor-version":[{"id":237714,"href":"https:\/\/visittartu.com\/et\/wp-json\/wp\/v2\/pages\/71954\/revisions\/237714"}],"wp:featuredmedia":[{"embeddable":true,"href":"https:\/\/visittartu.com\/et\/wp-json\/wp\/v2\/media\/100800"}],"wp:attachment":[{"href":"https:\/\/visittartu.com\/et\/wp-json\/wp\/v2\/media?parent=71954"}],"curies":[{"name":"wp","href":"https:\/\/api.w.org\/{rel}","templated":true}]}}