 {"id":168128,"date":"2025-04-17T15:55:02","date_gmt":"2025-04-17T15:55:02","guid":{"rendered":"https:\/\/visittartu.com\/?page_id=168128"},"modified":"2025-04-17T16:06:30","modified_gmt":"2025-04-17T16:06:30","slug":"toidupiirkonna-uudised","status":"publish","type":"page","link":"https:\/\/visittartu.com\/et\/toidupiirkonna-uudised\/","title":{"rendered":"Toidupiirkonna uudised"},"content":{"rendered":"\t\t<div data-elementor-type=\"wp-page\" data-elementor-id=\"168128\" class=\"elementor elementor-168128\" data-elementor-post-type=\"page\">\n\t\t\t\t<div class=\"elementor-element elementor-element-1e88b8f e-flex e-con-boxed e-con e-parent\" data-id=\"1e88b8f\" data-element_type=\"container\">\n\t\t\t\t\t<div class=\"e-con-inner\">\n\t\t\t\t<div class=\"elementor-element elementor-element-9397f81 elementor-widget elementor-widget-heading\" data-id=\"9397f81\" data-element_type=\"widget\" data-widget_type=\"heading.default\">\n\t\t\t\t<div class=\"elementor-widget-container\">\n\t\t\t\t\t<h2 class=\"elementor-heading-title elementor-size-default\">Tartumaa on 2025. aasta Eesti toidupiirkond<\/h2>\t\t\t\t<\/div>\n\t\t\t\t<\/div>\n\t\t\t\t\t<\/div>\n\t\t\t\t<\/div>\n\t\t<div class=\"elementor-element elementor-element-8b308a0 e-flex e-con-boxed e-con e-parent\" data-id=\"8b308a0\" data-element_type=\"container\">\n\t\t\t\t\t<div class=\"e-con-inner\">\n\t\t\t\t<div class=\"elementor-element elementor-element-d4a9a39 elementor-widget elementor-widget-text-editor\" data-id=\"d4a9a39\" data-element_type=\"widget\" data-widget_type=\"text-editor.default\">\n\t\t\t\t<div class=\"elementor-widget-container\">\n\t\t\t\t\t\t\t\t\t<p>Ole kursis, mida p\u00f5nevat toiduaasta raames toimub ja kuidas Tartumaa toiduvaldkond areneb.<\/p>\t\t\t\t\t\t\t\t<\/div>\n\t\t\t\t<\/div>\n\t\t\t\t\t<\/div>\n\t\t\t\t<\/div>\n\t\t<div class=\"elementor-element elementor-element-336fb8d e-flex e-con-boxed e-con e-parent\" data-id=\"336fb8d\" data-element_type=\"container\">\n\t\t\t\t\t<div class=\"e-con-inner\">\n\t\t\t\t<div class=\"elementor-element elementor-element-c8dc214 elementor-widget elementor-widget-shortcode\" data-id=\"c8dc214\" data-element_type=\"widget\" data-widget_type=\"shortcode.default\">\n\t\t\t\t<div class=\"elementor-widget-container\">\n\t\t\t\t\t\t\t<div class=\"elementor-shortcode\"><div class=\"page-content-list shortcode-instance\" data-vt-cookie-conf=\"{&quot;post_id_set&quot;:{&quot;name&quot;:&quot;vt_fav_set&quot;,&quot;separator&quot;:&quot;|&quot;,&quot;ttl&quot;:315360000},&quot;hash&quot;:{&quot;name&quot;:&quot;vt_fav_hash&quot;,&quot;ttl&quot;:315360000}}\" data-vt-object-type=\"post\" data-scid=\"f8a5ec35cc\"><div class=\"obj-grid-header-wrapper type-post\" data-filter-param-set='{&quot;sectionFilterSet&quot;:[&quot;post_tag&quot;],&quot;filter&quot;:[],&quot;hide-filter&quot;:false,&quot;hide-total&quot;:false,&quot;hide-footer&quot;:false,&quot;dataValid&quot;:true,&quot;object_type&quot;:&quot;post&quot;,&quot;object_category&quot;:[&quot;culinary&quot;],&quot;posts-per-page&quot;:12,&quot;object_type_key&quot;:&quot;posts&quot;,&quot;page&quot;:1}'><a class=\"remove-all-filters\" href=\"#\">Eemalda k\u00f5ik filtrid<\/a><div class=\"filter-wrapper\"><h3>T\u00e4psusta valikut<\/h3><div class=\"filter-sort\"><div class=\"filter-select-wrapper filter\" data-section=\"post_tag\"><div class=\"filter-select-button\">Teemad <i class=\"fa-solid fa-chevron-down\"><\/i><\/div><div class=\"filter-select-dropdown\" data-filter-section=\"post_tag\"><div class=\"dropdown-item\" data-filter-key=\"1463\"><i class=\"fa-solid fa-square\"><\/i> Toidum\u00e4rgis<\/div><div class=\"dropdown-item\" data-filter-key=\"1464\"><i class=\"fa-solid fa-square\"><\/i> Toiduv\u00f5rgustik<\/div><div class=\"dropdown-item\" data-filter-key=\"1466\"><i class=\"fa-solid fa-square\"><\/i> Toiduajalugu<\/div><div class=\"dropdown-item\" data-filter-key=\"213\"><i class=\"fa-solid fa-square\"><\/i> S\u00fcndmused<\/div><div class=\"dropdown-item\" data-filter-key=\"234\"><i class=\"fa-solid fa-square\"><\/i> Toit<\/div><\/div><\/div><\/div><\/div><\/div><div class=\"grid-total-info\">Kokku <div>71<\/div><\/div><div class=\"obj-grid\" data-rowcnt=\"4\" data-rowcntmbl=\"1\" data-object-count-per-load=\"12\" data-all-loaded=\"0\"><a href=\"https:\/\/visittartu.com\/et\/viies-poorane-taiskuuoosooming-toob-sel-laupaeval-peipsimaale-maitsete-peo\/\" class=\"obj-grid-item ext-link\" data-iteration=\"1\" data-post_id=\"233867\" data-post_type=\"post\"><div class=\"obj-grid-item-img-container\"><div class=\"img-black-overlay\"><\/div><img decoding=\"async\" src=\"https:\/\/visittartu.com\/wp-content\/uploads\/2026\/02\/TaiskuuOOsooming1_Foto_Allar-Kikkas.jpg\" alt=\"Viies P\u00f6\u00f6rane T\u00e4iskuu\u00d6\u00d6s\u00f6\u00f6ming toob sel laup\u00e4eval Peipsimaale maitsete peo\" title=\"Viies P\u00f6\u00f6rane T\u00e4iskuu\u00d6\u00d6s\u00f6\u00f6ming toob sel laup\u00e4eval Peipsimaale maitsete peo\" \/><\/div><div class=\"obj-grid-item-container\"><h2>Viies P\u00f6\u00f6rane T\u00e4iskuu\u00d6\u00d6s\u00f6\u00f6ming toob sel laup\u00e4eval Peipsimaale maitsete peo<\/h2><p><\/p><\/div><\/a><a href=\"https:\/\/visittartu.com\/et\/restoranid-avaldasid-tanavused-maitsva-tartu-erimenuud\/\" class=\"obj-grid-item ext-link\" data-iteration=\"2\" data-post_id=\"233136\" data-post_type=\"post\"><div class=\"obj-grid-item-img-container\"><div class=\"img-black-overlay\"><\/div><img decoding=\"async\" src=\"https:\/\/visittartu.com\/wp-content\/uploads\/2026\/01\/822903-09012024_152711_photosilvergutmann_0449_0002.jpg\" alt=\"Restoranid avaldasid t\u00e4navused \u201eMaitsva Tartu\u201c erimen\u00fc\u00fcd\" title=\"Restoranid avaldasid t\u00e4navused \u201eMaitsva Tartu\u201c erimen\u00fc\u00fcd\" \/><\/div><div class=\"obj-grid-item-container\"><h2>Restoranid avaldasid t\u00e4navused \u201eMaitsva Tartu\u201c erimen\u00fc\u00fcd<\/h2><p><\/p><\/div><\/a><a href=\"https:\/\/visittartu.com\/et\/tartumaa-toidupiirkonna-eduka-aasta-kokkuvotteks-valmis-retseptikogumik\/\" class=\"obj-grid-item ext-link\" data-iteration=\"3\" data-post_id=\"230115\" data-post_type=\"post\"><div class=\"obj-grid-item-img-container\"><div class=\"img-black-overlay\"><\/div><img decoding=\"async\" src=\"https:\/\/visittartu.com\/wp-content\/uploads\/2025\/12\/Tartumaa-maitsete-ohtusook-VOCOs_foto-Silver-Gutmann_2.jpg\" alt=\"Tartumaa toidupiirkonna eduka aasta kokkuv\u00f5tteks valmis retseptikogumik\" title=\"Tartumaa toidupiirkonna eduka aasta kokkuv\u00f5tteks valmis retseptikogumik\" \/><\/div><div class=\"obj-grid-item-container\"><h2>Tartumaa toidupiirkonna eduka aasta kokkuv\u00f5tteks valmis retseptikogumik<\/h2><p><\/p><\/div><\/a><a href=\"https:\/\/visittartu.com\/et\/toidumargis-tartumaine-toit-sai-kaks-uut-kandjat-kokku-on-margis-juba-27-ettevottel\/\" class=\"obj-grid-item ext-link\" data-iteration=\"4\" data-post_id=\"229542\" data-post_type=\"post\"><div class=\"obj-grid-item-img-container\"><div class=\"img-black-overlay\"><\/div><img decoding=\"async\" src=\"https:\/\/visittartu.com\/wp-content\/uploads\/2025\/12\/Tartumaa-toidumargis_foto-Mikk-Otsar.jpg\" alt=\"Toidum\u00e4rgis \u201eTartumaine Toit\u201c sai kaks uut kandjat, kokku on m\u00e4rgis juba 27 ettev\u00f5ttel\" title=\"Toidum\u00e4rgis \u201eTartumaine Toit\u201c sai kaks uut kandjat, kokku on m\u00e4rgis juba 27 ettev\u00f5ttel\" \/><\/div><div class=\"obj-grid-item-container\"><h2>Toidum\u00e4rgis \u201eTartumaine Toit\u201c sai kaks uut kandjat, kokku on m\u00e4rgis juba 27 ettev\u00f5ttel<\/h2><p><\/p><\/div><\/a><a href=\"https:\/\/visittartu.com\/et\/aparaaditehases-avati-toiduteemaline-fotonaitust-jatku-leiba\/\" class=\"obj-grid-item ext-link\" data-iteration=\"5\" data-post_id=\"228787\" data-post_type=\"post\"><div class=\"obj-grid-item-img-container\"><div class=\"img-black-overlay\"><\/div><img decoding=\"async\" src=\"https:\/\/visittartu.com\/wp-content\/uploads\/2025\/12\/naitus-Aparaaditehases_4_foto_erakogu.jpg\" alt=\"Aparaaditehases avati toiduteemaline foton\u00e4itus \u201cj\u00e4tku leiba\"\" title=\"Aparaaditehases avati toiduteemaline foton\u00e4itus \u201cj\u00e4tku leiba\"\" \/><\/div><div class=\"obj-grid-item-container\"><h2>Aparaaditehases avati toiduteemaline foton\u00e4itus \u201cj\u00e4tku leiba\"<\/h2><p><\/p><\/div><\/a><a href=\"https:\/\/visittartu.com\/et\/tartumaa-toidupiirkond-tutvustab-puhadeaja-maitseid-tootubades-ja-joululaatadel\/\" class=\"obj-grid-item ext-link\" data-iteration=\"6\" data-post_id=\"228274\" data-post_type=\"post\"><div class=\"obj-grid-item-img-container\"><div class=\"img-black-overlay\"><\/div><img decoding=\"async\" src=\"https:\/\/visittartu.com\/wp-content\/uploads\/2025\/12\/Tartumaa-toidupiirkonna-tootoad_foto-Silver-Gutmann_8.jpg\" alt=\"Tartumaa toidupiirkond tutvustab p\u00fchadeaja maitseid t\u00f6\u00f6tubades ja j\u00f5ululaatadel\" title=\"Tartumaa toidupiirkond tutvustab p\u00fchadeaja maitseid t\u00f6\u00f6tubades ja j\u00f5ululaatadel\" \/><\/div><div class=\"obj-grid-item-container\"><h2>Tartumaa toidupiirkond tutvustab p\u00fchadeaja maitseid t\u00f6\u00f6tubades ja j\u00f5ululaatadel<\/h2><p><\/p><\/div><\/a><a href=\"https:\/\/visittartu.com\/et\/tartu-joulumenuud\/\" class=\"obj-grid-item ext-link\" data-iteration=\"7\" data-post_id=\"227210\" data-post_type=\"post\"><div class=\"obj-grid-item-img-container\"><div class=\"img-black-overlay\"><\/div><img decoding=\"async\" src=\"https:\/\/visittartu.com\/wp-content\/uploads\/2025\/11\/719119-20250113_164810_silvergutmann_img_5494-keskmine-1.jpg\" alt=\"Naudi j\u00f5ulumen\u00fc\u00fcsid Tartu linna ja maakonna toidukohtades\" title=\"Naudi j\u00f5ulumen\u00fc\u00fcsid Tartu linna ja maakonna toidukohtades\" \/><\/div><div class=\"obj-grid-item-container\"><h2>Naudi j\u00f5ulumen\u00fc\u00fcsid Tartu linna ja maakonna toidukohtades<\/h2><p><\/p><\/div><\/a><a href=\"https:\/\/visittartu.com\/et\/tartumaa-toiduajalugu-tartu-linnamuuseumi-varskes-aastaraamatus\/\" class=\"obj-grid-item ext-link\" data-iteration=\"8\" data-post_id=\"227179\" data-post_type=\"post\"><div class=\"obj-grid-item-img-container\"><div class=\"img-black-overlay\"><\/div><img decoding=\"async\" src=\"https:\/\/visittartu.com\/wp-content\/uploads\/2025\/11\/Kukulinna-moisas-19132-scaled.jpg\" alt=\"Tartumaa toiduajalugu Tartu Linnamuuseumi v\u00e4rskes aastaraamatus\" title=\"Tartumaa toiduajalugu Tartu Linnamuuseumi v\u00e4rskes aastaraamatus\" \/><\/div><div class=\"obj-grid-item-container\"><h2>Tartumaa toiduajalugu Tartu Linnamuuseumi v\u00e4rskes aastaraamatus<\/h2><p><\/p><\/div><\/a><a href=\"https:\/\/visittartu.com\/et\/eesti-toiduajakirjanikud-kaisid-maitseretkel-tartus-ja-tartumaal\/\" class=\"obj-grid-item ext-link\" data-iteration=\"9\" data-post_id=\"226969\" data-post_type=\"post\"><div class=\"obj-grid-item-img-container\"><div class=\"img-black-overlay\"><\/div><img decoding=\"async\" src=\"https:\/\/visittartu.com\/wp-content\/uploads\/2025\/11\/Tartumaa-toidupriikond-Silver-Gutmann.jpg\" alt=\"Eesti toiduajakirjanikud k\u00e4isid maitseretkel Tartus ja Tartumaal\" title=\"Eesti toiduajakirjanikud k\u00e4isid maitseretkel Tartus ja Tartumaal\" \/><\/div><div class=\"obj-grid-item-container\"><h2>Eesti toiduajakirjanikud k\u00e4isid maitseretkel Tartus ja Tartumaal<\/h2><p><\/p><\/div><\/a><a href=\"https:\/\/visittartu.com\/et\/aasta-noorkoka-tiitli-voitis-eliis-sasmil-tartust\/\" class=\"obj-grid-item ext-link\" data-iteration=\"10\" data-post_id=\"226721\" data-post_type=\"post\"><div class=\"obj-grid-item-img-container\"><div class=\"img-black-overlay\"><\/div><img decoding=\"async\" src=\"https:\/\/visittartu.com\/wp-content\/uploads\/2025\/11\/Aasta-noorkokk-2025_Eliis-Sasmil_2_foto-Lauri-Laan.jpg\" alt=\"Aasta noorkoka tiitli v\u00f5itis Eliis Sasmil Tartust\" title=\"Aasta noorkoka tiitli v\u00f5itis Eliis Sasmil Tartust\" \/><\/div><div class=\"obj-grid-item-container\"><h2>Aasta noorkoka tiitli v\u00f5itis Eliis Sasmil Tartust<\/h2><p><\/p><\/div><\/a><a href=\"https:\/\/visittartu.com\/et\/tartu-rakenduslik-kolledz-korraldab-tartumaa-maitsete-nadala\/\" class=\"obj-grid-item ext-link\" data-iteration=\"11\" data-post_id=\"226306\" data-post_type=\"post\"><div class=\"obj-grid-item-img-container\"><div class=\"img-black-overlay\"><\/div><img decoding=\"async\" src=\"https:\/\/visittartu.com\/wp-content\/uploads\/2025\/11\/Tartumaa-toidupiirkond_foto-Silver-Gutmann_1.jpg\" alt=\"Tartu Rakenduslik Kolled\u017e korraldab Tartumaa maitsete n\u00e4dala\" title=\"Tartu Rakenduslik Kolled\u017e korraldab Tartumaa maitsete n\u00e4dala\" \/><\/div><div class=\"obj-grid-item-container\"><h2>Tartu Rakenduslik Kolled\u017e korraldab Tartumaa maitsete n\u00e4dala<\/h2><p><\/p><\/div><\/a><a href=\"https:\/\/visittartu.com\/et\/tartumaa-vaiketootjad-tutvustavad-toidupiirkonna-maitseid-festivalil-maitsev-eesti\/\" class=\"obj-grid-item ext-link\" data-iteration=\"12\" data-post_id=\"225159\" data-post_type=\"post\"><div class=\"obj-grid-item-img-container\"><div class=\"img-black-overlay\"><\/div><img decoding=\"async\" src=\"https:\/\/visittartu.com\/wp-content\/uploads\/2025\/11\/Tartumaa-toidupiirkond_3_foto-Mikk-Otsar.jpg\" alt=\"Tartumaa v\u00e4iketootjad tutvustavad toidupiirkonna maitseid festivalil \u201eMaitsev Eesti\u201c\" title=\"Tartumaa v\u00e4iketootjad tutvustavad toidupiirkonna maitseid festivalil \u201eMaitsev Eesti\u201c\" \/><\/div><div class=\"obj-grid-item-container\"><h2>Tartumaa v\u00e4iketootjad tutvustavad toidupiirkonna maitseid festivalil \u201eMaitsev Eesti\u201c<\/h2><p><\/p><\/div><\/a><img decoding=\"async\" class=\"obj-grid-loading\" src=\"https:\/\/visittartu.com\/wp-content\/themes\/visittartu\/assets\/loading.gif\" \/><\/div><div class=\"obj-grid-footer\"><div class=\"\"><\/div><a href=\"#\" class=\"global-btn load-more-button\">N\u00e4ita rohkem (<div>59<\/div>)<\/a><\/div><\/div><\/div>\n\t\t\t\t\t\t<\/div>\n\t\t\t\t<\/div>\n\t\t\t\t\t<\/div>\n\t\t\t\t<\/div>\n\t\t\t\t<\/div>\n\t\t","protected":false},"excerpt":{"rendered":"<p>Tartumaa on 2025. aasta Eesti toidupiirkond Ole kursis, mida p\u00f5nevat toiduaasta raames toimub ja kuidas Tartumaa toiduvaldkond areneb.<\/p>\n","protected":false},"author":2,"featured_media":86352,"parent":0,"menu_order":0,"comment_status":"closed","ping_status":"closed","template":"","meta":{"_acf_changed":false,"footnotes":""},"class_list":["post-168128","page","type-page","status-publish","has-post-thumbnail","hentry"],"acf":[],"_links":{"self":[{"href":"https:\/\/visittartu.com\/et\/wp-json\/wp\/v2\/pages\/168128","targetHints":{"allow":["GET"]}}],"collection":[{"href":"https:\/\/visittartu.com\/et\/wp-json\/wp\/v2\/pages"}],"about":[{"href":"https:\/\/visittartu.com\/et\/wp-json\/wp\/v2\/types\/page"}],"author":[{"embeddable":true,"href":"https:\/\/visittartu.com\/et\/wp-json\/wp\/v2\/users\/2"}],"replies":[{"embeddable":true,"href":"https:\/\/visittartu.com\/et\/wp-json\/wp\/v2\/comments?post=168128"}],"version-history":[{"count":5,"href":"https:\/\/visittartu.com\/et\/wp-json\/wp\/v2\/pages\/168128\/revisions"}],"predecessor-version":[{"id":223508,"href":"https:\/\/visittartu.com\/et\/wp-json\/wp\/v2\/pages\/168128\/revisions\/223508"}],"wp:featuredmedia":[{"embeddable":true,"href":"https:\/\/visittartu.com\/et\/wp-json\/wp\/v2\/media\/86352"}],"wp:attachment":[{"href":"https:\/\/visittartu.com\/et\/wp-json\/wp\/v2\/media?parent=168128"}],"curies":[{"name":"wp","href":"https:\/\/api.w.org\/{rel}","templated":true}]}}