 {"id":149529,"date":"2024-10-24T17:26:03","date_gmt":"2024-10-24T17:26:03","guid":{"rendered":"https:\/\/visittartu.com\/?page_id=149529"},"modified":"2026-02-18T13:20:37","modified_gmt":"2026-02-18T13:20:37","slug":"projektid","status":"publish","type":"page","link":"https:\/\/visittartu.com\/et\/projektid\/","title":{"rendered":"Projektid"},"content":{"rendered":"\t\t<div data-elementor-type=\"wp-page\" data-elementor-id=\"149529\" class=\"elementor elementor-149529\" data-elementor-post-type=\"page\">\n\t\t\t\t<div class=\"elementor-element elementor-element-01838ee e-flex e-con-boxed e-con e-parent\" data-id=\"01838ee\" data-element_type=\"container\">\n\t\t\t\t\t<div class=\"e-con-inner\">\n\t\t\t\t<div class=\"elementor-element elementor-element-63fa7ae elementor-widget elementor-widget-heading\" data-id=\"63fa7ae\" data-element_type=\"widget\" data-widget_type=\"heading.default\">\n\t\t\t\t<div class=\"elementor-widget-container\">\n\t\t\t\t\t<h2 class=\"elementor-heading-title elementor-size-default\">Projektid soodustavad koost\u00f6\u00f6d<\/h2>\t\t\t\t<\/div>\n\t\t\t\t<\/div>\n\t\t\t\t\t<\/div>\n\t\t\t\t<\/div>\n\t\t<div class=\"elementor-element elementor-element-1f96ffd e-flex e-con-boxed e-con e-parent\" data-id=\"1f96ffd\" data-element_type=\"container\">\n\t\t\t\t\t<div class=\"e-con-inner\">\n\t\t\t\t<div class=\"elementor-element elementor-element-3df19b9 elementor-widget elementor-widget-text-editor\" data-id=\"3df19b9\" data-element_type=\"widget\" data-widget_type=\"text-editor.default\">\n\t\t\t\t<div class=\"elementor-widget-container\">\n\t\t\t\t\t\t\t\t\t<p>Oleme aastate jooksul ellu viinud ja osalenud v\u00e4ga paljudes ja mitmek\u00fclgsetes projektides. Nende projektide abil on arendatud nii avalikke turismiteenuseid, tehtud turundustegevusi kui ka loodud erinevaid marsruute. Suurima ulatusega on varasemalt olnud t\u00f6\u00f6s Via Hanseatica turismimarsruudiga seotud projektid, kuid osalesime ka L\u00f5una-Eesti \u00fcleses kollaste akende projektis &#8220;Elu kahe maailma piiril&#8221;. Hiljuti olime pilootpiirkonnana kaasatud projektides <a href=\"https:\/\/www.impactour.eu\/\" target=\"_blank\" rel=\"noopener\">Impactour<\/a> ja <a href=\"https:\/\/smarttourismdestinations.eu\/\" target=\"_blank\" rel=\"noopener\">Smart Tourism Destinations<\/a>. Hetkel on k\u00e4imas kestliku turismi algatus <a href=\"https:\/\/tourism4sdgs.org\/\" target=\"_blank\" rel=\"noopener\">Tourism4SDG<\/a> ja turismiettev\u00f5tetele suunatud New Nordic projektid.\u00a0<\/p><p>Kui sul on m\u00f5ni hea idee, mida j\u00e4rgmiseks teha, v\u00f5ta meiega julgelt \u00fchendust <a href=\"mailto:info@visittartu.com\">info@visittartu.com<\/a>!\u00a0<\/p><p>K\u00e4imasolevate projektide kohta leiad lisainfot allpoolt.\u00a0<\/p>\t\t\t\t\t\t\t\t<\/div>\n\t\t\t\t<\/div>\n\t\t\t\t<div class=\"elementor-element elementor-element-543d78f elementor-widget elementor-widget-spacer\" data-id=\"543d78f\" data-element_type=\"widget\" data-widget_type=\"spacer.default\">\n\t\t\t\t<div class=\"elementor-widget-container\">\n\t\t\t\t\t\t\t<div class=\"elementor-spacer\">\n\t\t\t<div class=\"elementor-spacer-inner\"><\/div>\n\t\t<\/div>\n\t\t\t\t\t\t<\/div>\n\t\t\t\t<\/div>\n\t\t\t\t\t<\/div>\n\t\t\t\t<\/div>\n\t\t<div class=\"elementor-element elementor-element-10510f2 e-flex e-con-boxed e-con e-parent\" data-id=\"10510f2\" data-element_type=\"container\">\n\t\t\t\t\t<div class=\"e-con-inner\">\n\t\t\t\t<div class=\"elementor-element elementor-element-eaf21bb elementor-widget-divider--view-line elementor-widget elementor-widget-divider\" data-id=\"eaf21bb\" data-element_type=\"widget\" data-widget_type=\"divider.default\">\n\t\t\t\t<div class=\"elementor-widget-container\">\n\t\t\t\t\t\t\t<div class=\"elementor-divider\">\n\t\t\t<span class=\"elementor-divider-separator\">\n\t\t\t\t\t\t<\/span>\n\t\t<\/div>\n\t\t\t\t\t\t<\/div>\n\t\t\t\t<\/div>\n\t\t\t\t<div class=\"elementor-element elementor-element-6fbd172 elementor-widget elementor-widget-heading\" data-id=\"6fbd172\" data-element_type=\"widget\" data-widget_type=\"heading.default\">\n\t\t\t\t<div class=\"elementor-widget-container\">\n\t\t\t\t\t<h2 class=\"elementor-heading-title elementor-size-default\">Kestliku turismi algatus - Tourism4SDG<\/h2>\t\t\t\t<\/div>\n\t\t\t\t<\/div>\n\t\t\t\t\t<\/div>\n\t\t\t\t<\/div>\n\t\t<div class=\"elementor-element elementor-element-ccf3f41 e-flex e-con-boxed e-con e-parent\" data-id=\"ccf3f41\" data-element_type=\"container\">\n\t\t\t\t\t<div class=\"e-con-inner\">\n\t\t<div class=\"elementor-element elementor-element-13b11c1 e-con-full e-flex e-con e-child\" data-id=\"13b11c1\" data-element_type=\"container\">\n\t\t\t\t<div class=\"elementor-element elementor-element-381ee3c elementor-widget elementor-widget-text-editor\" data-id=\"381ee3c\" data-element_type=\"widget\" data-widget_type=\"text-editor.default\">\n\t\t\t\t<div class=\"elementor-widget-container\">\n\t\t\t\t\t\t\t\t\t<p><strong>Interreg Europe<\/strong> 2021\u20132027 programmi kaasrahastatud projekt<strong> Tourism4SDG<\/strong> keskendub osalevate piirkondade turismipoliitika meetmete t\u00e4iustamisele, eesm\u00e4rgiga tagada \u00dcRO kestliku arengu eesm\u00e4rkide (SDG) saavutamine j\u00e4tkusuutliku turismi vallas.<\/p><p>Meie puhul on turismipoliitika meetmena oluliseks dokumendiks <strong>Tartu maakonna arengustrateegia 2040<\/strong>.<\/p><p>Projekt algas 01.04.2024 ning kestab kuni 30.06.2028. Projekti kogumaksumus on 2 009 113 \u20ac.\u00a0<\/p><p>Lisainfo Tourism4SDG projekti kohta: Miia Maris Praks, kestliku turismi koordinaator,\u00a0<\/p><p><a href=\"mailto:miia.praks@visittartu.com\">miia.praks@visittartu.com<\/a>.\u00a0<\/p>\t\t\t\t\t\t\t\t<\/div>\n\t\t\t\t<\/div>\n\t\t\t\t<\/div>\n\t\t<div class=\"elementor-element elementor-element-28ae280 e-con-full e-flex e-con e-child\" data-id=\"28ae280\" data-element_type=\"container\">\n\t\t\t\t<div class=\"elementor-element elementor-element-32a2864 elementor-widget elementor-widget-image\" data-id=\"32a2864\" data-element_type=\"widget\" data-widget_type=\"image.default\">\n\t\t\t\t<div class=\"elementor-widget-container\">\n\t\t\t\t\t\t\t\t\t\t\t\t<figure class=\"wp-caption\">\n\t\t\t\t\t\t\t\t\t\t<img fetchpriority=\"high\" decoding=\"async\" width=\"1536\" height=\"1023\" src=\"https:\/\/visittartu.com\/wp-content\/uploads\/2025\/04\/8a65e804-e1de-43db-bccb-c1e2a1831306-1536x1023.jpg\" class=\"attachment-1536x1536 size-1536x1536 wp-image-169688\" alt=\"\" srcset=\"https:\/\/visittartu.com\/wp-content\/uploads\/2025\/04\/8a65e804-e1de-43db-bccb-c1e2a1831306-1536x1023.jpg 1536w, https:\/\/visittartu.com\/wp-content\/uploads\/2025\/04\/8a65e804-e1de-43db-bccb-c1e2a1831306-300x200.jpg 300w, https:\/\/visittartu.com\/wp-content\/uploads\/2025\/04\/8a65e804-e1de-43db-bccb-c1e2a1831306-1024x682.jpg 1024w, https:\/\/visittartu.com\/wp-content\/uploads\/2025\/04\/8a65e804-e1de-43db-bccb-c1e2a1831306-768x512.jpg 768w, https:\/\/visittartu.com\/wp-content\/uploads\/2025\/04\/8a65e804-e1de-43db-bccb-c1e2a1831306.jpg 1600w\" sizes=\"(max-width: 1536px) 100vw, 1536px\" \/>\t\t\t\t\t\t\t\t\t\t\t<figcaption class=\"widget-image-caption wp-caption-text\">Projekti kohtumine La Rochelle\u2019is, Prantsusmaal<\/figcaption>\n\t\t\t\t\t\t\t\t\t\t<\/figure>\n\t\t\t\t\t\t\t\t\t<\/div>\n\t\t\t\t<\/div>\n\t\t\t\t<\/div>\n\t\t\t\t\t<\/div>\n\t\t\t\t<\/div>\n\t\t<div class=\"elementor-element elementor-element-e27ec40 con-ordtxt cont e-con-full e-flex e-con e-parent\" data-id=\"e27ec40\" data-element_type=\"container\" data-settings=\"{&quot;background_background&quot;:&quot;classic&quot;}\">\n\t\t\t\t<div class=\"elementor-element elementor-element-761444b elementor-icon-list--layout-inline elementor-list-item-link-inline elementor-align-start elementor-widget elementor-widget-icon-list\" data-id=\"761444b\" data-element_type=\"widget\" data-widget_type=\"icon-list.default\">\n\t\t\t\t<div class=\"elementor-widget-container\">\n\t\t\t\t\t\t\t<ul class=\"elementor-icon-list-items elementor-inline-items\">\n\t\t\t\t\t\t\t<li class=\"elementor-icon-list-item elementor-inline-item\">\n\t\t\t\t\t\t\t\t\t\t\t<a href=\"https:\/\/visittartu.com\/et\/tourism4sdg\/\" target=\"_blank\">\n\n\t\t\t\t\t\t\t\t\t\t\t<span class=\"elementor-icon-list-text\">Loe projektist l\u00e4hemalt <i class=\"fa-solid fa-arrow-right\"><\/i><\/span>\n\t\t\t\t\t\t\t\t\t\t\t<\/a>\n\t\t\t\t\t\t\t\t\t<\/li>\n\t\t\t\t\t\t\t\t<li class=\"elementor-icon-list-item elementor-inline-item\">\n\t\t\t\t\t\t\t\t\t\t\t<a href=\"https:\/\/www.interregeurope.eu\/tourism4sdg\" target=\"_blank\" rel=\"noopener\">\n\n\t\t\t\t\t\t\t\t\t\t\t<span class=\"elementor-icon-list-text\">Tourism4SDG koduleht  <i class=\"fa-solid fa-arrow-up-right\"><\/i><\/span>\n\t\t\t\t\t\t\t\t\t\t\t<\/a>\n\t\t\t\t\t\t\t\t\t<\/li>\n\t\t\t\t\t\t<\/ul>\n\t\t\t\t\t\t<\/div>\n\t\t\t\t<\/div>\n\t\t\t\t<\/div>\n\t\t<div class=\"elementor-element elementor-element-48f39d3 e-flex e-con-boxed e-con e-parent\" data-id=\"48f39d3\" data-element_type=\"container\">\n\t\t\t\t\t<div class=\"e-con-inner\">\n\t\t\t\t<div class=\"elementor-element elementor-element-5ca0792 elementor-widget-divider--view-line elementor-widget elementor-widget-divider\" data-id=\"5ca0792\" data-element_type=\"widget\" data-widget_type=\"divider.default\">\n\t\t\t\t<div class=\"elementor-widget-container\">\n\t\t\t\t\t\t\t<div class=\"elementor-divider\">\n\t\t\t<span class=\"elementor-divider-separator\">\n\t\t\t\t\t\t<\/span>\n\t\t<\/div>\n\t\t\t\t\t\t<\/div>\n\t\t\t\t<\/div>\n\t\t\t\t<div class=\"elementor-element elementor-element-d0caab8 elementor-widget elementor-widget-heading\" data-id=\"d0caab8\" data-element_type=\"widget\" data-widget_type=\"heading.default\">\n\t\t\t\t<div class=\"elementor-widget-container\">\n\t\t\t\t\t<h2 class=\"elementor-heading-title elementor-size-default\">Beyond Nordics (New Nordic)<\/h2>\t\t\t\t<\/div>\n\t\t\t\t<\/div>\n\t\t\t\t\t<\/div>\n\t\t\t\t<\/div>\n\t\t<div class=\"elementor-element elementor-element-a6d8df5 e-flex e-con-boxed e-con e-parent\" data-id=\"a6d8df5\" data-element_type=\"container\">\n\t\t\t\t\t<div class=\"e-con-inner\">\n\t\t<div class=\"elementor-element elementor-element-3284169 e-con-full e-flex e-con e-child\" data-id=\"3284169\" data-element_type=\"container\">\n\t\t\t\t<div class=\"elementor-element elementor-element-8949b43 elementor-widget elementor-widget-text-editor\" data-id=\"8949b43\" data-element_type=\"widget\" data-widget_type=\"text-editor.default\">\n\t\t\t\t<div class=\"elementor-widget-container\">\n\t\t\t\t\t\t\t\t\t<p><strong>New Nordic<\/strong> projekti br\u00e4ndinimega Beyond Nordics <span data-teams=\"true\">rahastab Interreg Central Baltic. <\/span>Projekti eesm\u00e4rk on toetada Eesti, Soome ja L\u00e4ti v\u00e4ikeseid ja keskmise suurusega turismiettev\u00f5tteid Jaapan ja USA turgudele sisenemisel, arendades \u00fchist &#8220;New Nordics&#8221; turismipiirkonda ning suurendades ettev\u00f5tete ekspordiv\u00f5imekust l\u00e4bi uute toodete, turunduse ja m\u00fc\u00fcgitegevuste.\u00a0<\/p><p>Projekt algas 01.05.2025 ning kestab kuni 30.04.2028. Projekti kogumaksumus on 2 805 366.24 \u20ac.\u00a0 \u00a0<\/p><p><img decoding=\"async\" class=\"alignnone size-full wp-image-209398\" src=\"https:\/\/visittartu.com\/wp-content\/uploads\/2025\/10\/image006.jpg\" alt=\"Visit_Tartu_New_Nordic_logo\" width=\"300\" height=\"152\" \/>\u00a0 \u00a0<\/p>\t\t\t\t\t\t\t\t<\/div>\n\t\t\t\t<\/div>\n\t\t\t\t<\/div>\n\t\t<div class=\"elementor-element elementor-element-c402a2f e-con-full e-flex e-con e-child\" data-id=\"c402a2f\" data-element_type=\"container\">\n\t\t\t\t<div class=\"elementor-element elementor-element-4c989a0 elementor-widget elementor-widget-image\" data-id=\"4c989a0\" data-element_type=\"widget\" data-widget_type=\"image.default\">\n\t\t\t\t<div class=\"elementor-widget-container\">\n\t\t\t\t\t\t\t\t\t\t\t\t<figure class=\"wp-caption\">\n\t\t\t\t\t\t\t\t\t\t<img decoding=\"async\" width=\"1024\" height=\"1024\" src=\"https:\/\/visittartu.com\/wp-content\/uploads\/2026\/02\/Beyond_Nordics_map.svg\" class=\"attachment-large size-large wp-image-234817\" alt=\"Tartu_New Nordic_Visit_Tartu_projektid\" \/>\t\t\t\t\t\t\t\t\t\t\t<figcaption class=\"widget-image-caption wp-caption-text\"><\/figcaption>\n\t\t\t\t\t\t\t\t\t\t<\/figure>\n\t\t\t\t\t\t\t\t\t<\/div>\n\t\t\t\t<\/div>\n\t\t\t\t<\/div>\n\t\t\t\t\t<\/div>\n\t\t\t\t<\/div>\n\t\t<div class=\"elementor-element elementor-element-b2ffd29 con-ordtxt cont e-con-full e-flex e-con e-parent\" data-id=\"b2ffd29\" data-element_type=\"container\" data-settings=\"{&quot;background_background&quot;:&quot;classic&quot;}\">\n\t\t\t\t<div class=\"elementor-element elementor-element-e60fff5 elementor-icon-list--layout-inline elementor-list-item-link-inline elementor-align-start elementor-widget elementor-widget-icon-list\" data-id=\"e60fff5\" data-element_type=\"widget\" data-widget_type=\"icon-list.default\">\n\t\t\t\t<div class=\"elementor-widget-container\">\n\t\t\t\t\t\t\t<ul class=\"elementor-icon-list-items elementor-inline-items\">\n\t\t\t\t\t\t\t<li class=\"elementor-icon-list-item elementor-inline-item\">\n\t\t\t\t\t\t\t\t\t\t\t<a href=\"https:\/\/visittartu.com\/et\/new-nordic\/\">\n\n\t\t\t\t\t\t\t\t\t\t\t\t<span class=\"elementor-icon-list-icon\">\n\t\t\t\t\t\t\t<i aria-hidden=\"true\" class=\"far fa-arrow-right\"><\/i>\t\t\t\t\t\t<\/span>\n\t\t\t\t\t\t\t\t\t\t<span class=\"elementor-icon-list-text\">Loe projektist l\u00e4hemalt<\/span>\n\t\t\t\t\t\t\t\t\t\t\t<\/a>\n\t\t\t\t\t\t\t\t\t<\/li>\n\t\t\t\t\t\t\t\t<li class=\"elementor-icon-list-item elementor-inline-item\">\n\t\t\t\t\t\t\t\t\t\t\t<a href=\"https:\/\/centralbaltic.eu\/project\/new-nordic\/\" target=\"_blank\" rel=\"noopener\">\n\n\t\t\t\t\t\t\t\t\t\t\t<span class=\"elementor-icon-list-text\">New Nordic koduleht  <i class=\"fa-solid fa-arrow-up-right\"><\/i><\/span>\n\t\t\t\t\t\t\t\t\t\t\t<\/a>\n\t\t\t\t\t\t\t\t\t<\/li>\n\t\t\t\t\t\t<\/ul>\n\t\t\t\t\t\t<\/div>\n\t\t\t\t<\/div>\n\t\t\t\t<\/div>\n\t\t<div class=\"elementor-element elementor-element-493de86 e-flex e-con-boxed e-con e-parent\" data-id=\"493de86\" data-element_type=\"container\">\n\t\t\t\t\t<div class=\"e-con-inner\">\n\t\t\t\t<div class=\"elementor-element elementor-element-03ad1f9 elementor-widget-divider--view-line elementor-widget elementor-widget-divider\" data-id=\"03ad1f9\" data-element_type=\"widget\" data-widget_type=\"divider.default\">\n\t\t\t\t<div class=\"elementor-widget-container\">\n\t\t\t\t\t\t\t<div class=\"elementor-divider\">\n\t\t\t<span class=\"elementor-divider-separator\">\n\t\t\t\t\t\t<\/span>\n\t\t<\/div>\n\t\t\t\t\t\t<\/div>\n\t\t\t\t<\/div>\n\t\t\t\t<div class=\"elementor-element elementor-element-e155395 elementor-widget elementor-widget-heading\" data-id=\"e155395\" data-element_type=\"widget\" data-widget_type=\"heading.default\">\n\t\t\t\t<div class=\"elementor-widget-container\">\n\t\t\t\t\t<h2 class=\"elementor-heading-title elementor-size-default\">Via Hanseatica turismimarsruut<\/h2>\t\t\t\t<\/div>\n\t\t\t\t<\/div>\n\t\t\t\t\t<\/div>\n\t\t\t\t<\/div>\n\t\t<div class=\"elementor-element elementor-element-654508f e-flex e-con-boxed e-con e-parent\" data-id=\"654508f\" data-element_type=\"container\">\n\t\t\t\t\t<div class=\"e-con-inner\">\n\t\t<div class=\"elementor-element elementor-element-7d7a9c5 e-con-full e-flex e-con e-child\" data-id=\"7d7a9c5\" data-element_type=\"container\">\n\t\t\t\t<div class=\"elementor-element elementor-element-7927acc elementor-widget elementor-widget-text-editor\" data-id=\"7927acc\" data-element_type=\"widget\" data-widget_type=\"text-editor.default\">\n\t\t\t\t<div class=\"elementor-widget-container\">\n\t\t\t\t\t\t\t\t\t<p><span style=\"font-weight: bolder;\">Via Hanseatica turismimarsruut<\/span>\u00a0kulgeb Riiast l\u00e4bi Tartu piirilinn Narvani. Turismimarsruut on loodud ajaloolise L\u00fcbeki ja Riia vahelise kaubandustee p\u00f5hjal, mis on saanud omamoodi pikenduse. Via Hanseatica kuulub<span style=\"font-weight: bolder;\">\u00a0Pan-Euroopa transpordiv\u00f5rgustikku<\/span>\u00a0ja on nn transpordikoridor 1A.<\/p><p>Kogu marsruut on j\u00e4rgmine: L\u00fcbeck\u2013Gdansk\u2013Kaliningrad\u2013\u0160iauliai\u2013Jelgava\u2013Riia\u2013Valka\u2013Valga\u2013Tartu\u2013Narva.<\/p><p>Via Hanseaticat on l\u00e4bi erinevate Interregi projektide arendatud alates 2001. aastast.\u00a0<\/p>\t\t\t\t\t\t\t\t<\/div>\n\t\t\t\t<\/div>\n\t\t\t\t<\/div>\n\t\t<div class=\"elementor-element elementor-element-0ef1101 e-con-full e-flex e-con e-child\" data-id=\"0ef1101\" data-element_type=\"container\">\n\t\t\t\t<div class=\"elementor-element elementor-element-7157bc0 elementor-widget elementor-widget-image\" data-id=\"7157bc0\" data-element_type=\"widget\" data-widget_type=\"image.default\">\n\t\t\t\t<div class=\"elementor-widget-container\">\n\t\t\t\t\t\t\t\t\t\t\t\t<figure class=\"wp-caption\">\n\t\t\t\t\t\t\t\t\t\t<img loading=\"lazy\" decoding=\"async\" width=\"1024\" height=\"612\" src=\"https:\/\/visittartu.com\/wp-content\/uploads\/2025\/04\/naine-ja-mees-ja-koer-scaled-1-1024x612.png\" class=\"attachment-large size-large wp-image-169693\" alt=\"\" srcset=\"https:\/\/visittartu.com\/wp-content\/uploads\/2025\/04\/naine-ja-mees-ja-koer-scaled-1-1024x612.png 1024w, https:\/\/visittartu.com\/wp-content\/uploads\/2025\/04\/naine-ja-mees-ja-koer-scaled-1-300x179.png 300w, https:\/\/visittartu.com\/wp-content\/uploads\/2025\/04\/naine-ja-mees-ja-koer-scaled-1-768x459.png 768w, https:\/\/visittartu.com\/wp-content\/uploads\/2025\/04\/naine-ja-mees-ja-koer-scaled-1-1536x919.png 1536w, https:\/\/visittartu.com\/wp-content\/uploads\/2025\/04\/naine-ja-mees-ja-koer-scaled-1-2048x1225.png 2048w\" sizes=\"(max-width: 1024px) 100vw, 1024px\" \/>\t\t\t\t\t\t\t\t\t\t\t<figcaption class=\"widget-image-caption wp-caption-text\">Perekond Via Hanseatica turismimarsruudil<\/figcaption>\n\t\t\t\t\t\t\t\t\t\t<\/figure>\n\t\t\t\t\t\t\t\t\t<\/div>\n\t\t\t\t<\/div>\n\t\t\t\t<\/div>\n\t\t\t\t\t<\/div>\n\t\t\t\t<\/div>\n\t\t<div class=\"elementor-element elementor-element-932ab91 e-flex e-con-boxed e-con e-parent\" data-id=\"932ab91\" data-element_type=\"container\">\n\t\t\t\t\t<div class=\"e-con-inner\">\n\t\t<div class=\"elementor-element elementor-element-443ecb6 con-ordtxt cont e-con-full e-flex e-con e-child\" data-id=\"443ecb6\" data-element_type=\"container\" data-settings=\"{&quot;background_background&quot;:&quot;classic&quot;}\">\n\t\t\t\t<div class=\"elementor-element elementor-element-9a6c0e9 elementor-icon-list--layout-inline elementor-list-item-link-inline elementor-align-start elementor-widget elementor-widget-icon-list\" data-id=\"9a6c0e9\" data-element_type=\"widget\" data-widget_type=\"icon-list.default\">\n\t\t\t\t<div class=\"elementor-widget-container\">\n\t\t\t\t\t\t\t<ul class=\"elementor-icon-list-items elementor-inline-items\">\n\t\t\t\t\t\t\t<li class=\"elementor-icon-list-item elementor-inline-item\">\n\t\t\t\t\t\t\t\t\t\t\t<a href=\"https:\/\/visittartu.com\/et\/via-hanseatica-turismimarsruut\/\" target=\"_blank\">\n\n\t\t\t\t\t\t\t\t\t\t\t<span class=\"elementor-icon-list-text\">Loe projektist l\u00e4hemalt <i class=\"fa-solid fa-arrow-right\"><\/i><\/span>\n\t\t\t\t\t\t\t\t\t\t\t<\/a>\n\t\t\t\t\t\t\t\t\t<\/li>\n\t\t\t\t\t\t<\/ul>\n\t\t\t\t\t\t<\/div>\n\t\t\t\t<\/div>\n\t\t\t\t<\/div>\n\t\t\t\t\t<\/div>\n\t\t\t\t<\/div>\n\t\t<div class=\"elementor-element elementor-element-1d94440 e-flex e-con-boxed e-con e-parent\" data-id=\"1d94440\" data-element_type=\"container\">\n\t\t\t\t\t<div class=\"e-con-inner\">\n\t\t\t\t<div class=\"elementor-element elementor-element-c4cd2e4 elementor-widget-divider--view-line elementor-widget elementor-widget-divider\" data-id=\"c4cd2e4\" data-element_type=\"widget\" data-widget_type=\"divider.default\">\n\t\t\t\t<div class=\"elementor-widget-container\">\n\t\t\t\t\t\t\t<div class=\"elementor-divider\">\n\t\t\t<span class=\"elementor-divider-separator\">\n\t\t\t\t\t\t<\/span>\n\t\t<\/div>\n\t\t\t\t\t\t<\/div>\n\t\t\t\t<\/div>\n\t\t\t\t<div class=\"elementor-element elementor-element-1bf8a78 elementor-widget elementor-widget-heading\" data-id=\"1bf8a78\" data-element_type=\"widget\" data-widget_type=\"heading.default\">\n\t\t\t\t<div class=\"elementor-widget-container\">\n\t\t\t\t\t<h2 class=\"elementor-heading-title elementor-size-default\">Elu kahe maailma piiril<\/h2>\t\t\t\t<\/div>\n\t\t\t\t<\/div>\n\t\t\t\t\t<\/div>\n\t\t\t\t<\/div>\n\t\t<div class=\"elementor-element elementor-element-fef424b con-2col-imgtxt cont e-flex e-con-boxed e-con e-parent\" data-id=\"fef424b\" data-element_type=\"container\" data-settings=\"{&quot;background_background&quot;:&quot;classic&quot;}\">\n\t\t\t\t\t<div class=\"e-con-inner\">\n\t\t<div class=\"elementor-element elementor-element-17a0d97 e-con-full e-flex e-con e-child\" data-id=\"17a0d97\" data-element_type=\"container\">\n\t\t\t\t<div class=\"elementor-element elementor-element-7d8cd12 elementor-widget elementor-widget-video\" data-id=\"7d8cd12\" data-element_type=\"widget\" data-settings=\"{&quot;youtube_url&quot;:&quot;https:\\\/\\\/www.youtube.com\\\/watch?v=nhc9w3rt3tk&amp;t=12s&amp;ab_channel=TartumaaArendusselts&quot;,&quot;video_type&quot;:&quot;youtube&quot;,&quot;controls&quot;:&quot;yes&quot;}\" data-widget_type=\"video.default\">\n\t\t\t\t<div class=\"elementor-widget-container\">\n\t\t\t\t\t\t\t<div class=\"elementor-wrapper elementor-open-inline\">\n\t\t\t<div class=\"elementor-video\"><\/div>\t\t<\/div>\n\t\t\t\t\t\t<\/div>\n\t\t\t\t<\/div>\n\t\t\t\t<\/div>\n\t\t<div class=\"elementor-element elementor-element-61a3ae1 e-con-full e-flex e-con e-child\" data-id=\"61a3ae1\" data-element_type=\"container\">\n\t\t\t\t<div class=\"elementor-element elementor-element-cd8fc3a elementor-widget elementor-widget-text-editor\" data-id=\"cd8fc3a\" data-element_type=\"widget\" data-widget_type=\"text-editor.default\">\n\t\t\t\t<div class=\"elementor-widget-container\">\n\t\t\t\t\t\t\t\t\t<p>L\u00f5una-Eesti kuues maakonnas, nii linnades kui ka maakohtades, pu\u0308u\u0308avad r\u00e4ndajate pilku <strong>National Geographicu<\/strong> kollased aknad, mis kutsuvad tutvust tegema piirkonna rikkaliku kultuurip\u00e4randi, imelise looduse ja uuendusmeelsete ettev\u00f5tetega. Aknad pandi p\u00fcsti <strong>2013.<\/strong> aastal ja seda Hollandi kolleegide eeskujul.\u00a0<\/p><p>Tegevusi rahastasid L\u00f5una-Eesti <strong>LEADER<\/strong> tegevusgrupid ning projekti vedas<strong> Tartumaa Arendusselts<\/strong>. Esialgu paigaldati 21 kollast akent, aja jooksul lisandus neid paljudesse avastamist v\u00e4\u00e4rt paikadesse juurde.<\/p><p>Kultuuripealinna tiitliaastal v\u00e4rvusid m\u00f5ned aknad hoopis teistesse v\u00e4rvidesse ning tulevikus v\u00f5iksid k\u00f5ik aknad muutuda oma piirkonna n\u00e4gu.\u00a0<\/p>\t\t\t\t\t\t\t\t<\/div>\n\t\t\t\t<\/div>\n\t\t\t\t<\/div>\n\t\t\t\t\t<\/div>\n\t\t\t\t<\/div>\n\t\t<div class=\"elementor-element elementor-element-40d0883 e-flex e-con-boxed e-con e-parent\" data-id=\"40d0883\" data-element_type=\"container\">\n\t\t\t\t\t<div class=\"e-con-inner\">\n\t\t<div class=\"elementor-element elementor-element-1fbee59 con-ordtxt cont e-con-full e-flex e-con e-child\" data-id=\"1fbee59\" data-element_type=\"container\" data-settings=\"{&quot;background_background&quot;:&quot;classic&quot;}\">\n\t\t\t\t<div class=\"elementor-element elementor-element-cc5b3b2 elementor-icon-list--layout-inline elementor-list-item-link-inline elementor-align-start elementor-widget elementor-widget-icon-list\" data-id=\"cc5b3b2\" data-element_type=\"widget\" data-widget_type=\"icon-list.default\">\n\t\t\t\t<div class=\"elementor-widget-container\">\n\t\t\t\t\t\t\t<ul class=\"elementor-icon-list-items elementor-inline-items\">\n\t\t\t\t\t\t\t<li class=\"elementor-icon-list-item elementor-inline-item\">\n\t\t\t\t\t\t\t\t\t\t\t<a href=\"https:\/\/visitsouthestonia.com\/sihtkohad\/\" target=\"_blank\" rel=\"noopener\">\n\n\t\t\t\t\t\t\t\t\t\t\t<span class=\"elementor-icon-list-text\">Vaata aknaid  <i class=\"fa-solid fa-arrow-up-right\"><\/i><\/span>\n\t\t\t\t\t\t\t\t\t\t\t<\/a>\n\t\t\t\t\t\t\t\t\t<\/li>\n\t\t\t\t\t\t<\/ul>\n\t\t\t\t\t\t<\/div>\n\t\t\t\t<\/div>\n\t\t\t\t<\/div>\n\t\t\t\t\t<\/div>\n\t\t\t\t<\/div>\n\t\t\t\t<\/div>\n\t\t","protected":false},"excerpt":{"rendered":"<p>Projektid soodustavad koost\u00f6\u00f6d Oleme aastate jooksul ellu viinud ja osalenud v\u00e4ga paljudes ja mitmek\u00fclgsetes projektides. Nende projektide abil on arendatud nii avalikke turismiteenuseid, tehtud turundustegevusi kui ka loodud erinevaid marsruute. Suurima ulatusega on varasemalt olnud t\u00f6\u00f6s Via Hanseatica turismimarsruudiga seotud projektid, kuid osalesime ka L\u00f5una-Eesti \u00fcleses kollaste akende projektis &#8220;Elu kahe maailma piiril&#8221;. Hiljuti olime [&hellip;]<\/p>\n","protected":false},"author":14,"featured_media":169604,"parent":0,"menu_order":0,"comment_status":"closed","ping_status":"closed","template":"","meta":{"_acf_changed":false,"footnotes":""},"class_list":["post-149529","page","type-page","status-publish","has-post-thumbnail","hentry"],"acf":[],"_links":{"self":[{"href":"https:\/\/visittartu.com\/et\/wp-json\/wp\/v2\/pages\/149529","targetHints":{"allow":["GET"]}}],"collection":[{"href":"https:\/\/visittartu.com\/et\/wp-json\/wp\/v2\/pages"}],"about":[{"href":"https:\/\/visittartu.com\/et\/wp-json\/wp\/v2\/types\/page"}],"author":[{"embeddable":true,"href":"https:\/\/visittartu.com\/et\/wp-json\/wp\/v2\/users\/14"}],"replies":[{"embeddable":true,"href":"https:\/\/visittartu.com\/et\/wp-json\/wp\/v2\/comments?post=149529"}],"version-history":[{"count":5,"href":"https:\/\/visittartu.com\/et\/wp-json\/wp\/v2\/pages\/149529\/revisions"}],"predecessor-version":[{"id":236250,"href":"https:\/\/visittartu.com\/et\/wp-json\/wp\/v2\/pages\/149529\/revisions\/236250"}],"wp:featuredmedia":[{"embeddable":true,"href":"https:\/\/visittartu.com\/et\/wp-json\/wp\/v2\/media\/169604"}],"wp:attachment":[{"href":"https:\/\/visittartu.com\/et\/wp-json\/wp\/v2\/media?parent=149529"}],"curies":[{"name":"wp","href":"https:\/\/api.w.org\/{rel}","templated":true}]}}