 {"id":169840,"date":"2023-07-20T06:59:56","date_gmt":"2023-07-20T06:59:56","guid":{"rendered":"https:\/\/visittartu.com\/kontakt\/"},"modified":"2025-05-02T10:51:43","modified_gmt":"2025-05-02T10:51:43","slug":"kontakt","status":"publish","type":"page","link":"https:\/\/visittartu.com\/de\/kontakt\/","title":{"rendered":"Kontakt"},"content":{"rendered":"\t\t<div data-elementor-type=\"wp-page\" data-elementor-id=\"169840\" class=\"elementor elementor-169840 elementor-71954\" data-elementor-post-type=\"page\">\n\t\t\t\t<div class=\"elementor-element elementor-element-0f5ab58 e-flex e-con-boxed e-con e-parent\" data-id=\"0f5ab58\" data-element_type=\"container\">\n\t\t\t\t\t<div class=\"e-con-inner\">\n\t\t\t\t<div class=\"elementor-element elementor-element-07107ce elementor-widget elementor-widget-heading\" data-id=\"07107ce\" data-element_type=\"widget\" data-widget_type=\"heading.default\">\n\t\t\t\t<div class=\"elementor-widget-container\">\n\t\t\t\t\t<h2 class=\"elementor-heading-title elementor-size-default\">Touristeninformation Tartu <i class=\"fa-regular fa-circle-info\" aria-hidden=\"true\"><\/i><\/h2>\t\t\t\t<\/div>\n\t\t\t\t<\/div>\n\t\t\t\t<div class=\"elementor-element elementor-element-03d5250 elementor-widget elementor-widget-text-editor\" data-id=\"03d5250\" data-element_type=\"widget\" data-widget_type=\"text-editor.default\">\n\t\t\t\t<div class=\"elementor-widget-container\">\n\t\t\t\t\t\t\t\t\t<p><i class=\"fa-solid fa-location-dot\" aria-hidden=\"true\"><\/i> Raekoja Platz 1a, Rathaus<br \/><i class=\"fa-solid fa-clock\" aria-hidden=\"true\"><\/i> Mo 9\u201318\u00a0Uhr, Di\u2013Fr 9\u201317\u00a0Uhr<br \/><em>W\u00e4hrend der Sommersaison, 15. Mai \u2013 15. Sept.<\/em><br \/><i class=\"fa-solid fa-clock\" aria-hidden=\"true\"><\/i> <em>Mo 9\u201318\u00a0Uhr; Di\u2013Fr 9\u201317\u00a0Uhr; Sa\u2013So 10\u201316\u00a0Uhr<\/em><\/p><p><i class=\"fa-solid fa-envelope\" aria-hidden=\"true\"><\/i> info@visittartu.com<br \/><i class=\"fa-solid fa-phone-volume\" aria-hidden=\"true\"><\/i> +372 744 2111<\/p>\t\t\t\t\t\t\t\t<\/div>\n\t\t\t\t<\/div>\n\t\t\t\t<div class=\"elementor-element elementor-element-3b02e1c elementor-widget elementor-widget-text-editor\" data-id=\"3b02e1c\" data-element_type=\"widget\" data-widget_type=\"text-editor.default\">\n\t\t\t\t<div class=\"elementor-widget-container\">\n\t\t\t\t\t\t\t\t\t<p>Sowohl Einheimische als auch Besucher k\u00f6nnen in der Touristeninformation Tartu Hilfe erhalten! Am Tourismusschalter erhalten Sie kostenlose Stadt- und Regionalpl\u00e4ne sowie weitere Informationsbrosch\u00fcren. Zus\u00e4tzlich k\u00f6nnen Souvenirs, Postkarten und Briefmarken gekauft werden. In der Touristeninformation k\u00f6nnen Sie sich auch um B\u00fcrgerangelegenheiten k\u00fcmmern, Buskarten kaufen, gegen Parkstrafen Widerspruch einlegen oder Parkgenehmigungen einholen.<\/p>\t\t\t\t\t\t\t\t<\/div>\n\t\t\t\t<\/div>\n\t\t\t\t<div class=\"elementor-element elementor-element-419b921 elementor-widget elementor-widget-spacer\" data-id=\"419b921\" data-element_type=\"widget\" data-widget_type=\"spacer.default\">\n\t\t\t\t<div class=\"elementor-widget-container\">\n\t\t\t\t\t\t\t<div class=\"elementor-spacer\">\n\t\t\t<div class=\"elementor-spacer-inner\"><\/div>\n\t\t<\/div>\n\t\t\t\t\t\t<\/div>\n\t\t\t\t<\/div>\n\t\t\t\t\t<\/div>\n\t\t\t\t<\/div>\n\t\t<div class=\"elementor-element elementor-element-c068f78 e-flex e-con-boxed e-con e-parent\" data-id=\"c068f78\" data-element_type=\"container\">\n\t\t\t\t\t<div class=\"e-con-inner\">\n\t\t\t\t<div class=\"elementor-element elementor-element-aaa4455 elementor-widget elementor-widget-shortcode\" data-id=\"aaa4455\" data-element_type=\"widget\" data-widget_type=\"shortcode.default\">\n\t\t\t\t<div class=\"elementor-widget-container\">\n\t\t\t\t\t\t\t<div class=\"elementor-shortcode\"><div class=\"page-content-list shortcode-instance\" data-vt-cookie-conf=\"{&quot;post_id_set&quot;:{&quot;name&quot;:&quot;vt_fav_set&quot;,&quot;separator&quot;:&quot;|&quot;,&quot;ttl&quot;:315360000},&quot;hash&quot;:{&quot;name&quot;:&quot;vt_fav_hash&quot;,&quot;ttl&quot;:315360000}}\" data-vt-object-type=\"people\"data-load_people=\"true\" data-scid=\"f3be516396\"><div class=\"obj-grid-header-wrapper people\"><div class=\"section-filters\"><div class=\"section-filter-group\" data-filter-section=\"valdkond\"><div class=\"section-filter-item people\" data-filter-key=\"1521\" data-filter-name=\"Management\">Management<\/div><div class=\"section-filter-item people\" data-filter-key=\"1522\" data-filter-name=\"Marketing und Projekte\">Marketing und Projekte<\/div><div class=\"section-filter-item people\" data-filter-key=\"1523\" data-filter-name=\"Touristeninformation\">Touristeninformation<\/div><\/div><\/div><\/div><div class=\"obj-grid people\" data-rowcnt=\"4\" data-rowcntmbl=\"1\" data-object-count-per-load=\"12\" data-all-loaded=\"0\"><div class=\"obj-grid-item people\" data-iteration=\"1\" data-post_id=\"173210\" data-post_type=\"people\" data-domain_set=\"[1522]\" style=\"display:none;\"><div class=\"obj-grid-item-img-container\"><div class=\"img-black-overlay\"><\/div><img decoding=\"async\" src=\"https:\/\/visittartu.com\/wp-content\/uploads\/2023\/10\/Evelin-Traks-681x1024.jpg\" alt=\"evelin-traks-2\" title=\"evelin-traks-2\" \/><\/div><div class=\"obj-grid-item-container\"><h2 class=\"people-name\">Evelin Traks<\/h2><div class=\"people-position\">Tourismus-Webspezialist<\/div><div class=\"people-lang-tags\" ><div>EN<\/div><div>ET<\/div><\/div><a href=\"tel:+3725013710\" class=\"people-contact-item\"><i class=\"fa-solid fa-phone\"><\/i> +372 501 3710<\/a><a href=\"mailto:evelin.traks@visittartu.com\" class=\"people-contact-item\"><i class=\"fa-sharp fa-solid fa-envelope\"><\/i> evelin.traks@visittartu.com<\/a><\/div><\/div><div class=\"obj-grid-item people\" data-iteration=\"2\" data-post_id=\"173365\" data-post_type=\"people\" data-domain_set=\"[1522]\" style=\"display:none;\"><div class=\"obj-grid-item-img-container\"><div class=\"img-black-overlay\"><\/div><img decoding=\"async\" src=\"https:\/\/visittartu.com\/wp-content\/uploads\/2024\/03\/DSC_4278-681x1024.jpg\" alt=\"dsc_4278-2\" title=\"dsc_4278-2\" \/><\/div><div class=\"obj-grid-item-container\"><h2 class=\"people-name\">Mare-Liis Kanarik<\/h2><div class=\"people-position\">Marketingprojektmanagerin<\/div><div class=\"people-lang-tags\" ><div>EN<\/div><div>ET<\/div><\/div><a href=\"tel:+37253846945\" class=\"people-contact-item\"><i class=\"fa-solid fa-phone\"><\/i> +372 5384 6945<\/a><a href=\"mailto:mareliis.kanarik@visittartu.com\" class=\"people-contact-item\"><i class=\"fa-sharp fa-solid fa-envelope\"><\/i> mareliis.kanarik@visittartu.com<\/a><\/div><\/div><div class=\"obj-grid-item people\" data-iteration=\"3\" data-post_id=\"173684\" data-post_type=\"people\" data-domain_set=\"[1522]\" style=\"display:none;\"><div class=\"obj-grid-item-img-container\"><div class=\"img-black-overlay\"><\/div><img decoding=\"async\" src=\"https:\/\/visittartu.com\/wp-content\/uploads\/2023\/10\/DSC_1046-1-681x1024.jpg\" alt=\"dsc_1046-3\" title=\"dsc_1046-3\" \/><\/div><div class=\"obj-grid-item-container\"><h2 class=\"people-name\">Kaire Savi<\/h2><div class=\"people-position\">Marketing-Spezialistin<\/div><div class=\"people-lang-tags\" ><div>EN<\/div><div>ET<\/div><\/div><a href=\"tel:+37258838881\" class=\"people-contact-item\"><i class=\"fa-solid fa-phone\"><\/i> +372 5883 8881<\/a><a href=\"mailto:kaire.savi@visittartu.com\" class=\"people-contact-item\"><i class=\"fa-sharp fa-solid fa-envelope\"><\/i> kaire.savi@visittartu.com<\/a><\/div><\/div><div class=\"obj-grid-item people\" data-iteration=\"4\" data-post_id=\"171693\" data-post_type=\"people\" data-domain_set=\"[1522]\" style=\"display:none;\"><div class=\"obj-grid-item-img-container\"><div class=\"img-black-overlay\"><\/div><img decoding=\"async\" src=\"https:\/\/visittartu.com\/wp-content\/uploads\/2025\/05\/DSC_4456-Edit-3-683x1024.jpg\" alt=\"dsc_4456-edit-3-2\" title=\"dsc_4456-edit-3-2\" \/><\/div><div class=\"obj-grid-item-container\"><h2 class=\"people-name\">Miia Maris Praks<\/h2><div class=\"people-position\">Koordinatorin f\u00fcr nachhaltigen Tourismus<\/div><div class=\"people-lang-tags\" ><div>EN<\/div><div>ET<\/div><div>FR<\/div><\/div><a href=\"tel:+37253470939\" class=\"people-contact-item\"><i class=\"fa-solid fa-phone\"><\/i> +372 5347 0939<\/a><a href=\"mailto:miia.praks@visittartu.com\" class=\"people-contact-item\"><i class=\"fa-sharp fa-solid fa-envelope\"><\/i> miia.praks@visittartu.com<\/a><\/div><\/div><div class=\"obj-grid-item people\" data-iteration=\"5\" data-post_id=\"173211\" data-post_type=\"people\" data-domain_set=\"[1523]\" style=\"display:none;\"><div class=\"obj-grid-item-img-container\"><div class=\"img-black-overlay\"><\/div><img decoding=\"async\" src=\"https:\/\/visittartu.com\/wp-content\/uploads\/2025\/01\/DSC_4270-681x1024.jpg\" alt=\"dsc_4270\" title=\"dsc_4270\" \/><\/div><div class=\"obj-grid-item-container\"><h2 class=\"people-name\">C\u00e4rolin Angerj\u00e4rv<\/h2><div class=\"people-position\">Spezialist(in) f\u00fcr digitale Sichtbarkeit<\/div><div class=\"people-lang-tags\" ><div>EN<\/div><div>ET<\/div><\/div><a href=\"tel:+3725184055\" class=\"people-contact-item\"><i class=\"fa-solid fa-phone\"><\/i> +372 518 4055<\/a><a href=\"mailto:carolin.angerjarv@visittartu.com\" class=\"people-contact-item\"><i class=\"fa-sharp fa-solid fa-envelope\"><\/i> carolin.angerjarv@visittartu.com<\/a><\/div><\/div><div class=\"obj-grid-item people\" data-iteration=\"6\" data-post_id=\"173200\" data-post_type=\"people\" data-domain_set=\"[1522]\" style=\"display:none;\"><div class=\"obj-grid-item-img-container\"><div class=\"img-black-overlay\"><\/div><img decoding=\"async\" src=\"https:\/\/visittartu.com\/wp-content\/uploads\/2023\/10\/DSC_0525-2-683x1024.jpg\" alt=\"dsc_0525-2-2\" title=\"dsc_0525-2-2\" \/><\/div><div class=\"obj-grid-item-container\"><h2 class=\"people-name\">Maigi Lokko<\/h2><div class=\"people-position\">B2B & MICE<\/div><div class=\"people-lang-tags\" ><div>EN<\/div><div>ET<\/div><div>RU<\/div><\/div><a href=\"tel:+37254290508\" class=\"people-contact-item\"><i class=\"fa-solid fa-phone\"><\/i> +372 5429 0508<\/a><a href=\"mailto:maigi.lokko@visittartu.com\" class=\"people-contact-item\"><i class=\"fa-sharp fa-solid fa-envelope\"><\/i> maigi.lokko@visittartu.com<\/a><\/div><\/div><div class=\"obj-grid-item people\" data-iteration=\"7\" data-post_id=\"170330\" data-post_type=\"people\" data-domain_set=\"[1521]\" style=\"display:none;\"><div class=\"obj-grid-item-img-container\"><div class=\"img-black-overlay\"><\/div><img decoding=\"async\" src=\"https:\/\/visittartu.com\/wp-content\/uploads\/2023\/04\/DSC_1083-2-681x1024.jpg\" alt=\"dsc_1083-3\" title=\"dsc_1083-3\" \/><\/div><div class=\"obj-grid-item-container\"><h2 class=\"people-name\">Annika Ojasaar<\/h2><div class=\"people-position\">Leiterin f\u00fcr Tourismus<\/div><div class=\"people-lang-tags\" ><div>EN<\/div><div>ET<\/div><div>RU<\/div><\/div><a href=\"tel:+37258867883\" class=\"people-contact-item\"><i class=\"fa-solid fa-phone\"><\/i> +372 5886 7883<\/a><a href=\"mailto:annika.ojasaar@visittartu.com\" class=\"people-contact-item\"><i class=\"fa-sharp fa-solid fa-envelope\"><\/i> annika.ojasaar@visittartu.com<\/a><\/div><\/div><div class=\"obj-grid-item people\" data-iteration=\"8\" data-post_id=\"232186\" data-post_type=\"people\" data-domain_set=\"[1521, 1523]\" style=\"display:none;\"><div class=\"obj-grid-item-img-container\"><div class=\"img-black-overlay\"><\/div><\/div><div class=\"obj-grid-item-container\"><h2 class=\"people-name\">Kaisa Tipp<\/h2><div class=\"people-position\">Administrative Assistenz<\/div><div class=\"people-lang-tags\" ><div>EN<\/div><div>ET<\/div><\/div><a href=\"tel:+37253098263\" class=\"people-contact-item\"><i class=\"fa-solid fa-phone\"><\/i> +372 5309 8263<\/a><a href=\"mailto:kaisa.tipp@visittartu.com\" class=\"people-contact-item\"><i class=\"fa-sharp fa-solid fa-envelope\"><\/i> kaisa.tipp@visittartu.com<\/a><\/div><\/div><img decoding=\"async\" class=\"obj-grid-loading\" src=\"https:\/\/visittartu.com\/wp-content\/themes\/visittartu\/assets\/loading.gif\" \/><\/div><\/div><\/div>\n\t\t\t\t\t\t<\/div>\n\t\t\t\t<\/div>\n\t\t\t\t<div class=\"elementor-element elementor-element-ce8519b elementor-widget elementor-widget-spacer\" data-id=\"ce8519b\" data-element_type=\"widget\" data-widget_type=\"spacer.default\">\n\t\t\t\t<div class=\"elementor-widget-container\">\n\t\t\t\t\t\t\t<div class=\"elementor-spacer\">\n\t\t\t<div class=\"elementor-spacer-inner\"><\/div>\n\t\t<\/div>\n\t\t\t\t\t\t<\/div>\n\t\t\t\t<\/div>\n\t\t\t\t<div class=\"elementor-element elementor-element-92b5223 elementor-widget elementor-widget-heading\" data-id=\"92b5223\" data-element_type=\"widget\" data-widget_type=\"heading.default\">\n\t\t\t\t<div class=\"elementor-widget-container\">\n\t\t\t\t\t<h2 class=\"elementor-heading-title elementor-size-default\">Visit Tartu ist Teil des S\u00fcdestnischen Tourismusclusters<\/h2>\t\t\t\t<\/div>\n\t\t\t\t<\/div>\n\t\t\t\t<div class=\"elementor-element elementor-element-915a6d8 elementor-widget elementor-widget-text-editor\" data-id=\"915a6d8\" data-element_type=\"widget\" data-widget_type=\"text-editor.default\">\n\t\t\t\t<div class=\"elementor-widget-container\">\n\t\t\t\t\t\t\t\t\t<p>Unsere juristische Person, die Tourismusstiftung des Landkreises Tartu (SA Tartumaa Turism), wurde 1999 von der Stadt Tartu und dem Gemeindeverband des Landkreises Tartu gegr\u00fcndet. Ihr Zweck ist es, die Entwicklungsarbeit im Bereich Tourismus in der Stadt und im Landkreis Tartu zu koordinieren, einschlie\u00dflich der Vermarktung der Region, der Entwicklung von Tourismusprodukten, der Verbesserung des Images der Region sowie der Erfassung, Analyse und Verbreitung tourismusbezogener Informationen. Wir sind unter dem Markennamen Visit Tartu t\u00e4tig. Im Jahr 2021 wurde innerhalb der Stiftung der S\u00fcdestnische Tourismuscluster gegr\u00fcndet. 2023 wurden schlie\u00dflich alle regionalen Tourismusbesch\u00e4ftigten unter diesem Cluster zusammengefasst. Die Zusammenarbeit umfasst die Stadt und den Landkreis Tartu, die Landkreise P\u00f5lva und V\u00f5ru sowie die Gemeinden J\u00f5geva, Mustvee, Otep\u00e4\u00e4 und Valga.<\/p>\t\t\t\t\t\t\t\t<\/div>\n\t\t\t\t<\/div>\n\t\t\t\t<div class=\"elementor-element elementor-element-ca51e7e elementor-widget elementor-widget-text-editor\" data-id=\"ca51e7e\" data-element_type=\"widget\" data-widget_type=\"text-editor.default\">\n\t\t\t\t<div class=\"elementor-widget-container\">\n\t\t\t\t\t\t\t\t\t<h2>SA Tartumaa Turism<\/h2><p><strong>Adresse:<\/strong> Raekoja plats\u00a06, Tartu, Estland<br \/><strong>Reg.-Nr.:<\/strong> 90001701<br \/><strong>IBAN:<\/strong> EE242200221012304942<br \/><strong>TP-CODE:<\/strong> 446305<br \/><em>*Wir sind nicht umsatzsteuerpflichtig<\/em><\/p>\t\t\t\t\t\t\t\t<\/div>\n\t\t\t\t<\/div>\n\t\t\t\t\t<\/div>\n\t\t\t\t<\/div>\n\t\t\t\t<\/div>\n\t\t","protected":false},"excerpt":{"rendered":"<p>Touristeninformation Tartu Raekoja Platz 1a, Rathaus Mo 9\u201318\u00a0Uhr, Di\u2013Fr 9\u201317\u00a0Uhr W\u00e4hrend der Sommersaison, 15. Mai \u2013 15. Sept. Mo 9\u201318\u00a0Uhr; Di\u2013Fr 9\u201317\u00a0Uhr; Sa\u2013So 10\u201316\u00a0Uhr info@visittartu.com +372 744 2111 Sowohl Einheimische als auch Besucher k\u00f6nnen in der Touristeninformation Tartu Hilfe erhalten! Am Tourismusschalter erhalten Sie kostenlose Stadt- und Regionalpl\u00e4ne sowie weitere Informationsbrosch\u00fcren. Zus\u00e4tzlich k\u00f6nnen Souvenirs, Postkarten [&hellip;]<\/p>\n","protected":false},"author":1,"featured_media":100803,"parent":0,"menu_order":0,"comment_status":"closed","ping_status":"closed","template":"","meta":{"_acf_changed":false,"footnotes":""},"class_list":["post-169840","page","type-page","status-publish","has-post-thumbnail","hentry"],"acf":[],"_links":{"self":[{"href":"https:\/\/visittartu.com\/de\/wp-json\/wp\/v2\/pages\/169840","targetHints":{"allow":["GET"]}}],"collection":[{"href":"https:\/\/visittartu.com\/de\/wp-json\/wp\/v2\/pages"}],"about":[{"href":"https:\/\/visittartu.com\/de\/wp-json\/wp\/v2\/types\/page"}],"author":[{"embeddable":true,"href":"https:\/\/visittartu.com\/de\/wp-json\/wp\/v2\/users\/1"}],"replies":[{"embeddable":true,"href":"https:\/\/visittartu.com\/de\/wp-json\/wp\/v2\/comments?post=169840"}],"version-history":[{"count":2,"href":"https:\/\/visittartu.com\/de\/wp-json\/wp\/v2\/pages\/169840\/revisions"}],"predecessor-version":[{"id":170119,"href":"https:\/\/visittartu.com\/de\/wp-json\/wp\/v2\/pages\/169840\/revisions\/170119"}],"wp:featuredmedia":[{"embeddable":true,"href":"https:\/\/visittartu.com\/de\/wp-json\/wp\/v2\/media\/100803"}],"wp:attachment":[{"href":"https:\/\/visittartu.com\/de\/wp-json\/wp\/v2\/media?parent=169840"}],"curies":[{"name":"wp","href":"https:\/\/api.w.org\/{rel}","templated":true}]}}