 {"id":169837,"date":"2023-05-26T08:07:23","date_gmt":"2023-05-26T08:07:23","guid":{"rendered":"https:\/\/visittartu.com\/reiseleiter\/"},"modified":"2025-05-02T09:44:14","modified_gmt":"2025-05-02T09:44:14","slug":"reiseleiter","status":"publish","type":"page","link":"https:\/\/visittartu.com\/de\/reiseleiter\/","title":{"rendered":"Reiseleiter"},"content":{"rendered":"\t\t<div data-elementor-type=\"wp-page\" data-elementor-id=\"169837\" class=\"elementor elementor-169837 elementor-65846\" data-elementor-post-type=\"page\">\n\t\t\t\t<div class=\"elementor-element elementor-element-078fd91 e-flex e-con-boxed e-con e-parent\" data-id=\"078fd91\" data-element_type=\"container\">\n\t\t\t\t\t<div class=\"e-con-inner\">\n\t\t<div class=\"elementor-element elementor-element-79a45fc3 con-c2a-one cont e-con-full e-flex e-con e-child\" data-id=\"79a45fc3\" data-element_type=\"container\">\n\t\t\t\t<div class=\"elementor-element elementor-element-37777a29 elementor-widget elementor-widget-heading\" data-id=\"37777a29\" data-element_type=\"widget\" data-widget_type=\"heading.default\">\n\t\t\t\t<div class=\"elementor-widget-container\">\n\t\t\t\t\t<h2 class=\"elementor-heading-title elementor-size-default\">Eine gef\u00fchrte Tour ist eine tolle M\u00f6glichkeit, mehr zu erleben<\/h2>\t\t\t\t<\/div>\n\t\t\t\t<\/div>\n\t\t\t\t<div class=\"elementor-element elementor-element-3f7f8f73 elementor-widget elementor-widget-text-editor\" data-id=\"3f7f8f73\" data-element_type=\"widget\" data-widget_type=\"text-editor.default\">\n\t\t\t\t<div class=\"elementor-widget-container\">\n\t\t\t\t\t\t\t\t\t<p>Tartu zertifiziert seit mehreren Jahrzehnten Reisef\u00fchrer. Hier finden Sie eine Auswahl unserer anerkannten Reisef\u00fchrer. Um eine Dienstleistung zu buchen, m\u00fcssen Sie den Reiseleiter direkt kontaktieren und einen passenden Termin vereinbaren. Jeder von Tartu anerkannte Reisef\u00fchrer verf\u00fcgt \u00fcber ein Fremdenf\u00fchrerzertifikat und einen Ausweis!<\/p>\t\t\t\t\t\t\t\t<\/div>\n\t\t\t\t<\/div>\n\t\t\t\t<\/div>\n\t\t\t\t<div class=\"elementor-element elementor-element-bfb9f8c elementor-widget elementor-widget-shortcode\" data-id=\"bfb9f8c\" data-element_type=\"widget\" data-widget_type=\"shortcode.default\">\n\t\t\t\t<div class=\"elementor-widget-container\">\n\t\t\t\t\t\t\t<div class=\"elementor-shortcode\"><div class=\"page-content-list shortcode-instance\" data-vt-cookie-conf=\"{&quot;post_id_set&quot;:{&quot;name&quot;:&quot;vt_fav_set&quot;,&quot;separator&quot;:&quot;|&quot;,&quot;ttl&quot;:315360000},&quot;hash&quot;:{&quot;name&quot;:&quot;vt_fav_hash&quot;,&quot;ttl&quot;:315360000}}\" data-vt-object-type=\"vt_guide\" data-scid=\"020a859732\"><div class=\"obj-grid-header-wrapper\" data-filter-param-set='{&quot;sectionFilterSet&quot;:[&quot;vt-language&quot;,&quot;vt-topic&quot;],&quot;filter&quot;:[],&quot;hide-filter&quot;:false,&quot;hide-total&quot;:false,&quot;hide-footer&quot;:false,&quot;dataValid&quot;:true,&quot;object_type&quot;:&quot;vt_guide&quot;,&quot;object_category&quot;:&quot;&quot;,&quot;posts-per-page&quot;:&quot;16&quot;,&quot;object_type_key&quot;:&quot;guides&quot;,&quot;page&quot;:1}'><a class=\"remove-all-filters\" href=\"#\">Alle Filter entfernen<\/a><div class=\"filter-wrapper\"><h3>Auswahl verfeinern<\/h3><div class=\"filter-sort\"><div class=\"filter-select-wrapper filter\" data-section=\"vt-language\"><div class=\"filter-select-button\">Sprache w\u00e4hlen <i class=\"fa-solid fa-chevron-down\"><\/i><\/div><div class=\"filter-select-dropdown\" data-filter-section=\"vt-language\" style=\"display: none;\"><div class=\"dropdown-item\" data-filter-key=\"412\"><i class=\"fa-solid fa-square\"><\/i> EN<\/div><div class=\"dropdown-item\" data-filter-key=\"413\"><i class=\"fa-solid fa-square\"><\/i> ET<\/div><div class=\"dropdown-item\" data-filter-key=\"1515\"><i class=\"fa-solid fa-square\"><\/i> LT<\/div><div class=\"dropdown-item\" data-filter-key=\"1518\"><i class=\"fa-solid fa-square\"><\/i> IT<\/div><div class=\"dropdown-item\" data-filter-key=\"1516\"><i class=\"fa-solid fa-square\"><\/i> FI<\/div><div class=\"dropdown-item\" data-filter-key=\"1511\"><i class=\"fa-solid fa-square\"><\/i> DE<\/div><div class=\"dropdown-item\" data-filter-key=\"1517\"><i class=\"fa-solid fa-square\"><\/i> FR<\/div><div class=\"dropdown-item\" data-filter-key=\"1512\"><i class=\"fa-solid fa-square\"><\/i> DA<\/div><div class=\"dropdown-item\" data-filter-key=\"1513\"><i class=\"fa-solid fa-square\"><\/i> SV<\/div><div class=\"dropdown-item\" data-filter-key=\"1514\"><i class=\"fa-solid fa-square\"><\/i> LV<\/div><div class=\"dropdown-item\" data-filter-key=\"1519\"><i class=\"fa-solid fa-square\"><\/i> RU<\/div><\/div><\/div><\/div><\/div><\/div><div class=\"grid-total-info\">Insgesamt <div>28<\/div><\/div><div class=\"obj-grid guides\" data-rowcnt=\"4\" data-rowcntmbl=\"1\" data-object-count-per-load=\"12\" data-all-loaded=\"0\"><a href=\"#\" class=\"obj-grid-item handle-preview\" data-iteration=\"1\" data-post_id=\"170037\" data-post_type=\"vt_guide\"><div class=\"obj-grid-item-img-container\"><div class=\"img-black-overlay\"><\/div><img decoding=\"async\" src=\"https:\/\/visittartu.com\/wp-content\/uploads\/2023\/06\/Eda-Tursk-1-683x1024.jpg\" alt=\"eda-tursk-2-2\" title=\"eda-tursk-2-2\" \/><\/div><div class=\"obj-grid-item-container\"><h2>Eda Tursk<\/h2><div class=\"gi-tags\" ><div>DE<\/div><div>EN<\/div><div>ET<\/div><\/div><\/div><\/a><a href=\"#\" class=\"obj-grid-item handle-preview\" data-iteration=\"2\" data-post_id=\"170051\" data-post_type=\"vt_guide\"><div class=\"obj-grid-item-img-container\"><div class=\"img-black-overlay\"><\/div><img decoding=\"async\" src=\"https:\/\/visittartu.com\/wp-content\/uploads\/2023\/06\/Elina-Aro-Ojapelto-foto.jpg\" alt=\"samsung-digital-camera-2\" title=\"samsung-digital-camera-2\" \/><\/div><div class=\"obj-grid-item-container\"><h2>Elina Aro-Ojapelto<\/h2><div class=\"gi-tags\" ><div>EN<\/div><div>ET<\/div><div>FI<\/div><div>SV<\/div><\/div><\/div><\/a><a href=\"#\" class=\"obj-grid-item handle-preview\" data-iteration=\"3\" data-post_id=\"170036\" data-post_type=\"vt_guide\"><div class=\"obj-grid-item-img-container\"><div class=\"img-black-overlay\"><\/div><img decoding=\"async\" src=\"https:\/\/visittartu.com\/wp-content\/uploads\/2025\/02\/Epp-Tohver-683x1024.jpg\" alt=\"epp-tohver-2\" title=\"epp-tohver-2\" \/><\/div><div class=\"obj-grid-item-container\"><h2>Epp Tohver<\/h2><div class=\"gi-tags\" ><div>DE<\/div><div>ET<\/div><\/div><\/div><\/a><a href=\"#\" class=\"obj-grid-item handle-preview\" data-iteration=\"4\" data-post_id=\"170052\" data-post_type=\"vt_guide\"><div class=\"obj-grid-item-img-container\"><div class=\"img-black-overlay\"><\/div><img decoding=\"async\" src=\"https:\/\/visittartu.com\/wp-content\/uploads\/2023\/06\/Estra-Tonisson-1-1024x786.jpg\" alt=\"estra-tonisson-3-2\" title=\"estra-tonisson-3-2\" \/><\/div><div class=\"obj-grid-item-container\"><h2>Estra T\u00f5nisson<\/h2><div class=\"gi-tags\" ><div>EN<\/div><div>ET<\/div><\/div><\/div><\/a><a href=\"#\" class=\"obj-grid-item handle-preview\" data-iteration=\"5\" data-post_id=\"170024\" data-post_type=\"vt_guide\"><div class=\"obj-grid-item-img-container\"><div class=\"img-black-overlay\"><\/div><img decoding=\"async\" src=\"https:\/\/visittartu.com\/wp-content\/uploads\/2024\/04\/Eve-Liis-683x1024.jpg\" alt=\"eve-liis-2\" title=\"eve-liis-2\" \/><\/div><div class=\"obj-grid-item-container\"><h2>Eve-Liis Abroi<\/h2><div class=\"gi-tags\" ><div>EN<\/div><div>ET<\/div><\/div><\/div><\/a><a href=\"#\" class=\"obj-grid-item handle-preview\" data-iteration=\"6\" data-post_id=\"170054\" data-post_type=\"vt_guide\"><div class=\"obj-grid-item-img-container\"><div class=\"img-black-overlay\"><\/div><img decoding=\"async\" src=\"https:\/\/visittartu.com\/wp-content\/uploads\/2023\/06\/Helen-Kulvik-976x1024.jpg\" alt=\"helen-kulvik-2\" title=\"helen-kulvik-2\" \/><\/div><div class=\"obj-grid-item-container\"><h2>Helen Alum\u00e4e<\/h2><div class=\"gi-tags\" ><div>EN<\/div><div>ET<\/div><\/div><\/div><\/a><a href=\"#\" class=\"obj-grid-item handle-preview\" data-iteration=\"7\" data-post_id=\"170063\" data-post_type=\"vt_guide\"><div class=\"obj-grid-item-img-container\"><div class=\"img-black-overlay\"><\/div><img decoding=\"async\" src=\"https:\/\/visittartu.com\/wp-content\/uploads\/2023\/05\/Ilze-Salnaja-Varv-683x1024.jpg\" alt=\"ilze-salnaja-varv-2-2\" title=\"ilze-salnaja-varv-2-2\" \/><\/div><div class=\"obj-grid-item-container\"><h2>Ilze Salnaja-V\u00e4rv<\/h2><div class=\"gi-tags\" ><div>EN<\/div><div>LV<\/div><\/div><\/div><\/a><a href=\"#\" class=\"obj-grid-item handle-preview\" data-iteration=\"8\" data-post_id=\"170062\" data-post_type=\"vt_guide\"><div class=\"obj-grid-item-img-container\"><div class=\"img-black-overlay\"><\/div><img decoding=\"async\" src=\"https:\/\/visittartu.com\/wp-content\/uploads\/2023\/06\/Jelena-Karajeva-1-683x1024.jpg\" alt=\"jelena-karajeva-2-2\" title=\"jelena-karajeva-2-2\" \/><\/div><div class=\"obj-grid-item-container\"><h2>Jelena Karajeva<\/h2><div class=\"gi-tags\" ><div>RU<\/div><\/div><\/div><\/a><a href=\"#\" class=\"obj-grid-item handle-preview\" data-iteration=\"9\" data-post_id=\"170044\" data-post_type=\"vt_guide\"><div class=\"obj-grid-item-img-container\"><div class=\"img-black-overlay\"><\/div><img decoding=\"async\" src=\"https:\/\/visittartu.com\/wp-content\/uploads\/2023\/06\/Juha-Matti-Aronen-1-683x1024.jpg\" alt=\"juha-matti-aronen-2-2\" title=\"juha-matti-aronen-2-2\" \/><\/div><div class=\"obj-grid-item-container\"><h2>Juha-Matti Aronen<\/h2><div class=\"gi-tags\" ><div>FI<\/div><\/div><\/div><\/a><a href=\"#\" class=\"obj-grid-item handle-preview\" data-iteration=\"10\" data-post_id=\"170025\" data-post_type=\"vt_guide\"><div class=\"obj-grid-item-img-container\"><div class=\"img-black-overlay\"><\/div><img decoding=\"async\" src=\"https:\/\/visittartu.com\/wp-content\/uploads\/2024\/04\/dokfoto-Katrin-A-1018x1024.jpg\" alt=\"dokfoto-katrin-a-2\" title=\"dokfoto-katrin-a-2\" \/><\/div><div class=\"obj-grid-item-container\"><h2>Katrin Alekand<\/h2><div class=\"gi-tags\" ><div>ET<\/div><\/div><\/div><\/a><a href=\"#\" class=\"obj-grid-item handle-preview\" data-iteration=\"11\" data-post_id=\"170070\" data-post_type=\"vt_guide\"><div class=\"obj-grid-item-img-container\"><div class=\"img-black-overlay\"><\/div><img decoding=\"async\" src=\"https:\/\/visittartu.com\/wp-content\/uploads\/2023\/05\/Krista-Tonnov-2-683x1024.jpg\" alt=\"krista-tonnov-4-2\" title=\"krista-tonnov-4-2\" \/><\/div><div class=\"obj-grid-item-container\"><h2>Krista T\u00f5nnov<\/h2><div class=\"gi-tags\" ><div>ET<\/div><\/div><\/div><\/a><a href=\"#\" class=\"obj-grid-item handle-preview\" data-iteration=\"12\" data-post_id=\"170042\" data-post_type=\"vt_guide\"><div class=\"obj-grid-item-img-container\"><div class=\"img-black-overlay\"><\/div><img decoding=\"async\" src=\"https:\/\/visittartu.com\/wp-content\/uploads\/2023\/06\/Mullamaa_c-1.jpg\" alt=\"mullamaa_c-1-2\" title=\"mullamaa_c-1-2\" \/><\/div><div class=\"obj-grid-item-container\"><h2>Kristina Mullamaa<\/h2><div class=\"gi-tags\" ><div>EN<\/div><div>ET<\/div><div>SV<\/div><\/div><\/div><\/a><a href=\"#\" class=\"obj-grid-item handle-preview\" data-iteration=\"13\" data-post_id=\"170027\" data-post_type=\"vt_guide\"><div class=\"obj-grid-item-img-container\"><div class=\"img-black-overlay\"><\/div><img decoding=\"async\" src=\"https:\/\/visittartu.com\/wp-content\/uploads\/2023\/06\/Kulliki-Pikk.jpg\" alt=\"kulliki-pikk-6-2\" title=\"kulliki-pikk-6-2\" \/><\/div><div class=\"obj-grid-item-container\"><h2>K\u00fclliki Pikk<\/h2><div class=\"gi-tags\" ><div>ET<\/div><div>FI<\/div><\/div><\/div><\/a><a href=\"#\" class=\"obj-grid-item handle-preview\" data-iteration=\"14\" data-post_id=\"169852\" data-post_type=\"vt_guide\"><div class=\"obj-grid-item-img-container\"><div class=\"img-black-overlay\"><\/div><img decoding=\"async\" src=\"https:\/\/visittartu.com\/wp-content\/uploads\/2023\/06\/Lea-Asso-2-683x1024.jpg\" alt=\"lea-asso-10-2\" title=\"lea-asso-10-2\" \/><\/div><div class=\"obj-grid-item-container\"><h2>Lea Asso<\/h2><div class=\"gi-tags\" ><div>ET<\/div><div>FI<\/div><\/div><\/div><\/a><a href=\"#\" class=\"obj-grid-item handle-preview\" data-iteration=\"15\" data-post_id=\"170015\" data-post_type=\"vt_guide\"><div class=\"obj-grid-item-img-container\"><div class=\"img-black-overlay\"><\/div><img decoding=\"async\" src=\"https:\/\/visittartu.com\/wp-content\/uploads\/2024\/10\/Lili-Kangsepp-Puun-683x1024.jpg\" alt=\"lili-kangsepp-puun-3-2\" title=\"lili-kangsepp-puun-3-2\" \/><\/div><div class=\"obj-grid-item-container\"><h2>Lili K\u00e4ngsepp<\/h2><div class=\"gi-tags\" ><div>DE<\/div><div>ET<\/div><\/div><\/div><\/a><a href=\"#\" class=\"obj-grid-item handle-preview\" data-iteration=\"16\" data-post_id=\"170053\" data-post_type=\"vt_guide\"><div class=\"obj-grid-item-img-container\"><div class=\"img-black-overlay\"><\/div><img decoding=\"async\" src=\"https:\/\/visittartu.com\/wp-content\/uploads\/2023\/06\/Mart-Mannik-1024x768.jpg\" alt=\"dav-2\" title=\"dav-2\" \/><\/div><div class=\"obj-grid-item-container\"><h2>M\u00e4rt M\u00e4nnik<\/h2><div class=\"gi-tags\" ><div>EN<\/div><div>ET<\/div><\/div><\/div><\/a><img decoding=\"async\" class=\"obj-grid-loading\" src=\"https:\/\/visittartu.com\/wp-content\/themes\/visittartu\/assets\/loading.gif\" \/><\/div><div class=\"obj-grid-footer\"><div class=\"\"><\/div><a href=\"#\" class=\"global-btn load-more-button\">Mehr anzeigen (<div>12<\/div>)<\/a><\/div><\/div><\/div>\n\t\t\t\t\t\t<\/div>\n\t\t\t\t<\/div>\n\t\t\t\t\t<\/div>\n\t\t\t\t<\/div>\n\t\t\t\t<\/div>\n\t\t","protected":false},"excerpt":{"rendered":"<p>Eine gef\u00fchrte Tour ist eine tolle M\u00f6glichkeit, mehr zu erleben Tartu zertifiziert seit mehreren Jahrzehnten Reisef\u00fchrer. Hier finden Sie eine Auswahl unserer anerkannten Reisef\u00fchrer. Um eine Dienstleistung zu buchen, m\u00fcssen Sie den Reiseleiter direkt kontaktieren und einen passenden Termin vereinbaren. Jeder von Tartu anerkannte Reisef\u00fchrer verf\u00fcgt \u00fcber ein Fremdenf\u00fchrerzertifikat und einen Ausweis!<\/p>\n","protected":false},"author":2,"featured_media":170179,"parent":0,"menu_order":0,"comment_status":"closed","ping_status":"closed","template":"","meta":{"_acf_changed":false,"footnotes":""},"class_list":["post-169837","page","type-page","status-publish","has-post-thumbnail","hentry"],"acf":[],"_links":{"self":[{"href":"https:\/\/visittartu.com\/de\/wp-json\/wp\/v2\/pages\/169837","targetHints":{"allow":["GET"]}}],"collection":[{"href":"https:\/\/visittartu.com\/de\/wp-json\/wp\/v2\/pages"}],"about":[{"href":"https:\/\/visittartu.com\/de\/wp-json\/wp\/v2\/types\/page"}],"author":[{"embeddable":true,"href":"https:\/\/visittartu.com\/de\/wp-json\/wp\/v2\/users\/2"}],"replies":[{"embeddable":true,"href":"https:\/\/visittartu.com\/de\/wp-json\/wp\/v2\/comments?post=169837"}],"version-history":[{"count":4,"href":"https:\/\/visittartu.com\/de\/wp-json\/wp\/v2\/pages\/169837\/revisions"}],"predecessor-version":[{"id":170091,"href":"https:\/\/visittartu.com\/de\/wp-json\/wp\/v2\/pages\/169837\/revisions\/170091"}],"wp:featuredmedia":[{"embeddable":true,"href":"https:\/\/visittartu.com\/de\/wp-json\/wp\/v2\/media\/170179"}],"wp:attachment":[{"href":"https:\/\/visittartu.com\/de\/wp-json\/wp\/v2\/media?parent=169837"}],"curies":[{"name":"wp","href":"https:\/\/api.w.org\/{rel}","templated":true}]}}