 {"id":169825,"date":"2024-09-13T11:21:55","date_gmt":"2024-09-13T11:21:55","guid":{"rendered":"https:\/\/visittartu.com\/essen-trinken\/"},"modified":"2025-05-02T13:51:16","modified_gmt":"2025-05-02T13:51:16","slug":"essen-trinken","status":"publish","type":"page","link":"https:\/\/visittartu.com\/de\/essen-trinken\/","title":{"rendered":"Essen &amp; Trinken"},"content":{"rendered":"\t\t<div data-elementor-type=\"wp-page\" data-elementor-id=\"169825\" class=\"elementor elementor-169825 elementor-78906\" data-elementor-post-type=\"page\">\n\t\t\t\t<div class=\"elementor-element elementor-element-6d30f6c e-flex e-con-boxed e-con e-parent\" data-id=\"6d30f6c\" data-element_type=\"container\">\n\t\t\t\t\t<div class=\"e-con-inner\">\n\t\t\t\t<div class=\"elementor-element elementor-element-a864458 elementor-widget elementor-widget-heading\" data-id=\"a864458\" data-element_type=\"widget\" data-widget_type=\"heading.default\">\n\t\t\t\t<div class=\"elementor-widget-container\">\n\t\t\t\t\t<h2 class=\"elementor-heading-title elementor-size-default\">Tartu bietet den authentischen Geschmack S\u00fcdestlands<\/h2>\t\t\t\t<\/div>\n\t\t\t\t<\/div>\n\t\t\t\t<div class=\"elementor-element elementor-element-a6ae5fa elementor-widget elementor-widget-text-editor\" data-id=\"a6ae5fa\" data-element_type=\"widget\" data-widget_type=\"text-editor.default\">\n\t\t\t\t<div class=\"elementor-widget-container\">\n\t\t\t\t\t\t\t\t\t<p>Wo kann man in Tartu essen gehen und leckere Drinks genie\u00dfen? Die lebendige kulinarische Szene in Tartu bietet eine k\u00f6stliche Mischung aus traditionellen und modernen Gerichten. Von gem\u00fctlichen Caf\u00e9s und bezaubernden Bistros bis hin zu gehobenen Restaurants und lebhaften Bars ist f\u00fcr jeden Geschmack etwas dabei. Egal, ob Sie lokale Spezialit\u00e4ten oder internationale K\u00fcche genie\u00dfen m\u00f6chten, die Restaurants in Tartu versprechen ein unvergessliches kulinarisches Erlebnis. Entdecken Sie die einzigartige Esskultur der Stadt und genie\u00dfen Sie einen Drink an einem der vielen einladenden Orte, die das Beste von Tartu verk\u00f6rpern!<\/p>\t\t\t\t\t\t\t\t<\/div>\n\t\t\t\t<\/div>\n\t\t\t\t<div class=\"elementor-element elementor-element-cef6e14 elementor-widget elementor-widget-shortcode\" data-id=\"cef6e14\" data-element_type=\"widget\" data-widget_type=\"shortcode.default\">\n\t\t\t\t<div class=\"elementor-widget-container\">\n\t\t\t\t\t\t\t<div class=\"elementor-shortcode\"><div class=\"page-content-list shortcode-instance\" data-vt-cookie-conf=\"{&quot;post_id_set&quot;:{&quot;name&quot;:&quot;vt_fav_set&quot;,&quot;separator&quot;:&quot;|&quot;,&quot;ttl&quot;:315360000},&quot;hash&quot;:{&quot;name&quot;:&quot;vt_fav_hash&quot;,&quot;ttl&quot;:315360000}}\" data-vt-object-type=\"remote_object_ve\" data-scid=\"aa30dc0c55\"><div class=\"obj-grid-header-wrapper\" data-filter-param-set='{&quot;sectionId&quot;:[55],&quot;sectionFilterSet&quot;:[&quot;type&quot;,&quot;locations&quot;,&quot;tag&quot;],&quot;categorySet&quot;:[],&quot;tagId&quot;:[],&quot;typeSet&quot;:[],&quot;postId&quot;:[],&quot;filter&quot;:[],&quot;order&quot;:1,&quot;object_type&quot;:&quot;remote_object_ve&quot;,&quot;hide-filter&quot;:false,&quot;hide-total&quot;:false,&quot;hide-footer&quot;:false,&quot;list-type&quot;:&quot;grid&quot;,&quot;section&quot;:[&quot;catering&quot;],&quot;category&quot;:&quot;&quot;,&quot;tag&quot;:&quot;&quot;,&quot;type&quot;:&quot;&quot;,&quot;post-id&quot;:&quot;&quot;,&quot;event_range&quot;:&quot;&quot;,&quot;posts-per-page&quot;:12,&quot;posts-limit&quot;:0,&quot;option&quot;:&quot;&quot;,&quot;accessory&quot;:&quot;&quot;,&quot;page&quot;:1}'><a class=\"remove-all-filters\" href=\"#\">Alle Filter entfernen<\/a><div class=\"filter-wrapper\"><h3>Auswahl verfeinern<\/h3><div class=\"filter-sort\"><div class=\"filter-select-wrapper filter\" data-section=\"type\" data-force-single-selection=\"0\"><div class=\"filter-select-button\">Kategorie <i class=\"fa-solid fa-chevron-down\"><\/i><\/div><div class=\"filter-select-dropdown\" data-filter-section=\"type\" style=\"display: none;\"><div class=\"dropdown-item\" data-filter-key=\"yldine_toit_resto\"><i class=\"fa-solid fa-square\"><\/i> Restaurants<\/div><div class=\"dropdown-item\" data-filter-key=\"yldine_toit_kohv\"><i class=\"fa-solid fa-square\"><\/i> Caf\u00e9s<\/div><div class=\"dropdown-item\" data-filter-key=\"yldine_toit_baar\"><i class=\"fa-solid fa-square\"><\/i> Bars & Pubs<\/div><div class=\"dropdown-item\" data-filter-key=\"yldine_toit_toiduturgjavaikepood\"><i class=\"fa-solid fa-square\"><\/i> Bauernm\u00e4rkte und \u00d6kol\u00e4den<\/div><div class=\"dropdown-item\" data-filter-key=\"yldine_toit_kohalikudvaiketootjad\"><i class=\"fa-solid fa-square\"><\/i> Erlebniscatering und Workshops<\/div><div class=\"dropdown-item\" data-filter-key=\"yldine_toit_tanavatoit\"><i class=\"fa-solid fa-square\"><\/i> Fastfood & Kantinen<\/div><\/div><\/div><div class=\"filter-select-wrapper filter\" data-section=\"locations\" data-force-single-selection=\"0\"><div class=\"filter-select-button\">Ort <i class=\"fa-solid fa-chevron-down\"><\/i><\/div><div class=\"filter-select-dropdown\" data-filter-section=\"locations\" style=\"display: none;\"><div class=\"dropdown-item\" data-filter-key=\"Tartu linn\"><i class=\"fa-solid fa-square\"><\/i> Tartu linn<\/div><div class=\"dropdown-item\" data-filter-key=\"Peipsi\u00e4\u00e4re vald\"><i class=\"fa-solid fa-square\"><\/i> Peipsi\u00e4\u00e4re vald<\/div><div class=\"dropdown-item\" data-filter-key=\"Tartu vald\"><i class=\"fa-solid fa-square\"><\/i> Tartu vald<\/div><div class=\"dropdown-item\" data-filter-key=\"N\u00f5o vald\"><i class=\"fa-solid fa-square\"><\/i> N\u00f5o vald<\/div><div class=\"dropdown-item\" data-filter-key=\"Elva vald\"><i class=\"fa-solid fa-square\"><\/i> Elva vald<\/div><div class=\"dropdown-item\" data-filter-key=\"Kambja vald\"><i class=\"fa-solid fa-square\"><\/i> Kambja vald<\/div><\/div><\/div><div class=\"filter-select-wrapper filter\" data-section=\"tag\" data-force-single-selection=\"0\"><div class=\"filter-select-button\">Thema w\u00e4hlen <i class=\"fa-solid fa-chevron-down\"><\/i><\/div><div class=\"filter-select-dropdown\" data-filter-section=\"tag\" style=\"display: none;\"><div class=\"dropdown-item\" data-filter-key=\"1090\"><i class=\"fa-solid fa-square\"><\/i> Vegan<\/div><div class=\"dropdown-item\" data-filter-key=\"1102\"><i class=\"fa-solid fa-square\"><\/i> Vegetarier<\/div><div class=\"dropdown-item\" data-filter-key=\"1096\"><i class=\"fa-solid fa-square\"><\/i> Falstaff<\/div><div class=\"dropdown-item\" data-filter-key=\"1120\"><i class=\"fa-solid fa-square\"><\/i> White Guide Nordic<\/div><div class=\"dropdown-item\" data-filter-key=\"1060\"><i class=\"fa-solid fa-square\"><\/i> Familienspa\u00df<\/div><div class=\"dropdown-item\" data-filter-key=\"1132\"><i class=\"fa-solid fa-square\"><\/i> Silverspoon<\/div><div class=\"dropdown-item\" data-filter-key=\"1054\"><i class=\"fa-solid fa-square\"><\/i> Haustierfreundlich<\/div><div class=\"dropdown-item\" data-filter-key=\"1078\"><i class=\"fa-solid fa-square\"><\/i> Green Key<\/div><div class=\"dropdown-item\" data-filter-key=\"1114\"><i class=\"fa-solid fa-square\"><\/i> michelin<\/div><div class=\"dropdown-item\" data-filter-key=\"1126\"><i class=\"fa-solid fa-square\"><\/i> Gef\u00fchrte touren<\/div><div class=\"dropdown-item\" data-filter-key=\"1108\"><i class=\"fa-solid fa-square\"><\/i> Workshops<\/div><\/div><\/div><div class=\"filter-select-wrapper order\" data-section=\"order\"><div class=\"filter-select-button\">Sortiere <i class=\"fa-solid fa-chevron-down\"><\/i><\/div><div class=\"filter-select-dropdown\" style=\"display: none;\"><div class=\"dropdown-item selected\" data-order-key=\"1\"><i class=\"fa-solid fa-square-check\"><\/i> Populaarsus<\/div><div class=\"dropdown-item\" data-order-key=\"2\"><i class=\"fa-solid fa-square-check\"><\/i> A-Y<\/div><\/div><\/div><\/div><\/div><\/div><div class=\"grid-total-info\">Insgesamt <div>94<\/div><\/div><div class=\"obj-grid\" data-rowcnt=\"4\" data-rowcntmbl=\"1\" data-object-count-per-load=\"12\" data-all-loaded=\"0\"><a href=\"https:\/\/visittartu.com\/de\/objekt\/kneipe-pahad-poisid\/\" class=\"obj-grid-item handle-preview\" data-iteration=\"1\" data-post_id=\"221222\" data-post_type=\"remote_object_ve\"><div class=\"obj-grid-item-img-container\"><div class=\"img-black-overlay\"><\/div><img fetchpriority=\"high\" decoding=\"async\" width=\"1024\" height=\"512\" src=\"https:\/\/visittartu.com\/wp-content\/uploads\/ve\/2025\/10\/Pahad-poisid-oues-1024x512.jpg\" class=\"attachment-large size-large wp-post-image\" alt=\"Pahad Poisid (Bad Boys) Pub\" srcset=\"https:\/\/visittartu.com\/wp-content\/uploads\/ve\/2025\/10\/Pahad-poisid-oues-1024x512.jpg 1024w, https:\/\/visittartu.com\/wp-content\/uploads\/ve\/2025\/10\/Pahad-poisid-oues-300x150.jpg 300w, https:\/\/visittartu.com\/wp-content\/uploads\/ve\/2025\/10\/Pahad-poisid-oues-768x384.jpg 768w, https:\/\/visittartu.com\/wp-content\/uploads\/ve\/2025\/10\/Pahad-poisid-oues-1536x768.jpg 1536w, https:\/\/visittartu.com\/wp-content\/uploads\/ve\/2025\/10\/Pahad-poisid-oues.jpg 1600w\" sizes=\"(max-width: 1024px) 100vw, 1024px\" \/><\/div><div class=\"obj-grid-item-container\"><h2>Kneipe Pahad Poisid<\/h2><div class=\"meta-info\">Bars & Pubs<\/div><\/div><\/a><a href=\"https:\/\/visittartu.com\/de\/objekt\/kasehof-laden-von-andre\/\" class=\"obj-grid-item handle-preview\" data-iteration=\"2\" data-post_id=\"221342\" data-post_type=\"remote_object_ve\"><div class=\"obj-grid-item-img-container\"><div class=\"img-black-overlay\"><\/div><img decoding=\"async\" width=\"1024\" height=\"512\" src=\"https:\/\/visittartu.com\/wp-content\/uploads\/ve\/2025\/10\/Andre-farmi-pood-1024x512.jpg\" class=\"attachment-large size-large wp-post-image\" alt=\"Andre Cheese Farm Shop\" srcset=\"https:\/\/visittartu.com\/wp-content\/uploads\/ve\/2025\/10\/Andre-farmi-pood-1024x512.jpg 1024w, https:\/\/visittartu.com\/wp-content\/uploads\/ve\/2025\/10\/Andre-farmi-pood-300x150.jpg 300w, https:\/\/visittartu.com\/wp-content\/uploads\/ve\/2025\/10\/Andre-farmi-pood-768x384.jpg 768w, https:\/\/visittartu.com\/wp-content\/uploads\/ve\/2025\/10\/Andre-farmi-pood-1536x768.jpg 1536w, https:\/\/visittartu.com\/wp-content\/uploads\/ve\/2025\/10\/Andre-farmi-pood.jpg 1600w\" sizes=\"(max-width: 1024px) 100vw, 1024px\" \/><\/div><div class=\"obj-grid-item-container\"><h2>K\u00e4sehof-Laden von Andre<\/h2><div class=\"meta-info\">Bauernm\u00e4rkte und \u00d6kol\u00e4den<\/div><\/div><\/a><a href=\"https:\/\/visittartu.com\/de\/objekt\/die-bar-ula\/\" class=\"obj-grid-item handle-preview\" data-iteration=\"3\" data-post_id=\"221887\" data-post_type=\"remote_object_ve\"><div class=\"obj-grid-item-img-container\"><div class=\"img-black-overlay\"><\/div><img decoding=\"async\" width=\"1024\" height=\"427\" src=\"https:\/\/visittartu.com\/wp-content\/uploads\/ve\/2025\/10\/ULA_garden_visit_estonia-1024x427.jpg\" class=\"attachment-large size-large wp-post-image\" alt=\"ULA bar\" srcset=\"https:\/\/visittartu.com\/wp-content\/uploads\/ve\/2025\/10\/ULA_garden_visit_estonia-1024x427.jpg 1024w, https:\/\/visittartu.com\/wp-content\/uploads\/ve\/2025\/10\/ULA_garden_visit_estonia-300x125.jpg 300w, https:\/\/visittartu.com\/wp-content\/uploads\/ve\/2025\/10\/ULA_garden_visit_estonia-768x320.jpg 768w, https:\/\/visittartu.com\/wp-content\/uploads\/ve\/2025\/10\/ULA_garden_visit_estonia-1536x640.jpg 1536w, https:\/\/visittartu.com\/wp-content\/uploads\/ve\/2025\/10\/ULA_garden_visit_estonia.jpg 1920w\" sizes=\"(max-width: 1024px) 100vw, 1024px\" \/><\/div><div class=\"obj-grid-item-container\"><h2>Die Bar ULA<\/h2><div class=\"meta-info\">Bars & Pubs<\/div><\/div><\/a><a href=\"https:\/\/visittartu.com\/de\/objekt\/sportbar-lucky-loore\/\" class=\"obj-grid-item handle-preview\" data-iteration=\"4\" data-post_id=\"221942\" data-post_type=\"remote_object_ve\"><div class=\"obj-grid-item-img-container\"><div class=\"img-black-overlay\"><\/div><img loading=\"lazy\" decoding=\"async\" width=\"1024\" height=\"512\" src=\"https:\/\/visittartu.com\/wp-content\/uploads\/ve\/2025\/10\/luckyloore-games-darts-vr-snooker-visit-tartu-visit-estonia7-1024x512.jpg\" class=\"attachment-large size-large wp-post-image\" alt=\"Lucky Loore sports bar&#039;s pool hall\" srcset=\"https:\/\/visittartu.com\/wp-content\/uploads\/ve\/2025\/10\/luckyloore-games-darts-vr-snooker-visit-tartu-visit-estonia7-1024x512.jpg 1024w, https:\/\/visittartu.com\/wp-content\/uploads\/ve\/2025\/10\/luckyloore-games-darts-vr-snooker-visit-tartu-visit-estonia7-300x150.jpg 300w, https:\/\/visittartu.com\/wp-content\/uploads\/ve\/2025\/10\/luckyloore-games-darts-vr-snooker-visit-tartu-visit-estonia7-768x384.jpg 768w, https:\/\/visittartu.com\/wp-content\/uploads\/ve\/2025\/10\/luckyloore-games-darts-vr-snooker-visit-tartu-visit-estonia7-1536x768.jpg 1536w, https:\/\/visittartu.com\/wp-content\/uploads\/ve\/2025\/10\/luckyloore-games-darts-vr-snooker-visit-tartu-visit-estonia7.jpg 1600w\" sizes=\"(max-width: 1024px) 100vw, 1024px\" \/><\/div><div class=\"obj-grid-item-container\"><h2>Sportbar Lucky Loore<\/h2><div class=\"meta-info\">Bars & Pubs<\/div><\/div><\/a><a href=\"https:\/\/visittartu.com\/de\/objekt\/die-weinbar-vein-ja-vine\/\" class=\"obj-grid-item handle-preview\" data-iteration=\"5\" data-post_id=\"224325\" data-post_type=\"remote_object_ve\"><div class=\"obj-grid-item-img-container\"><div class=\"img-black-overlay\"><\/div><img loading=\"lazy\" decoding=\"async\" width=\"1000\" height=\"667\" src=\"https:\/\/visittartu.com\/wp-content\/uploads\/ve\/2025\/11\/vein-ja-vine-cultura-vine-bar-visit-tartu-visit-estonia.jpg\" class=\"attachment-large size-large wp-post-image\" alt=\"Wine bar Vein ja Vine\" srcset=\"https:\/\/visittartu.com\/wp-content\/uploads\/ve\/2025\/11\/vein-ja-vine-cultura-vine-bar-visit-tartu-visit-estonia.jpg 1000w, https:\/\/visittartu.com\/wp-content\/uploads\/ve\/2025\/11\/vein-ja-vine-cultura-vine-bar-visit-tartu-visit-estonia-300x200.jpg 300w, https:\/\/visittartu.com\/wp-content\/uploads\/ve\/2025\/11\/vein-ja-vine-cultura-vine-bar-visit-tartu-visit-estonia-768x512.jpg 768w\" sizes=\"(max-width: 1000px) 100vw, 1000px\" \/><\/div><div class=\"obj-grid-item-container\"><h2>Die Weinbar Vein ja Vine<\/h2><div class=\"meta-info\">Bars & Pubs<\/div><\/div><\/a><a href=\"https:\/\/visittartu.com\/de\/objekt\/bistro-humal\/\" class=\"obj-grid-item handle-preview\" data-iteration=\"6\" data-post_id=\"224725\" data-post_type=\"remote_object_ve\"><div class=\"obj-grid-item-img-container\"><div class=\"img-black-overlay\"><\/div><img loading=\"lazy\" decoding=\"async\" width=\"683\" height=\"1024\" src=\"https:\/\/visittartu.com\/wp-content\/uploads\/ve\/2025\/10\/restoran-humal-026-visit-estonia-683x1024.jpg\" class=\"attachment-large size-large wp-post-image\" alt=\"Humal BISTRO bar in central Tartu\" srcset=\"https:\/\/visittartu.com\/wp-content\/uploads\/ve\/2025\/10\/restoran-humal-026-visit-estonia-683x1024.jpg 683w, https:\/\/visittartu.com\/wp-content\/uploads\/ve\/2025\/10\/restoran-humal-026-visit-estonia-200x300.jpg 200w, https:\/\/visittartu.com\/wp-content\/uploads\/ve\/2025\/10\/restoran-humal-026-visit-estonia-768x1152.jpg 768w, https:\/\/visittartu.com\/wp-content\/uploads\/ve\/2025\/10\/restoran-humal-026-visit-estonia-1024x1536.jpg 1024w, https:\/\/visittartu.com\/wp-content\/uploads\/ve\/2025\/10\/restoran-humal-026-visit-estonia.jpg 1365w\" sizes=\"(max-width: 683px) 100vw, 683px\" \/><div class=\"gi-tags\" ><div class=\"gi-tags-wrapper\" ><div>Green Key<\/div><div>Haustierfreundlich<\/div><div>Vegetarier<\/div><\/div><\/div><\/div><div class=\"obj-grid-item-container\"><h2>Bistro Humal<\/h2><div class=\"meta-info\">Restaurants<\/div><\/div><\/a><a href=\"https:\/\/visittartu.com\/de\/objekt\/workshop-zur-herstellung-von-ivan-tsai\/\" class=\"obj-grid-item handle-preview\" data-iteration=\"7\" data-post_id=\"225006\" data-post_type=\"remote_object_ve\"><div class=\"obj-grid-item-img-container\"><div class=\"img-black-overlay\"><\/div><img loading=\"lazy\" decoding=\"async\" width=\"1024\" height=\"512\" src=\"https:\/\/visittartu.com\/wp-content\/uploads\/ve\/2025\/11\/alatskivi-moisamaitsed-kella-viie-tee-vine-degustating-alatskivi-castle-visit-tartu-visit-estonia-2-kohandatud-2-1024x512.jpg\" class=\"attachment-large size-large wp-post-image\" alt=\"Ivan Chai Workshop\" srcset=\"https:\/\/visittartu.com\/wp-content\/uploads\/ve\/2025\/11\/alatskivi-moisamaitsed-kella-viie-tee-vine-degustating-alatskivi-castle-visit-tartu-visit-estonia-2-kohandatud-2-1024x512.jpg 1024w, https:\/\/visittartu.com\/wp-content\/uploads\/ve\/2025\/11\/alatskivi-moisamaitsed-kella-viie-tee-vine-degustating-alatskivi-castle-visit-tartu-visit-estonia-2-kohandatud-2-300x150.jpg 300w, https:\/\/visittartu.com\/wp-content\/uploads\/ve\/2025\/11\/alatskivi-moisamaitsed-kella-viie-tee-vine-degustating-alatskivi-castle-visit-tartu-visit-estonia-2-kohandatud-2-768x384.jpg 768w, https:\/\/visittartu.com\/wp-content\/uploads\/ve\/2025\/11\/alatskivi-moisamaitsed-kella-viie-tee-vine-degustating-alatskivi-castle-visit-tartu-visit-estonia-2-kohandatud-2-1536x768.jpg 1536w, https:\/\/visittartu.com\/wp-content\/uploads\/ve\/2025\/11\/alatskivi-moisamaitsed-kella-viie-tee-vine-degustating-alatskivi-castle-visit-tartu-visit-estonia-2-kohandatud-2.jpg 1600w\" sizes=\"(max-width: 1024px) 100vw, 1024px\" \/><\/div><div class=\"obj-grid-item-container\"><h2>Workshop zur Herstellung von Ivan T\u0161ai<\/h2><div class=\"meta-info\">Erlebniscatering und Workshops<\/div><\/div><\/a><a href=\"https:\/\/visittartu.com\/de\/objekt\/funfuhrtee-des-gutshofgeschmacks-hirschgartens-in-alatskivi\/\" class=\"obj-grid-item handle-preview\" data-iteration=\"8\" data-post_id=\"225046\" data-post_type=\"remote_object_ve\"><div class=\"obj-grid-item-img-container\"><div class=\"img-black-overlay\"><\/div><img loading=\"lazy\" decoding=\"async\" width=\"1024\" height=\"427\" src=\"https:\/\/visittartu.com\/wp-content\/uploads\/ve\/2025\/11\/SLI0107-1024x427.jpg\" class=\"attachment-large size-large wp-post-image\" alt=\"Afternoon tea in Hirveaia at Alatskivi\" srcset=\"https:\/\/visittartu.com\/wp-content\/uploads\/ve\/2025\/11\/SLI0107-1024x427.jpg 1024w, https:\/\/visittartu.com\/wp-content\/uploads\/ve\/2025\/11\/SLI0107-300x125.jpg 300w, https:\/\/visittartu.com\/wp-content\/uploads\/ve\/2025\/11\/SLI0107-768x320.jpg 768w, https:\/\/visittartu.com\/wp-content\/uploads\/ve\/2025\/11\/SLI0107-1536x640.jpg 1536w, https:\/\/visittartu.com\/wp-content\/uploads\/ve\/2025\/11\/SLI0107.jpg 1920w\" sizes=\"(max-width: 1024px) 100vw, 1024px\" \/><\/div><div class=\"obj-grid-item-container\"><h2>F\u00fcnfuhrtee des Gutshofgeschmacks-Hirschgartens in Alatskivi<\/h2><div class=\"meta-info\">Erlebniscatering und Workshops<\/div><\/div><\/a><a href=\"https:\/\/visittartu.com\/de\/objekt\/workshop-fur-zubereitung-von-speisen-aus-wildkrautern\/\" class=\"obj-grid-item handle-preview\" data-iteration=\"9\" data-post_id=\"225901\" data-post_type=\"remote_object_ve\"><div class=\"obj-grid-item-img-container\"><div class=\"img-black-overlay\"><\/div><img loading=\"lazy\" decoding=\"async\" width=\"1024\" height=\"427\" src=\"https:\/\/visittartu.com\/wp-content\/uploads\/ve\/2023\/03\/triinu-toidumaailm-food-workshops-modern-Estonian-cuisine-visit-tartu-visit-estonia-1-1024x427.jpg\" class=\"attachment-large size-large wp-post-image\" alt=\"Triin Muiste: weeds for food workshop\" srcset=\"https:\/\/visittartu.com\/wp-content\/uploads\/ve\/2023\/03\/triinu-toidumaailm-food-workshops-modern-Estonian-cuisine-visit-tartu-visit-estonia-1-1024x427.jpg 1024w, https:\/\/visittartu.com\/wp-content\/uploads\/ve\/2023\/03\/triinu-toidumaailm-food-workshops-modern-Estonian-cuisine-visit-tartu-visit-estonia-1-300x125.jpg 300w, https:\/\/visittartu.com\/wp-content\/uploads\/ve\/2023\/03\/triinu-toidumaailm-food-workshops-modern-Estonian-cuisine-visit-tartu-visit-estonia-1-768x320.jpg 768w, https:\/\/visittartu.com\/wp-content\/uploads\/ve\/2023\/03\/triinu-toidumaailm-food-workshops-modern-Estonian-cuisine-visit-tartu-visit-estonia-1-1536x640.jpg 1536w, https:\/\/visittartu.com\/wp-content\/uploads\/ve\/2023\/03\/triinu-toidumaailm-food-workshops-modern-Estonian-cuisine-visit-tartu-visit-estonia-1.jpg 1920w\" sizes=\"(max-width: 1024px) 100vw, 1024px\" \/><\/div><div class=\"obj-grid-item-container\"><h2>Workshop f\u00fcr Zubereitung von Speisen aus Wildkr\u00e4utern<\/h2><div class=\"meta-info\">Erlebniscatering und Workshops<\/div><\/div><\/a><a href=\"https:\/\/visittartu.com\/de\/objekt\/restaurant-pooripaev\/\" class=\"obj-grid-item handle-preview\" data-iteration=\"10\" data-post_id=\"226130\" data-post_type=\"remote_object_ve\"><div class=\"obj-grid-item-img-container\"><div class=\"img-black-overlay\"><\/div><img loading=\"lazy\" decoding=\"async\" width=\"1024\" height=\"431\" src=\"https:\/\/visittartu.com\/wp-content\/uploads\/ve\/2023\/03\/bv0091-1024x431.jpg\" class=\"attachment-large size-large wp-post-image\" alt=\"Estonian National Museum restaurant P\u00f6\u00f6rip\u00e4ev\" srcset=\"https:\/\/visittartu.com\/wp-content\/uploads\/ve\/2023\/03\/bv0091-1024x431.jpg 1024w, https:\/\/visittartu.com\/wp-content\/uploads\/ve\/2023\/03\/bv0091-300x126.jpg 300w, https:\/\/visittartu.com\/wp-content\/uploads\/ve\/2023\/03\/bv0091-768x323.jpg 768w, https:\/\/visittartu.com\/wp-content\/uploads\/ve\/2023\/03\/bv0091-1536x647.jpg 1536w, https:\/\/visittartu.com\/wp-content\/uploads\/ve\/2023\/03\/bv0091.jpg 1900w\" sizes=\"(max-width: 1024px) 100vw, 1024px\" \/><div class=\"gi-tags\" ><div class=\"gi-tags-wrapper\" ><div>Vegetarier<\/div><\/div><\/div><\/div><div class=\"obj-grid-item-container\"><h2>Restaurant P\u00f6\u00f6rip\u00e4ev<\/h2><div class=\"meta-info\">Restaurants<\/div><\/div><\/a><a href=\"https:\/\/visittartu.com\/de\/objekt\/cruffin-auf-dem-rathausplatz-in-tartu\/\" class=\"obj-grid-item handle-preview\" data-iteration=\"11\" data-post_id=\"226172\" data-post_type=\"remote_object_ve\"><div class=\"obj-grid-item-img-container\"><div class=\"img-black-overlay\"><\/div><img loading=\"lazy\" decoding=\"async\" width=\"1024\" height=\"768\" src=\"https:\/\/visittartu.com\/wp-content\/uploads\/ve\/2025\/10\/cruffin-pagarikoda-004-visit-estonia-1024x768.jpg\" class=\"attachment-large size-large wp-post-image\" alt=\"Cruffin&#039;s diverse selection of pastries on Tartu&#039;s Town Hall Square\" srcset=\"https:\/\/visittartu.com\/wp-content\/uploads\/ve\/2025\/10\/cruffin-pagarikoda-004-visit-estonia-1024x768.jpg 1024w, https:\/\/visittartu.com\/wp-content\/uploads\/ve\/2025\/10\/cruffin-pagarikoda-004-visit-estonia-300x225.jpg 300w, https:\/\/visittartu.com\/wp-content\/uploads\/ve\/2025\/10\/cruffin-pagarikoda-004-visit-estonia-768x576.jpg 768w, https:\/\/visittartu.com\/wp-content\/uploads\/ve\/2025\/10\/cruffin-pagarikoda-004-visit-estonia-1536x1152.jpg 1536w, https:\/\/visittartu.com\/wp-content\/uploads\/ve\/2025\/10\/cruffin-pagarikoda-004-visit-estonia-2048x1536.jpg 2048w\" sizes=\"(max-width: 1024px) 100vw, 1024px\" \/><\/div><div class=\"obj-grid-item-container\"><h2>Cruffin auf dem Rathausplatz in Tartu<\/h2><div class=\"meta-info\">Caf\u00e9s<\/div><\/div><\/a><a href=\"https:\/\/visittartu.com\/de\/objekt\/restaurant-pazzo\/\" class=\"obj-grid-item handle-preview\" data-iteration=\"12\" data-post_id=\"226176\" data-post_type=\"remote_object_ve\"><div class=\"obj-grid-item-img-container\"><div class=\"img-black-overlay\"><\/div><img loading=\"lazy\" decoding=\"async\" width=\"1024\" height=\"683\" src=\"https:\/\/visittartu.com\/wp-content\/uploads\/ve\/2025\/10\/restoran-pazzo-003-visit-estonia-1024x683.jpg\" class=\"attachment-large size-large wp-post-image\" alt=\"Elegant restaurant interior design at Pazzo in Tartu, wooden details\" srcset=\"https:\/\/visittartu.com\/wp-content\/uploads\/ve\/2025\/10\/restoran-pazzo-003-visit-estonia-1024x683.jpg 1024w, https:\/\/visittartu.com\/wp-content\/uploads\/ve\/2025\/10\/restoran-pazzo-003-visit-estonia-300x200.jpg 300w, https:\/\/visittartu.com\/wp-content\/uploads\/ve\/2025\/10\/restoran-pazzo-003-visit-estonia-768x512.jpg 768w, https:\/\/visittartu.com\/wp-content\/uploads\/ve\/2025\/10\/restoran-pazzo-003-visit-estonia-1536x1024.jpg 1536w, https:\/\/visittartu.com\/wp-content\/uploads\/ve\/2025\/10\/restoran-pazzo-003-visit-estonia.jpg 2048w\" sizes=\"(max-width: 1024px) 100vw, 1024px\" \/><div class=\"gi-tags\" ><div class=\"gi-tags-wrapper\" ><div>Familienspa\u00df<\/div><div>Vegetarier<\/div><\/div><\/div><\/div><div class=\"obj-grid-item-container\"><h2>Restaurant Pazzo<\/h2><div class=\"meta-info\">Restaurants<\/div><\/div><\/a><img decoding=\"async\" class=\"obj-grid-loading\" src=\"https:\/\/visittartu.com\/wp-content\/themes\/visittartu\/assets\/loading.gif\" \/><\/div><div class=\"obj-grid-footer\"><div class=\"\"><\/div><a href=\"#\" class=\"global-btn load-more-button\">Mehr anzeigen (<div>82<\/div>)<\/a><\/div><\/div><\/div>\n\t\t\t\t\t\t<\/div>\n\t\t\t\t<\/div>\n\t\t\t\t\t<\/div>\n\t\t\t\t<\/div>\n\t\t\t\t<\/div>\n\t\t","protected":false},"excerpt":{"rendered":"<p>Tartu bietet den authentischen Geschmack S\u00fcdestlands Wo kann man in Tartu essen gehen und leckere Drinks genie\u00dfen? Die lebendige kulinarische Szene in Tartu bietet eine k\u00f6stliche Mischung aus traditionellen und modernen Gerichten. Von gem\u00fctlichen Caf\u00e9s und bezaubernden Bistros bis hin zu gehobenen Restaurants und lebhaften Bars ist f\u00fcr jeden Geschmack etwas dabei. Egal, ob Sie [&hellip;]<\/p>\n","protected":false},"author":2,"featured_media":146842,"parent":0,"menu_order":0,"comment_status":"closed","ping_status":"closed","template":"","meta":{"_acf_changed":false,"footnotes":""},"class_list":["post-169825","page","type-page","status-publish","has-post-thumbnail","hentry"],"acf":[],"_links":{"self":[{"href":"https:\/\/visittartu.com\/de\/wp-json\/wp\/v2\/pages\/169825","targetHints":{"allow":["GET"]}}],"collection":[{"href":"https:\/\/visittartu.com\/de\/wp-json\/wp\/v2\/pages"}],"about":[{"href":"https:\/\/visittartu.com\/de\/wp-json\/wp\/v2\/types\/page"}],"author":[{"embeddable":true,"href":"https:\/\/visittartu.com\/de\/wp-json\/wp\/v2\/users\/2"}],"replies":[{"embeddable":true,"href":"https:\/\/visittartu.com\/de\/wp-json\/wp\/v2\/comments?post=169825"}],"version-history":[{"count":5,"href":"https:\/\/visittartu.com\/de\/wp-json\/wp\/v2\/pages\/169825\/revisions"}],"predecessor-version":[{"id":170320,"href":"https:\/\/visittartu.com\/de\/wp-json\/wp\/v2\/pages\/169825\/revisions\/170320"}],"wp:featuredmedia":[{"embeddable":true,"href":"https:\/\/visittartu.com\/de\/wp-json\/wp\/v2\/media\/146842"}],"wp:attachment":[{"href":"https:\/\/visittartu.com\/de\/wp-json\/wp\/v2\/media?parent=169825"}],"curies":[{"name":"wp","href":"https:\/\/api.w.org\/{rel}","templated":true}]}}